{"id":39423,"date":"2024-06-12T22:24:12","date_gmt":"2024-06-12T19:24:12","guid":{"rendered":"https:\/\/hookahshop.lt\/?post_type=product&#038;p=39423"},"modified":"2026-04-15T12:29:41","modified_gmt":"2026-04-15T09:29:41","slug":"vienkartiniai-kandikliai-kaljanui-spalvoti-6cm-100vnt","status":"publish","type":"product","link":"https:\/\/hookahshop.lt\/et\/toode\/uhekordsed-huulikud-piibuvarvilised-6cm-100tk\/","title":{"rendered":"\u00dchekordsed huulikud vesipiibu jaoks v\u00e4rvilised 6cm 100 tk"},"content":{"rendered":"<h2>\u00dchekordsed huulikud vesipiibu jaoks v\u00e4rvilised 6cm 100 tk<\/h2>\n<p>M\u00f5eldud t\u00e4iendavaks kinnitamiseks vesipiibu huuliku k\u00fclge h\u00fcgieeniliseks kasutamiseks.<\/p>\n<p><strong>Omadused:<\/strong><br \/>\nPikkus: 6 cm<br \/>\nV\u00e4rv: erinevad v\u00e4rvid<br \/>\nKogus pakendis: 100tk<\/p>\n<p>Kas teil on k\u00fcsimusi? v\u00f5ta meiega \u00fchendust\u00a0<a href=\"https:\/\/hookahshop.lt\/et\/kontaktid\/\">kontaktide leht<\/a>\u00a0v\u00f5i saatke meile e-kiri aadressil\u00a0<a href=\"https:\/\/facebook.com\/HookahShop.lt\/\" target=\"_blank\" rel=\"noopener noreferrer\">Facebooki konto<\/a>\u00a0ja vastame teie taotlusele samal p\u00e4eval.<\/p>\n<p>&nbsp;<\/p>","protected":false},"excerpt":{"rendered":"<p>\u00dchekordsed vesipiibu huulikud, v\u00e4rvilised 6 cm, 100 tk. M\u00f5eldud h\u00fcgieeniliseks kasutamiseks vesipiibu huuliku k\u00fclge t\u00e4iendavalt kinnitamiseks. Omadused: Pikkus: 6 cm V\u00e4rvus: erinevad v\u00e4rvid Kogus pakendis: 100 tk Kas teil on k\u00fcsimusi? V\u00f5tke meiega \u00fchendust kontaktide lehel v\u00f5i kirjutage meile Facebookis ja me vastame teie p\u00e4ringule samal p\u00e4eval. &nbsp;<\/p>","protected":false},"featured_media":39424,"comment_status":"open","ping_status":"closed","template":"","meta":[],"_links":{"self":[{"href":"https:\/\/hookahshop.lt\/et\/wp-json\/wp\/v2\/product\/39423"}],"collection":[{"href":"https:\/\/hookahshop.lt\/et\/wp-json\/wp\/v2\/product"}],"about":[{"href":"https:\/\/hookahshop.lt\/et\/wp-json\/wp\/v2\/types\/product"}],"replies":[{"embeddable":true,"href":"https:\/\/hookahshop.lt\/et\/wp-json\/wp\/v2\/comments?post=39423"}],"version-history":[{"count":4,"href":"https:\/\/hookahshop.lt\/et\/wp-json\/wp\/v2\/product\/39423\/revisions"}],"predecessor-version":[{"id":42960,"href":"https:\/\/hookahshop.lt\/et\/wp-json\/wp\/v2\/product\/39423\/revisions\/42960"}],"wp:featuredmedia":[{"embeddable":true,"href":"https:\/\/hookahshop.lt\/et\/wp-json\/wp\/v2\/media\/39424"}],"wp:attachment":[{"href":"https:\/\/hookahshop.lt\/et\/wp-json\/wp\/v2\/media?parent=39423"}],"curies":[{"name":"wp","href":"https:\/\/api.w.org\/{rel}","templated":true}]}}