{"id":39441,"date":"2024-06-16T21:56:15","date_gmt":"2024-06-16T18:56:15","guid":{"rendered":"https:\/\/hookahshop.lt\/?post_type=product&#038;p=39441"},"modified":"2026-04-06T23:29:36","modified_gmt":"2026-04-06T20:29:36","slug":"sepetys-kaljano-kolbai-violet-40cm","status":"publish","type":"product","link":"https:\/\/hookahshop.lt\/et\/toode\/sepetis-vesipiip-kolvid-violetsed-40cm\/","title":{"rendered":"Pintsel vesipiibu kolvi jaoks Violetne 40cm"},"content":{"rendered":"<h2>Pintsel vesipiibu kolvi jaoks Violetne 40cm<\/h2>\n<p>Soovitatav on kasutada koos puhastusvahenditega. J\u00f5uab k\u00e4tte ja aitab puhastada k\u00f5ik mustused. Et oleks mugavam suitsetada ja et vesipiip kauem vastu peaks, tuleb seda korralikult pesta.<br \/>\nKolbihari eemaldab v\u00e4ikesed osakesed ja setted, mis v\u00f5ivad kolbi j\u00e4\u00e4da, v\u00f5imaldades samal ajal valgusel paista.<\/p>\n<p><strong>Omadused:<\/strong><br \/>\nHarja pikkus: 40 cm<br \/>\nHarjaste pikkus: 18 cm<br \/>\nHarjaste laius: 11 cm<br \/>\nK\u00e4epideme pikkus: 12 cm<br \/>\nK\u00e4epide: plastik<br \/>\nKaal: umbes 70 g.<\/p>\n<p>Kas teil on k\u00fcsimusi? v\u00f5ta meiega \u00fchendust\u00a0<a href=\"https:\/\/hookahshop.lt\/et\/kontaktid\/\">kontaktide leht<\/a>\u00a0v\u00f5i saatke meile e-kiri aadressil\u00a0<a href=\"https:\/\/facebook.com\/HookahShop.lt\/\" target=\"_blank\" rel=\"noopener noreferrer\">Facebooki konto<\/a>\u00a0ja vastame teie taotlusele samal p\u00e4eval.<\/p>","protected":false},"excerpt":{"rendered":"<p>Pintsel vesipiibu kolvi jaoks Violetne 40cm Soovitatav kasutada koos puhastusvahenditega. J\u00f5uab k\u00e4tte ja aitab puhastada k\u00f5ik mustused. Et oleks mugavam suitsetada ja et vesipiip kauem vastu peaks, tuleb see korralikult l\u00e4bi pesta. Kolbihari eemaldab v\u00e4ikesed osakesed ja setted, mis v\u00f5ivad kolbi j\u00e4\u00e4da, v\u00f5imaldades samal ajal valgusel paista. Omadused: Harja pikkus: 40 cm Harjaste pikkus: 18 cm Harjaste laius: 11 cm [\u2026]<\/p>","protected":false},"featured_media":39442,"comment_status":"open","ping_status":"closed","template":"","meta":[],"_links":{"self":[{"href":"https:\/\/hookahshop.lt\/et\/wp-json\/wp\/v2\/product\/39441"}],"collection":[{"href":"https:\/\/hookahshop.lt\/et\/wp-json\/wp\/v2\/product"}],"about":[{"href":"https:\/\/hookahshop.lt\/et\/wp-json\/wp\/v2\/types\/product"}],"replies":[{"embeddable":true,"href":"https:\/\/hookahshop.lt\/et\/wp-json\/wp\/v2\/comments?post=39441"}],"version-history":[{"count":3,"href":"https:\/\/hookahshop.lt\/et\/wp-json\/wp\/v2\/product\/39441\/revisions"}],"predecessor-version":[{"id":41700,"href":"https:\/\/hookahshop.lt\/et\/wp-json\/wp\/v2\/product\/39441\/revisions\/41700"}],"wp:featuredmedia":[{"embeddable":true,"href":"https:\/\/hookahshop.lt\/et\/wp-json\/wp\/v2\/media\/39442"}],"wp:attachment":[{"href":"https:\/\/hookahshop.lt\/et\/wp-json\/wp\/v2\/media?parent=39441"}],"curies":[{"name":"wp","href":"https:\/\/api.w.org\/{rel}","templated":true}]}}