{"id":39483,"date":"2024-06-29T14:06:18","date_gmt":"2024-06-29T11:06:18","guid":{"rendered":"https:\/\/hookahshop.lt\/?post_type=product&#038;p=39483"},"modified":"2026-04-06T23:29:36","modified_gmt":"2026-04-06T20:29:36","slug":"kaljanas-alpha-hookah-misha-revolt-starlight","status":"publish","type":"product","link":"https:\/\/hookahshop.lt\/et\/toode\/vesipiip-alfa-vesipiip-misha-mass-tahevalgus\/","title":{"rendered":"Vesipiip ALPHA HOOKAH Misha Revolt Starlight"},"content":{"rendered":"<h2>Vesipiip ALPHA HOOKAH Misha Revolt Starlight<\/h2>\n<p>MISHA on v\u00e4lja andnud k\u00f5rge masti uue versiooni MISHA REVOLT. Rohkem stiili, rohkem m\u00e4ssu, rohkem kohandamist: vastupidava pulberv\u00e4rviga kaetud see peab vastu teie elu k\u00f5ige eepilisematele lugudele. Logoga signatuurripats j\u00e4i paigale - MISHA on endiselt valmis protestima halli argip\u00e4eva vastu. Muide, pikk MISHA Revolt ei sobi ainult isiklikuks kasutamiseks \u2013 see v\u00f5ib r\u00f5\u00f5mustada m\u00e4ssajaid asutustes \u00fcle maailma. Elegantne, minimalistlik ja kvaliteetne tugeva t\u00e4navastiiliga vesipiip. \u00d6konoomne valik, mille tegi Alpha Hookah, maailma juhtiv vesipiibu kaubam\u00e4rk.<\/p>\n<p><strong>Spetsifikatsioonid:<\/strong><br \/>\nK\u00f5rgus \u2013 50 cm (ilma pudelita)<br \/>\nL\u00e4bim\u00f5\u00f5t - 13 mm<br \/>\nPlaadi laius on 20 cm<br \/>\nMaterjal: roostevaba teras, alumiinium, pol\u00fcatsetaal.<br \/>\nVooliku pistik: O-r\u00f5ngas<\/p>\n<p><strong>Varustus:<\/strong><br \/>\nV\u00f5lli<br \/>\nPlaat<br \/>\nSilikoonvoolik<br \/>\nHuulik<br \/>\nHajuti (eemaldatav)<br \/>\n<img decoding=\"async\" loading=\"lazy\" class=\"alignnone size-medium wp-image-38521\" src=\"https:\/\/hookahshop.lt\/wp-content\/uploads\/2020\/09\/stiebas-zarna-kandiklis-1-300x273.jpg\" alt=\"- hookahshop.lt\" width=\"300\" height=\"273\" srcset=\"https:\/\/hookahshop.lt\/wp-content\/uploads\/2020\/09\/stiebas-zarna-kandiklis-1-300x273.jpg 300w, https:\/\/hookahshop.lt\/wp-content\/uploads\/2020\/09\/stiebas-zarna-kandiklis-1-13x12.jpg 13w, https:\/\/hookahshop.lt\/wp-content\/uploads\/2020\/09\/stiebas-zarna-kandiklis-1-64x58.jpg 64w, https:\/\/hookahshop.lt\/wp-content\/uploads\/2020\/09\/stiebas-zarna-kandiklis-1.jpg 420w\" sizes=\"(max-width: 300px) 100vw, 300px\" title=\"\"><\/p>\n<p>Kas teil on k\u00fcsimusi? v\u00f5ta meiega \u00fchendust\u00a0<a href=\"https:\/\/hookahshop.lt\/et\/kontaktid\/\">kontaktide leht<\/a>\u00a0v\u00f5i saatke meile e-kiri aadressil\u00a0<a href=\"https:\/\/facebook.com\/HookahShop.lt\/\" target=\"_blank\" rel=\"noopener noreferrer\">Facebooki konto<\/a>\u00a0ja vastame teie taotlusele samal p\u00e4eval.<\/p>","protected":false},"excerpt":{"rendered":"<p>Vesipiip ALPHA HOOKAH Misha Revolt Starlight MISHA andis v\u00e4lja uue k\u00f5rge masti versiooni - MISHA REVOLT. Rohkem stiili, rohkem m\u00e4ssu, rohkem kohandamist: vastupidava pulberv\u00e4rviga kaetud see peab vastu teie elu k\u00f5ige eepilisematele lugudele. Logoga signatuurripats j\u00e4i paika \u2013 MISHA on endiselt valmis protestima halli argip\u00e4eva vastu. Muide, pikk MISHA Revolt ei sobi ainult isiklikuks [...]<\/p>","protected":false},"featured_media":39485,"comment_status":"open","ping_status":"closed","template":"","meta":[],"_links":{"self":[{"href":"https:\/\/hookahshop.lt\/et\/wp-json\/wp\/v2\/product\/39483"}],"collection":[{"href":"https:\/\/hookahshop.lt\/et\/wp-json\/wp\/v2\/product"}],"about":[{"href":"https:\/\/hookahshop.lt\/et\/wp-json\/wp\/v2\/types\/product"}],"replies":[{"embeddable":true,"href":"https:\/\/hookahshop.lt\/et\/wp-json\/wp\/v2\/comments?post=39483"}],"version-history":[{"count":5,"href":"https:\/\/hookahshop.lt\/et\/wp-json\/wp\/v2\/product\/39483\/revisions"}],"predecessor-version":[{"id":43522,"href":"https:\/\/hookahshop.lt\/et\/wp-json\/wp\/v2\/product\/39483\/revisions\/43522"}],"wp:featuredmedia":[{"embeddable":true,"href":"https:\/\/hookahshop.lt\/et\/wp-json\/wp\/v2\/media\/39485"}],"wp:attachment":[{"href":"https:\/\/hookahshop.lt\/et\/wp-json\/wp\/v2\/media?parent=39483"}],"curies":[{"name":"wp","href":"https:\/\/api.w.org\/{rel}","templated":true}]}}