{"id":39497,"date":"2024-06-29T15:38:43","date_gmt":"2024-06-29T12:38:43","guid":{"rendered":"https:\/\/hookahshop.lt\/?post_type=product&#038;p=39497"},"modified":"2026-04-16T10:21:40","modified_gmt":"2026-04-16T07:21:40","slug":"znyples-kaljano-anglims-alpha-hookah-x-houston","status":"publish","type":"product","link":"https:\/\/hookahshop.lt\/et\/toode\/znyples-vesipiip-susi-alfa-vesipiip-x-houston\/","title":{"rendered":"Tangid vesipiibu s\u00fcsiniku jaoks ALPHA HOOKAH X Houston"},"content":{"rendered":"<h2>Tangid vesipiibu s\u00fcsiniku jaoks ALPHA HOOKAH X Houston<\/h2>\n<p>Stiilne, kompaktne suurus ja eksklusiivsed tangid, mille on loonud tuntud vesipiibuturu tootja Alpha Hookah. Tangid on valmistatud ka kvaliteetsest roostevabast terasest ja kaetud pulberv\u00e4rviga. Tangid eristuvad autorigraveeringu j\u00e4rgi.<\/p>\n<p><strong>Omadused:<\/strong><br \/>\nV\u00e4rvus must<br \/>\nMaterjal: roostevaba teras<br \/>\nPikkus: 18 cm<\/p>\n<p>Kas teil on k\u00fcsimusi? v\u00f5ta meiega \u00fchendust\u00a0<a href=\"https:\/\/hookahshop.lt\/et\/kontaktid\/\">kontaktide leht<\/a>\u00a0v\u00f5i saatke meile e-kiri aadressil\u00a0<a href=\"https:\/\/facebook.com\/HookahShop.lt\/\" target=\"_blank\" rel=\"noopener noreferrer\">Facebooki konto<\/a>\u00a0ja vastame teie taotlusele samal p\u00e4eval.<\/p>","protected":false},"excerpt":{"rendered":"<p>Tangid vesipiibu s\u00f6e jaoks ALPHA HOOKAH X Houston Stiilsed, kompaktse suurusega ja eksklusiivsed tangid, mille on loonud tuntud vesipiibutootja Alpha Hookah. Tangid on valmistatud ka kvaliteetsest roostevabast terasest ja pulberv\u00e4rvitud. Tangid eristuvad nende originaalse graveeringu poolest. Omadused: V\u00e4rv: Must Materjal: Roostevaba teras Pikkus: 18 cm Kas teil on k\u00fcsimusi? V\u00f5tke meiega \u00fchendust kontaktide lehel v\u00f5i kirjutage meile meie Facebooki kontol ja me vastame [\u2026]<\/p>","protected":false},"featured_media":39498,"comment_status":"open","ping_status":"closed","template":"","meta":[],"_links":{"self":[{"href":"https:\/\/hookahshop.lt\/et\/wp-json\/wp\/v2\/product\/39497"}],"collection":[{"href":"https:\/\/hookahshop.lt\/et\/wp-json\/wp\/v2\/product"}],"about":[{"href":"https:\/\/hookahshop.lt\/et\/wp-json\/wp\/v2\/types\/product"}],"replies":[{"embeddable":true,"href":"https:\/\/hookahshop.lt\/et\/wp-json\/wp\/v2\/comments?post=39497"}],"version-history":[{"count":2,"href":"https:\/\/hookahshop.lt\/et\/wp-json\/wp\/v2\/product\/39497\/revisions"}],"predecessor-version":[{"id":39600,"href":"https:\/\/hookahshop.lt\/et\/wp-json\/wp\/v2\/product\/39497\/revisions\/39600"}],"wp:featuredmedia":[{"embeddable":true,"href":"https:\/\/hookahshop.lt\/et\/wp-json\/wp\/v2\/media\/39498"}],"wp:attachment":[{"href":"https:\/\/hookahshop.lt\/et\/wp-json\/wp\/v2\/media?parent=39497"}],"curies":[{"name":"wp","href":"https:\/\/api.w.org\/{rel}","templated":true}]}}