{"id":39502,"date":"2024-06-29T17:12:53","date_gmt":"2024-06-29T14:12:53","guid":{"rendered":"https:\/\/hookahshop.lt\/?post_type=product&#038;p=39502"},"modified":"2026-04-26T23:30:14","modified_gmt":"2026-04-26T20:30:14","slug":"zarna-silikonine-caesar-matt-blue","status":"publish","type":"product","link":"https:\/\/hookahshop.lt\/et\/toode\/voolik-silikoon-caesar-matt-sinine\/","title":{"rendered":"Silikoonvoolik CAESAR Matt Blue"},"content":{"rendered":"<h2>Silikoonvoolik CAESAR Matt Blue<\/h2>\n<p>Tugevast silikoonist. Voolikut on v\u00e4ga lihtne puhastada, see on vastupidav v\u00e4rvimuutusele ja l\u00f5hnadele, mist\u00f5ttu on see ideaalne pikaajaliseks kasutamiseks.<\/p>\n<p><strong>Spetsifikatsioonid:<\/strong><br \/>\nPikkus: 150 cm<br \/>\nV\u00e4lisl\u00e4bim\u00f5\u00f5t: ~1,7 cm<br \/>\nSisel\u00e4bim\u00f5\u00f5t: ~1,0 cm<br \/>\nMaterjal: pehme puudutusega<br \/>\nV\u00e4rv: sinine<\/p>\n<p>Kas teil on k\u00fcsimusi? v\u00f5ta meiega \u00fchendust\u00a0<a href=\"https:\/\/hookahshop.lt\/et\/kontaktid\/\">kontaktide leht<\/a>\u00a0v\u00f5i saatke meile e-kiri aadressil\u00a0<a href=\"https:\/\/facebook.com\/HookahShop.lt\/\" target=\"_blank\" rel=\"noopener\">Facebooki konto<\/a>\u00a0ja vastame teie taotlusele samal p\u00e4eval.<\/p>\n<p>&nbsp;<\/p>\n<p>&nbsp;<\/p>","protected":false},"excerpt":{"rendered":"<p>Silikoonvoolik CAESAR Matt Sinine Tugevast silikoonist. Voolikut on v\u00e4ga lihtne puhastada, see on vastupidav v\u00e4rvimuutusele ja l\u00f5hnadele, mist\u00f5ttu on see ideaalne pikaajaliseks kasutamiseks. Tehnilised andmed: Pikkus: 150 cm V\u00e4lisl\u00e4bim\u00f5\u00f5t: ~1,7 cm Sisemine l\u00e4bim\u00f5\u00f5t: ~1,0 cm Materjal: Soft-touch V\u00e4rv: sinine Kas teil on k\u00fcsimusi? V\u00f5tke meiega \u00fchendust kontaktide lehel v\u00f5i kirjutage meile meie Facebooki kontol ja vastame teie p\u00e4ringule [\u2026]<\/p>","protected":false},"featured_media":39503,"comment_status":"open","ping_status":"closed","template":"","meta":[],"_links":{"self":[{"href":"https:\/\/hookahshop.lt\/et\/wp-json\/wp\/v2\/product\/39502"}],"collection":[{"href":"https:\/\/hookahshop.lt\/et\/wp-json\/wp\/v2\/product"}],"about":[{"href":"https:\/\/hookahshop.lt\/et\/wp-json\/wp\/v2\/types\/product"}],"replies":[{"embeddable":true,"href":"https:\/\/hookahshop.lt\/et\/wp-json\/wp\/v2\/comments?post=39502"}],"version-history":[{"count":3,"href":"https:\/\/hookahshop.lt\/et\/wp-json\/wp\/v2\/product\/39502\/revisions"}],"predecessor-version":[{"id":41393,"href":"https:\/\/hookahshop.lt\/et\/wp-json\/wp\/v2\/product\/39502\/revisions\/41393"}],"wp:featuredmedia":[{"embeddable":true,"href":"https:\/\/hookahshop.lt\/et\/wp-json\/wp\/v2\/media\/39503"}],"wp:attachment":[{"href":"https:\/\/hookahshop.lt\/et\/wp-json\/wp\/v2\/media?parent=39502"}],"curies":[{"name":"wp","href":"https:\/\/api.w.org\/{rel}","templated":true}]}}