{"id":39506,"date":"2024-06-29T18:27:24","date_gmt":"2024-06-29T15:27:24","guid":{"rendered":"https:\/\/hookahshop.lt\/?post_type=product&#038;p=39506"},"modified":"2026-04-15T12:29:41","modified_gmt":"2026-04-15T09:29:41","slug":"kaljanas-noname-palka","status":"publish","type":"product","link":"https:\/\/hookahshop.lt\/et\/toode\/vesipiibu-noname-palka\/","title":{"rendered":"Vesipiibu NONAME palk"},"content":{"rendered":"<h2>Vesipiibu NONAME palk<\/h2>\n<p>Neile, kes hindavad praktilisust ja ligip\u00e4\u00e4setavust. Vesipiibu t\u00f5mbamine on klassikaline (ilma hajutita). Lai PALKA vars tagab kerge ja mugava haarde ning roostevabast terasest metallelemendid garanteerivad vesipiibu pika kasutusea. Lisaks on vesipiip t\u00e4ielikult kokkupandav, mist\u00f5ttu on seda lihtne transportida ja hoida. Saate selle h\u00f5lpsalt reisile kaasa v\u00f5tta v\u00f5i v\u00e4ikestes kohtades hoiustada, kaotamata seejuures funktsionaalsust ja vesipiibu seansi kvaliteeti.<br \/>\nNONAME PALKA on lihtsus ja t\u00f6\u00f6kindlus \u00fches, ideaalne valik neile, kes otsivad odavat, kuid kvaliteetset vesipiipu igap\u00e4evaseks kasutamiseks.<\/p>\n<p><strong>Spetsifikatsioonid:<\/strong><br \/>\nK\u00f5rgus - 40 cm (ilma kolvita)<br \/>\nL\u00e4bim\u00f5\u00f5t - 12 mm<br \/>\nPlaadi laius on 15 cm<br \/>\nMaterjal: roostevaba teras, pol\u00fcatsetaal.<br \/>\nVooliku pistik: O-r\u00f5ngas<\/p>\n<p><strong>Varustus:<\/strong><br \/>\nV\u00f5lli<br \/>\nPlaat<br \/>\nSilikoonvoolik<br \/>\nHuulik<\/p>\n<picture><source srcset=\"https:\/\/hookahshop.lt\/wp-content\/webp-express\/webp-images\/uploads\/2020\/09\/stiebas-zarna-kandiklis-1-300x273.jpg.webp 300w, https:\/\/hookahshop.lt\/wp-content\/webp-express\/webp-images\/uploads\/2020\/09\/stiebas-zarna-kandiklis-1-13x12.jpg.webp 13w, https:\/\/hookahshop.lt\/wp-content\/webp-express\/webp-images\/uploads\/2020\/09\/stiebas-zarna-kandiklis-1-64x58.jpg.webp 64w, https:\/\/hookahshop.lt\/wp-content\/webp-express\/webp-images\/uploads\/2020\/09\/stiebas-zarna-kandiklis-1.jpg.webp 420w\" type=\"image\/webp\" sizes=\"(max-width: 300px) 100vw, 300px\" \/><img decoding=\"async\" loading=\"lazy\" class=\"alignnone size-medium wp-image-38521 webpexpress-processed\" title=\"Vesipiip ALPHA HOOKAH Misha Revolt Starlight 1\" src=\"https:\/\/hookahshop.lt\/wp-content\/uploads\/2020\/09\/stiebas-zarna-kandiklis-1-300x273.jpg\" sizes=\"(max-width: 300px) 100vw, 300px\" srcset=\"https:\/\/hookahshop.lt\/wp-content\/uploads\/2020\/09\/stiebas-zarna-kandiklis-1-300x273.jpg 300w, https:\/\/hookahshop.lt\/wp-content\/uploads\/2020\/09\/stiebas-zarna-kandiklis-1-13x12.jpg 13w, https:\/\/hookahshop.lt\/wp-content\/uploads\/2020\/09\/stiebas-zarna-kandiklis-1-64x58.jpg 64w, https:\/\/hookahshop.lt\/wp-content\/uploads\/2020\/09\/stiebas-zarna-kandiklis-1.jpg 420w\" alt=\"varre vooliku huulik 1 - hookahshop.lt\" width=\"300\" height=\"273\" \/><\/picture>\n<p>Kas teil on k\u00fcsimusi? v\u00f5ta meiega \u00fchendust\u00a0<a href=\"https:\/\/hookahshop.lt\/et\/kontaktid\/\">kontaktide leht<\/a>\u00a0v\u00f5i saatke meile e-kiri aadressil\u00a0<a href=\"https:\/\/facebook.com\/HookahShop.lt\/\" target=\"_blank\" rel=\"noopener noreferrer\">Facebooki konto<\/a>\u00a0ja vastame teie taotlusele samal p\u00e4eval.<\/p>","protected":false},"excerpt":{"rendered":"<p>Vesipiip NONAME Palk Neile, kes hindavad praktilisust ja ligip\u00e4\u00e4setavust. Vesipiibu t\u00f5mbamine on klassikaline (ilma hajutita). PALKA lai vars tagab kerge ja mugava haarde ning roostevabast terasest metallelemendid garanteerivad vesipiibu pika kasutusea. Lisaks on vesipiip t\u00e4ielikult kokkupandav, mist\u00f5ttu on seda lihtne transportida ja hoida. Saate selle h\u00f5lpsalt reisile kaasa v\u00f5tta v\u00f5i v\u00e4ikestes kohtades hoiustada, ilma et see kaotaks [\u2026]<\/p>","protected":false},"featured_media":39510,"comment_status":"open","ping_status":"closed","template":"","meta":[],"_links":{"self":[{"href":"https:\/\/hookahshop.lt\/et\/wp-json\/wp\/v2\/product\/39506"}],"collection":[{"href":"https:\/\/hookahshop.lt\/et\/wp-json\/wp\/v2\/product"}],"about":[{"href":"https:\/\/hookahshop.lt\/et\/wp-json\/wp\/v2\/types\/product"}],"replies":[{"embeddable":true,"href":"https:\/\/hookahshop.lt\/et\/wp-json\/wp\/v2\/comments?post=39506"}],"version-history":[{"count":4,"href":"https:\/\/hookahshop.lt\/et\/wp-json\/wp\/v2\/product\/39506\/revisions"}],"predecessor-version":[{"id":39516,"href":"https:\/\/hookahshop.lt\/et\/wp-json\/wp\/v2\/product\/39506\/revisions\/39516"}],"wp:featuredmedia":[{"embeddable":true,"href":"https:\/\/hookahshop.lt\/et\/wp-json\/wp\/v2\/media\/39510"}],"wp:attachment":[{"href":"https:\/\/hookahshop.lt\/et\/wp-json\/wp\/v2\/media?parent=39506"}],"curies":[{"name":"wp","href":"https:\/\/api.w.org\/{rel}","templated":true}]}}