{"id":39566,"date":"2024-07-14T23:12:31","date_gmt":"2024-07-14T20:12:31","guid":{"rendered":"https:\/\/hookahshop.lt\/?post_type=product&#038;p=39566"},"modified":"2026-04-22T23:30:02","modified_gmt":"2026-04-22T20:30:02","slug":"kaljanas-aladin-mvp360-clear-pattern","status":"publish","type":"product","link":"https:\/\/hookahshop.lt\/et\/toode\/vesipiibu-aladin-mvp360-selge-muster\/","title":{"rendered":"Vesipiibu ALADIN MVP360 selge muster"},"content":{"rendered":"<h2>Vesipiibu ALADIN MVP360 selge muster<\/h2>\n<p>Vesipiip j\u00e4tab oma kvaliteetsete materjalidega h\u00e4mmastavaid muljeid. Kvaliteetne t\u00f6\u00f6 ja individuaalne disain ei j\u00e4ta teid \u00fcksk\u00f5ikseks.<br \/>\nT\u00e4nu oma kompaktsele suurusele on see ideaalne reisikaaslane neile, kes soovivad kvaliteetset toodet liikvel olla.<\/p>\n<p><strong>Spetsifikatsioon<\/strong><br \/>\nMaterjal: anodeeritud roostevaba teras<br \/>\nKolb: keermestatud<br \/>\nDifusioon: jah (reguleeritav)<br \/>\nK\u00f5rgus: 36 cm<br \/>\ntoodetud Hiinas<\/p>\n<p><strong>Standardkomplekt sisaldab:<\/strong><br \/>\nTangid, &quot;pehme&quot; silikoonvoolik otsikutega, tass, &quot;p\u00f5leti tassi jaoks&quot;.<\/p>\n<p><img decoding=\"async\" loading=\"lazy\" class=\"alignnone size-medium wp-image-38491\" src=\"https:\/\/hookahshop.lt\/wp-content\/uploads\/2021\/02\/aladinu-komplektacija-300x273.jpg\" alt=\"- hookahshop.lt\" width=\"300\" height=\"273\" srcset=\"https:\/\/hookahshop.lt\/wp-content\/uploads\/2021\/02\/aladinu-komplektacija-300x273.jpg 300w, https:\/\/hookahshop.lt\/wp-content\/uploads\/2021\/02\/aladinu-komplektacija-13x12.jpg 13w, https:\/\/hookahshop.lt\/wp-content\/uploads\/2021\/02\/aladinu-komplektacija-64x58.jpg 64w, https:\/\/hookahshop.lt\/wp-content\/uploads\/2021\/02\/aladinu-komplektacija.jpg 420w\" sizes=\"(max-width: 300px) 100vw, 300px\" title=\"\"><\/p>\n<p>Kas teil on k\u00fcsimusi? v\u00f5ta meiega \u00fchendust\u00a0<a href=\"https:\/\/hookahshop.lt\/et\/kontaktid\/\">kontaktide leht<\/a>\u00a0v\u00f5i saatke meile e-kiri aadressil\u00a0<a href=\"https:\/\/facebook.com\/HookahShop.lt\/\" target=\"_blank\" rel=\"noopener noreferrer\">Facebooki konto<\/a>\u00a0ja vastame teie taotlusele samal p\u00e4eval.<\/p>","protected":false},"excerpt":{"rendered":"<p>Vesipiip ALADIN MVP360 Clear Pattern Vesipiip j\u00e4tab oma kvaliteetsete materjalidega imelised muljed. Kvaliteetne t\u00f6\u00f6 ja individuaalne disain ei j\u00e4ta teid \u00fcksk\u00f5ikseks. T\u00e4nu oma kompaktsele suurusele on see ideaalne reisikaaslane neile, kes soovivad liikvel olles kvaliteetset toodet. Spetsifikatsioon Materjal: anodeeritud roostevaba teras Kolb: keermestatud difuusor: jah (reguleeritav) K\u00f5rgus: 36 cm P\u00e4ritoluriik: Hiina Standardkomplekt sisaldab: Tangid, [\u2026]<\/p>","protected":false},"featured_media":39572,"comment_status":"open","ping_status":"closed","template":"","meta":[],"_links":{"self":[{"href":"https:\/\/hookahshop.lt\/et\/wp-json\/wp\/v2\/product\/39566"}],"collection":[{"href":"https:\/\/hookahshop.lt\/et\/wp-json\/wp\/v2\/product"}],"about":[{"href":"https:\/\/hookahshop.lt\/et\/wp-json\/wp\/v2\/types\/product"}],"replies":[{"embeddable":true,"href":"https:\/\/hookahshop.lt\/et\/wp-json\/wp\/v2\/comments?post=39566"}],"version-history":[{"count":4,"href":"https:\/\/hookahshop.lt\/et\/wp-json\/wp\/v2\/product\/39566\/revisions"}],"predecessor-version":[{"id":39573,"href":"https:\/\/hookahshop.lt\/et\/wp-json\/wp\/v2\/product\/39566\/revisions\/39573"}],"wp:featuredmedia":[{"embeddable":true,"href":"https:\/\/hookahshop.lt\/et\/wp-json\/wp\/v2\/media\/39572"}],"wp:attachment":[{"href":"https:\/\/hookahshop.lt\/et\/wp-json\/wp\/v2\/media?parent=39566"}],"curies":[{"name":"wp","href":"https:\/\/api.w.org\/{rel}","templated":true}]}}