{"id":39575,"date":"2024-07-14T23:38:02","date_gmt":"2024-07-14T20:38:02","guid":{"rendered":"https:\/\/hookahshop.lt\/?post_type=product&#038;p=39575"},"modified":"2026-04-15T23:29:36","modified_gmt":"2026-04-15T20:29:36","slug":"karscio-kamera-aladin","status":"publish","type":"product","link":"https:\/\/hookahshop.lt\/et\/toode\/soojus-kaamera-aladin\/","title":{"rendered":"Soojuskamber ALADIN"},"content":{"rendered":"<h2>Soojuskamber ALADIN<\/h2>\n<p>Ideaalne kaaslane k\u00f5igile vesipiibu kasutajatele, kes soovivad oma suitsetamiskogemust t\u00e4iustada. Soojuskamber on valmistatud kvaliteetsest roostevabast terasest ja m\u00f5eldud vesipiibu ehitamiseks v\u00f5imalikult lihtsaks.<\/p>\n<p><strong>Spetsifikatsioonid:<\/strong><\/p>\n<ul>\n<li>K\u00f5rgus: 2 cm<\/li>\n<li>L\u00e4bim\u00f5\u00f5t (v\u00e4limine): 7,5 cm<\/li>\n<li>L\u00e4bim\u00f5\u00f5t (sisemine): 6 cm<\/li>\n<li>Materjal: roostevaba teras<\/li>\n<\/ul>\n<p><strong>Eelised:<\/strong><br \/>\nStiilne ja kvaliteetne;<br \/>\nVastupidav ja usaldusv\u00e4\u00e4rne;<br \/>\nTagab mugava vesipiibu suitsetamise.<\/p>\n<p>Kas teil on k\u00fcsimusi? v\u00f5ta meiega \u00fchendust\u00a0<a href=\"https:\/\/hookahshop.lt\/et\/kontaktid\/\">kontaktide leht<\/a>\u00a0v\u00f5i saatke meile e-kiri aadressil\u00a0<a href=\"https:\/\/facebook.com\/HookahShop.lt\/\" target=\"_blank\" rel=\"noopener noreferrer\">Facebooki konto<\/a>\u00a0ja vastame teie taotlusele samal p\u00e4eval.<\/p>","protected":false},"excerpt":{"rendered":"<p>Soojuskamber ALADIN Ideaalne kaaslane k\u00f5igile vesipiibu kasutajatele, kes soovivad oma suitsetamiskogemust parandada. Soojuskamber on valmistatud kvaliteetsest roostevabast terasest ja m\u00f5eldud vesipiibu ehitamiseks v\u00f5imalikult lihtsaks. Tehnilised andmed: K\u00f5rgus: 2 cm L\u00e4bim\u00f5\u00f5t (v\u00e4limine): 7,5 cm L\u00e4bim\u00f5\u00f5t (sisemine): 6 cm Materjal: roostevaba teras Eelised: Stiilne ja kvaliteetne; Vastupidav ja usaldusv\u00e4\u00e4rne; [\u2026]<\/p>","protected":false},"featured_media":39576,"comment_status":"open","ping_status":"closed","template":"","meta":[],"_links":{"self":[{"href":"https:\/\/hookahshop.lt\/et\/wp-json\/wp\/v2\/product\/39575"}],"collection":[{"href":"https:\/\/hookahshop.lt\/et\/wp-json\/wp\/v2\/product"}],"about":[{"href":"https:\/\/hookahshop.lt\/et\/wp-json\/wp\/v2\/types\/product"}],"replies":[{"embeddable":true,"href":"https:\/\/hookahshop.lt\/et\/wp-json\/wp\/v2\/comments?post=39575"}],"version-history":[{"count":5,"href":"https:\/\/hookahshop.lt\/et\/wp-json\/wp\/v2\/product\/39575\/revisions"}],"predecessor-version":[{"id":45184,"href":"https:\/\/hookahshop.lt\/et\/wp-json\/wp\/v2\/product\/39575\/revisions\/45184"}],"wp:featuredmedia":[{"embeddable":true,"href":"https:\/\/hookahshop.lt\/et\/wp-json\/wp\/v2\/media\/39576"}],"wp:attachment":[{"href":"https:\/\/hookahshop.lt\/et\/wp-json\/wp\/v2\/media?parent=39575"}],"curies":[{"name":"wp","href":"https:\/\/api.w.org\/{rel}","templated":true}]}}