{"id":39581,"date":"2024-07-14T23:47:19","date_gmt":"2024-07-14T20:47:19","guid":{"rendered":"https:\/\/hookahshop.lt\/?post_type=product&#038;p=39581"},"modified":"2026-04-17T23:29:58","modified_gmt":"2026-04-17T20:29:58","slug":"valymo-priemone-kaljanui-shisha-cleaner-loyal-300ml","status":"publish","type":"product","link":"https:\/\/hookahshop.lt\/et\/toode\/puhastusvahend-vesipiibu-jaoks-vesipiibu-jaoks-lojaalne-300ml\/","title":{"rendered":"Vesipiibu puhastusvahend SHISHA CLEANER Loyal 300ml"},"content":{"rendered":"<h2>Vesipiibu puhastusvahend SHISHA CLEANER Loyal 300ml<\/h2>\n<p>Vesipiibu ja selle osade puhastamiseks. Eemaldab ebameeldivad l\u00f5hnad. Dosaatoriga pudel muudab selle kasutamise lihtsaks. Kasutatav kogus oleneb mustusest. Piisab ~5-15 pihustust korraga. P\u00e4rast puhastusvahendi pihustamist t\u00e4itke kolb sooja veega (kuum vesi pole lubatud). Enne puhastusvahendi valamist puhastage kolb v\u00f5i v\u00f5ll harjaga. Loputage sooja veega, kuni kolvis pole v\u00f5\u00f5rast l\u00f5hna.<br \/>\nMaht: 300ml<br \/>\nP\u00e4ritoluriik: Saksamaa<\/p>\n<p>P\u00f5hjustab t\u00f5sist silmade \u00e4rritust. Hoida lastele k\u00e4ttesaamatus kohas. SILMA SATTUMISE KORRAL: loputada mitme minuti jooksul ettevaatlikult veega. Eemaldage kontaktl\u00e4\u00e4tsed, kui need on olemas ja seda on lihtne teha. J\u00e4tkake pesemist. Silma\u00e4rrituse p\u00fcsimisel: p\u00f6\u00f6rduda arsti poole. Valmistage see pakend v\u00f5i etikett ette.<br \/>\nOmadused: Eemaldab mustuse veekindlatelt pindadelt. Hea rasva\u00e4rastus- ja h\u00fcgieeniefektiga. K\u00f5rvaldab ebameeldivad l\u00f5hnad. Kasutamine: Suurema koguse mustuse korral s\u00fcstida anumasse 10-20 pihustust ja t\u00e4ita sooja veega. Laske tootel m\u00f5nda aega m\u00f5juda ja loputage mitu korda k\u00fclma veega. Kui klaasil on rohkem mustust, kasutage puhastusharja.<\/p>\n<p>Koostis: &lt;5% anioonsed pindaktiivsed ained, EDTA (et\u00fcleendiamiintetra\u00e4\u00e4dikhappe sool).<br \/>\nMuud koostisosad: v\u00e4rvid ja maitsed.<\/p>\n<p>Kas teil on k\u00fcsimusi? V\u00f5tke meiega \u00fchendust kontaktide lehel v\u00f5i kirjutage meile aadressil\u00a0<a href=\"https:\/\/facebook.com\/HookahShop.lt\/\" target=\"_blank\" rel=\"noopener noreferrer\">Facebooki konto<\/a>\u00a0ja vastame teie taotlusele samal p\u00e4eval.<\/p>","protected":false},"excerpt":{"rendered":"<p>Vesipiibu puhastusvahend SHISHA CLEANER Loyal 300ml M\u00f5eldud vesipiibu ja selle osade puhastamiseks. Eemaldab ebameeldivad l\u00f5hnad. Dosaatoriga pudel muudab selle kasutamise lihtsaks. Kasutatav kogus oleneb mustusest. Piisab ~5-15 pihustust korraga. P\u00e4rast puhastusvahendi pihustamist t\u00e4itke kolb sooja veega (kuum vesi pole lubatud). Enne puhastusvahendi valamist puhastage kolb v\u00f5i v\u00f5ll harjaga. Loputage sooja veega [...]<\/p>","protected":false},"featured_media":39582,"comment_status":"open","ping_status":"closed","template":"","meta":[],"_links":{"self":[{"href":"https:\/\/hookahshop.lt\/et\/wp-json\/wp\/v2\/product\/39581"}],"collection":[{"href":"https:\/\/hookahshop.lt\/et\/wp-json\/wp\/v2\/product"}],"about":[{"href":"https:\/\/hookahshop.lt\/et\/wp-json\/wp\/v2\/types\/product"}],"replies":[{"embeddable":true,"href":"https:\/\/hookahshop.lt\/et\/wp-json\/wp\/v2\/comments?post=39581"}],"version-history":[{"count":2,"href":"https:\/\/hookahshop.lt\/et\/wp-json\/wp\/v2\/product\/39581\/revisions"}],"predecessor-version":[{"id":39603,"href":"https:\/\/hookahshop.lt\/et\/wp-json\/wp\/v2\/product\/39581\/revisions\/39603"}],"wp:featuredmedia":[{"embeddable":true,"href":"https:\/\/hookahshop.lt\/et\/wp-json\/wp\/v2\/media\/39582"}],"wp:attachment":[{"href":"https:\/\/hookahshop.lt\/et\/wp-json\/wp\/v2\/media?parent=39581"}],"curies":[{"name":"wp","href":"https:\/\/api.w.org\/{rel}","templated":true}]}}