{"id":39711,"date":"2024-08-13T14:18:41","date_gmt":"2024-08-13T11:18:41","guid":{"rendered":"https:\/\/hookahshop.lt\/?post_type=product&#038;p=39711"},"modified":"2026-04-24T23:30:13","modified_gmt":"2026-04-24T20:30:13","slug":"taurele-kaljanui-thor-phunnel-gray","status":"publish","type":"product","link":"https:\/\/hookahshop.lt\/et\/toode\/vesipiibu-tass-thor-phunnel-grey\/","title":{"rendered":"Vesipiibu tass THOR Phunnel Grey"},"content":{"rendered":"<h2>Vesipiibu tass THOR Phunnel Grey<\/h2>\n<p>\u00c4\u00e4rmiselt vastupidav ja v\u00e4ga niiskuskindel, mist\u00f5ttu tubakamelass ei voola vesipiibu varre sisse. Tass on valmistatud glasuuriga, mis talub ekstreemseid temperatuure ja ei pragune isegi siis, kui pestakse kohe p\u00e4rast kasutamist k\u00fclma veega. Soojeneb h\u00e4sti, hoiab soojust, on suurep\u00e4raste suitsuomadustega ja suurendab tihedust.<\/p>\n<p><strong>Spetsifikatsioon:<\/strong><\/p>\n<ul>\n<li>Materjal: savi ja glasuur<\/li>\n<li>Mahutavus: kuni 18-24 g (olenevalt tubaka t\u00fc\u00fcbist)<\/li>\n<li>L\u00e4bim\u00f5\u00f5t: 75 mm<\/li>\n<li>V\u00e4rv: hall<\/li>\n<li>Kaal: ~ 250g.<\/li>\n<\/ul>\n<p>Kas teil on k\u00fcsimusi? v\u00f5ta meiega \u00fchendust\u00a0<a href=\"https:\/\/hookahshop.lt\/et\/kontaktid\/\">kontaktide leht<\/a>\u00a0v\u00f5i saatke meile e-kiri aadressil\u00a0<a href=\"https:\/\/facebook.com\/HookahShop.lt\/\" target=\"_blank\" rel=\"noopener\">Facebooki konto<\/a>\u00a0ja vastame teie taotlusele samal p\u00e4eval.<\/p>","protected":false},"excerpt":{"rendered":"<p>Vesipiibutops THOR Phunnel Grey \u00c4\u00e4rmiselt vastupidav ja v\u00e4ga niiskuskindel, mist\u00f5ttu tubakamelass ei voola vesipiibu varre. Tass on valmistatud glasuuriga, mis talub ekstreemseid temperatuure ja ei pragune isegi siis, kui pestakse kohe p\u00e4rast kasutamist k\u00fclma veega. Soojeneb h\u00e4sti, hoiab soojust, on suurep\u00e4raste suitsuomadustega ja suurendab tihedust. Spetsifikatsioon: materjal: savi ja [\u2026]<\/p>","protected":false},"featured_media":39712,"comment_status":"open","ping_status":"closed","template":"","meta":[],"_links":{"self":[{"href":"https:\/\/hookahshop.lt\/et\/wp-json\/wp\/v2\/product\/39711"}],"collection":[{"href":"https:\/\/hookahshop.lt\/et\/wp-json\/wp\/v2\/product"}],"about":[{"href":"https:\/\/hookahshop.lt\/et\/wp-json\/wp\/v2\/types\/product"}],"replies":[{"embeddable":true,"href":"https:\/\/hookahshop.lt\/et\/wp-json\/wp\/v2\/comments?post=39711"}],"version-history":[{"count":2,"href":"https:\/\/hookahshop.lt\/et\/wp-json\/wp\/v2\/product\/39711\/revisions"}],"predecessor-version":[{"id":45617,"href":"https:\/\/hookahshop.lt\/et\/wp-json\/wp\/v2\/product\/39711\/revisions\/45617"}],"wp:featuredmedia":[{"embeddable":true,"href":"https:\/\/hookahshop.lt\/et\/wp-json\/wp\/v2\/media\/39712"}],"wp:attachment":[{"href":"https:\/\/hookahshop.lt\/et\/wp-json\/wp\/v2\/media?parent=39711"}],"curies":[{"name":"wp","href":"https:\/\/api.w.org\/{rel}","templated":true}]}}