{"id":39742,"date":"2024-08-13T17:57:54","date_gmt":"2024-08-13T14:57:54","guid":{"rendered":"https:\/\/hookahshop.lt\/?post_type=product&#038;p=39742"},"modified":"2026-04-06T23:29:38","modified_gmt":"2026-04-06T20:29:38","slug":"kaljanas-alpha-hookah-smart-exzo","status":"publish","type":"product","link":"https:\/\/hookahshop.lt\/et\/toode\/vesipiip-alfa-vesipiip-nutikas-exzo\/","title":{"rendered":"Vesipiip ALPHA HOOKAH Smart Exzo"},"content":{"rendered":"<h2>Vesipiip ALPHA HOOKAH Smart Exzo<\/h2>\n<p>T\u00e4iesti uus Alpha vesipiibu mudel integreeritud valgustusega, mis muudab kompaktsete v\u00f5llide kuju! Tootja Alpha vesipiibud v\u00f5itsid aastatel 2017-2023 aasta vesipiibu tiitli rohkem kui 9 korda. Vesipiibuklubi show ja John Calliano auhinnad. Eksklusiivne 4-positsiooniline hajuti aitab teil valida k\u00f5ige sobivama vesipiibu loosi. Mullil\u00f5ks \u2013 kaitse vee voolikusse sattumise eest. T\u00e4issuuruses taldrik ja plaadile sisseehitatud rest aitavad s\u00f6ed kogu aeg kuumana hoida. Vesipiibu t\u00f5mmetase v\u00f5ib funktsionaalse hajuti t\u00f5ttu olla kergest raskeni. T\u00e4nu paljudele ainulaadsetele tehnoloogilistele lahendustele on SMART BOX ideaalne lahendus nii koju kui ka reisile.<\/p>\n<p><strong>Spetsifikatsioonid:<\/strong><br \/>\nMaterjal: roostevaba teras<br \/>\nHajuti: eemaldatav<br \/>\nVooliku pistik: magnetiline<br \/>\nKere: sisseehitatud EXZO valgustusega<br \/>\nLED valgustuse kaugjuhtimispult<\/p>\n<p><strong>Omadused:<\/strong><br \/>\nVesipiibu k\u00f5rgus: 17 cm<br \/>\nVarre l\u00e4bim\u00f5\u00f5t: 1,30 cm<br \/>\nPlaadi l\u00e4bim\u00f5\u00f5t: 11,40 cm<\/p>\n<p><img decoding=\"async\" loading=\"lazy\" class=\"alignnone size-medium wp-image-38520 webpexpress-processed\" title=\"Vesipiibu ALPHA HOOKAH Beat 1\" src=\"https:\/\/hookahshop.lt\/wp-content\/uploads\/2020\/09\/stiebas-kolba-zarna-kandiklis-1-300x273.jpg\" alt=\"varre kolvi vooliku huulik 1 - hookahshop.lt\" width=\"300\" height=\"273\" srcset=\"https:\/\/hookahshop.lt\/wp-content\/uploads\/2020\/09\/stiebas-kolba-zarna-kandiklis-1-300x273.jpg 300w, https:\/\/hookahshop.lt\/wp-content\/uploads\/2020\/09\/stiebas-kolba-zarna-kandiklis-1-13x12.jpg 13w, https:\/\/hookahshop.lt\/wp-content\/uploads\/2020\/09\/stiebas-kolba-zarna-kandiklis-1-64x58.jpg 64w, https:\/\/hookahshop.lt\/wp-content\/uploads\/2020\/09\/stiebas-kolba-zarna-kandiklis-1.jpg 420w\" sizes=\"(max-width: 300px) 100vw, 300px\" \/><\/p>\n<p>Kas teil on k\u00fcsimusi? v\u00f5ta meiega \u00fchendust\u00a0<a href=\"https:\/\/hookahshop.lt\/et\/kontaktid\/\">kontaktide leht<\/a>\u00a0v\u00f5i saatke meile e-kiri aadressil\u00a0<a href=\"https:\/\/facebook.com\/HookahShop.lt\/\" target=\"_blank\" rel=\"noopener noreferrer\">Facebooki konto<\/a>\u00a0ja vastame teie taotlusele samal p\u00e4eval.<\/p>","protected":false},"excerpt":{"rendered":"<p>Vesipiip ALPHA HOOKAH Smart Exzo T\u00e4iesti uus Alpha vesipiibu mudel integreeritud valgustusega, mis annab kompaktsete varte vormitegurile uue t\u00e4henduse! Tootja Alpha vesipiibud on aastatel 2017\u20132023 v\u00f5itnud aasta vesipiibu tiitli \u00fcle 9 korra. Hookah Club Show ja JohnCalliano auhinnad. Eksklusiivne 4-positsiooniline hajuti aitab teil valida sobivaima vesipiibu \u00f5huvoolu. Mullil\u00f5ks \u2013 kaitse [\u2026]<\/p>","protected":false},"featured_media":39747,"comment_status":"open","ping_status":"closed","template":"","meta":[],"_links":{"self":[{"href":"https:\/\/hookahshop.lt\/et\/wp-json\/wp\/v2\/product\/39742"}],"collection":[{"href":"https:\/\/hookahshop.lt\/et\/wp-json\/wp\/v2\/product"}],"about":[{"href":"https:\/\/hookahshop.lt\/et\/wp-json\/wp\/v2\/types\/product"}],"replies":[{"embeddable":true,"href":"https:\/\/hookahshop.lt\/et\/wp-json\/wp\/v2\/comments?post=39742"}],"version-history":[{"count":7,"href":"https:\/\/hookahshop.lt\/et\/wp-json\/wp\/v2\/product\/39742\/revisions"}],"predecessor-version":[{"id":39762,"href":"https:\/\/hookahshop.lt\/et\/wp-json\/wp\/v2\/product\/39742\/revisions\/39762"}],"wp:featuredmedia":[{"embeddable":true,"href":"https:\/\/hookahshop.lt\/et\/wp-json\/wp\/v2\/media\/39747"}],"wp:attachment":[{"href":"https:\/\/hookahshop.lt\/et\/wp-json\/wp\/v2\/media?parent=39742"}],"curies":[{"name":"wp","href":"https:\/\/api.w.org\/{rel}","templated":true}]}}