{"id":39829,"date":"2024-08-22T22:04:27","date_gmt":"2024-08-22T19:04:27","guid":{"rendered":"https:\/\/hookahshop.lt\/?post_type=product&#038;p=39829"},"modified":"2026-04-18T23:29:30","modified_gmt":"2026-04-18T20:29:30","slug":"taurele-kaljanui-forma-hookah-killer-pink","status":"publish","type":"product","link":"https:\/\/hookahshop.lt\/et\/toode\/tass-vesipiibu-kuju-vesipiibu-tapja-roosa\/","title":{"rendered":"Vesipiibu tass FORMA HOOKAH Killer Pink"},"content":{"rendered":"<h2>Vesipiibu tass FORMA HOOKAH Killer Pink<\/h2>\n<p>See vesipiibu tass on valmistatud keraamikast. Tassi paksud seinad tagavad maksimaalse maitse ja mugavuse kuumusega t\u00f6\u00f6tamisel.<br \/>\nTubaka mahutavus tassis on 20-25 grammi.<\/p>\n<p><strong>Spetsifikatsioonid:<\/strong><br \/>\nK\u00f5rgus: 98mm<br \/>\nL\u00e4bim\u00f5\u00f5t (v\u00e4limine): 75 mm<br \/>\nL\u00e4bim\u00f5\u00f5t (sisemine): 62mm<br \/>\nS\u00fcgavus: 18mm<br \/>\nAva l\u00e4bim\u00f5\u00f5t: 7 mm<br \/>\nAukude arv: 5<br \/>\nKaal: ~ 305g<\/p>\n<p><strong>T\u00e4ielik komplekt: tass, karp ja topsi vahehoidik.<\/strong><\/p>\n<p>Kas teil on k\u00fcsimusi? v\u00f5ta meiega \u00fchendust\u00a0<a href=\"https:\/\/hookahshop.lt\/et\/kontaktid\/\">kontaktide leht<\/a>\u00a0v\u00f5i saatke meile e-kiri aadressil\u00a0<a href=\"https:\/\/facebook.com\/HookahShop.lt\/\" target=\"_blank\" rel=\"noopener noreferrer\">Facebooki konto<\/a>\u00a0ja vastame teie taotlusele samal p\u00e4eval.<\/p>","protected":false},"excerpt":{"rendered":"<p>Vesipiibutops FORMA HOOKAH Killer Pink See vesipiibutops on valmistatud keraamikast. Tassi paksud seinad tagavad maksimaalse maitse ja mugavuse kuumusega t\u00f6\u00f6tamisel. Tubaka mahutavus tassis on 20-25 grammi. Tehnilised andmed: K\u00f5rgus: 98mm L\u00e4bim\u00f5\u00f5t (v\u00e4limine): 75mm Diameeter (sisemine): 62mm S\u00fcgavus: 18mm Ava l\u00e4bim\u00f5\u00f5t: 7mm Aukude arv: 5 Kaal: ~ 305g Pakend: tass, karp ja vahet\u00fckk [\u2026]<\/p>","protected":false},"featured_media":39830,"comment_status":"open","ping_status":"closed","template":"","meta":[],"_links":{"self":[{"href":"https:\/\/hookahshop.lt\/et\/wp-json\/wp\/v2\/product\/39829"}],"collection":[{"href":"https:\/\/hookahshop.lt\/et\/wp-json\/wp\/v2\/product"}],"about":[{"href":"https:\/\/hookahshop.lt\/et\/wp-json\/wp\/v2\/types\/product"}],"replies":[{"embeddable":true,"href":"https:\/\/hookahshop.lt\/et\/wp-json\/wp\/v2\/comments?post=39829"}],"version-history":[{"count":3,"href":"https:\/\/hookahshop.lt\/et\/wp-json\/wp\/v2\/product\/39829\/revisions"}],"predecessor-version":[{"id":43013,"href":"https:\/\/hookahshop.lt\/et\/wp-json\/wp\/v2\/product\/39829\/revisions\/43013"}],"wp:featuredmedia":[{"embeddable":true,"href":"https:\/\/hookahshop.lt\/et\/wp-json\/wp\/v2\/media\/39830"}],"wp:attachment":[{"href":"https:\/\/hookahshop.lt\/et\/wp-json\/wp\/v2\/media?parent=39829"}],"curies":[{"name":"wp","href":"https:\/\/api.w.org\/{rel}","templated":true}]}}