{"id":39837,"date":"2024-08-22T22:55:06","date_gmt":"2024-08-22T19:55:06","guid":{"rendered":"https:\/\/hookahshop.lt\/?post_type=product&#038;p=39837"},"modified":"2026-04-15T12:29:42","modified_gmt":"2026-04-15T09:29:42","slug":"anglys-kaljanui-izzy-coco-25mm-1kg","status":"publish","type":"product","link":"https:\/\/hookahshop.lt\/et\/toode\/susi-piibu-jaoks-izzy-coco-25mm-1kg\/","title":{"rendered":"S\u00fcsi vesipiibu jaoks IZZY COCO 25mm 1kg"},"content":{"rendered":"<h2>S\u00fcsi vesipiibu jaoks IZZY COCO 25mm 1kg<\/h2>\n<p>Valmistatud naturaalsest kookoskoorest.<br \/>\n\u00dche s\u00fcsiniku m\u00f5\u00f5dud: 25x25x25mm.<br \/>\nKarbis on 72 s\u00fcsinikku.<br \/>\nS\u00f6ed hoiavad soojust kaua.<br \/>\nV\u00e4hem tuhka.<br \/>\nL\u00f5hnatu.<br \/>\nP\u00e4ritoluriik: Indoneesia<br \/>\n<strong>S\u00f6e p\u00f5letamiseks vajate vesipiibu, turistide gaasipliidi vms jaoks elektrilist pliiti.<\/strong><\/p>\n<p>Kas teil on k\u00fcsimusi? v\u00f5ta meiega \u00fchendust\u00a0<a href=\"https:\/\/hookahshop.lt\/et\/kontaktid\/\">kontaktide leht<\/a>\u00a0v\u00f5i saatke meile e-kiri aadressil\u00a0<a href=\"https:\/\/facebook.com\/HookahShop.lt\/\" target=\"_blank\" rel=\"noopener noreferrer\">Facebooki konto<\/a>\u00a0ja vastame teie taotlusele samal p\u00e4eval.<\/p>","protected":false},"excerpt":{"rendered":"<p>S\u00fcsi vesipiibu jaoks IZZY COCO 25mm 1kg Valmistatud naturaalsest kookoskoorest. \u00dche s\u00fcsiniku m\u00f5\u00f5dud: 25x25x25mm. Karbis on 72 s\u00fcsinikku. S\u00fcsi hoiab soojust kaua. V\u00e4hem tuhka. L\u00f5hnatu. P\u00e4ritoluriik: Indoneesia S\u00f6e s\u00fc\u00fctamiseks vajate vesipiibu elektripliiti, turistigaasipliiti vms. Kas teil on k\u00fcsimusi? V\u00f5tke meiega \u00fchendust kontaktide lehel v\u00f5i kirjutage meile meie Facebooki kontol ja vastame teie p\u00e4ringule [\u2026]<\/p>","protected":false},"featured_media":39841,"comment_status":"open","ping_status":"closed","template":"","meta":[],"_links":{"self":[{"href":"https:\/\/hookahshop.lt\/et\/wp-json\/wp\/v2\/product\/39837"}],"collection":[{"href":"https:\/\/hookahshop.lt\/et\/wp-json\/wp\/v2\/product"}],"about":[{"href":"https:\/\/hookahshop.lt\/et\/wp-json\/wp\/v2\/types\/product"}],"replies":[{"embeddable":true,"href":"https:\/\/hookahshop.lt\/et\/wp-json\/wp\/v2\/comments?post=39837"}],"version-history":[{"count":5,"href":"https:\/\/hookahshop.lt\/et\/wp-json\/wp\/v2\/product\/39837\/revisions"}],"predecessor-version":[{"id":39842,"href":"https:\/\/hookahshop.lt\/et\/wp-json\/wp\/v2\/product\/39837\/revisions\/39842"}],"wp:featuredmedia":[{"embeddable":true,"href":"https:\/\/hookahshop.lt\/et\/wp-json\/wp\/v2\/media\/39841"}],"wp:attachment":[{"href":"https:\/\/hookahshop.lt\/et\/wp-json\/wp\/v2\/media?parent=39837"}],"curies":[{"name":"wp","href":"https:\/\/api.w.org\/{rel}","templated":true}]}}