{"id":39844,"date":"2024-08-22T23:03:08","date_gmt":"2024-08-22T20:03:08","guid":{"rendered":"https:\/\/hookahshop.lt\/?post_type=product&#038;p=39844"},"modified":"2026-04-06T23:29:37","modified_gmt":"2026-04-06T20:29:37","slug":"anglys-kaljanui-izzy-coco-26mm-1kg","status":"publish","type":"product","link":"https:\/\/hookahshop.lt\/et\/toode\/susi-piibu-jaoks-izzy-coco-26mm-1kg\/","title":{"rendered":"S\u00fcsi vesipiibu jaoks IZZY COCO 26mm 1kg"},"content":{"rendered":"<h2>S\u00fcsi vesipiibu jaoks IZZY COCO 26mm 1kg<\/h2>\n<p>Valmistatud naturaalsest kookoskoorest.<br \/>\n\u00dche s\u00fcsiniku m\u00f5\u00f5dud: 26x26x26mm.<br \/>\nKarbis on 64 s\u00fcsinikku.<br \/>\nS\u00f6ed hoiavad soojust kaua.<br \/>\nV\u00e4hem tuhka.<br \/>\nL\u00f5hnatu.<br \/>\nS\u00f6e p\u00f5letamiseks vajate vesipiibu, turistide gaasipliidi vms jaoks elektrilist pliiti.<br \/>\nP\u00e4ritoluriik: Indoneesia<\/p>\n<p>Kas teil on k\u00fcsimusi? v\u00f5ta meiega \u00fchendust\u00a0<a href=\"https:\/\/hookahshop.lt\/et\/kontaktid\/\">kontaktide leht<\/a>\u00a0v\u00f5i saatke meile e-kiri aadressil\u00a0<a href=\"https:\/\/facebook.com\/HookahShop.lt\/\" target=\"_blank\" rel=\"noopener noreferrer\">Facebooki konto<\/a>\u00a0ja vastame teie taotlusele samal p\u00e4eval.<\/p>","protected":false},"excerpt":{"rendered":"<p>Vesipiibu s\u00fcsi IZZY COCO 26mm 1kg Valmistatud naturaalsest kookosp\u00e4hkli koorest. \u00dche s\u00f6e m\u00f5\u00f5dud: 26x26x26mm. Karbis on 64 s\u00fctt. S\u00f6ed hoiavad kaua soojust. V\u00e4hem tuhka. L\u00f5hnatu. S\u00f6e s\u00fc\u00fctamiseks on vaja elektrilist vesipiibu keeduplaati, turistigaasipliiti vms. P\u00e4ritoluriik: Indoneesia Kas teil on k\u00fcsimusi? V\u00f5tke meiega \u00fchendust kontaktide lehel v\u00f5i kirjutage meile Facebookis ja me vastame teie p\u00e4ringule esimesel v\u00f5imalusel.<\/p>","protected":false},"featured_media":39864,"comment_status":"open","ping_status":"closed","template":"","meta":[],"_links":{"self":[{"href":"https:\/\/hookahshop.lt\/et\/wp-json\/wp\/v2\/product\/39844"}],"collection":[{"href":"https:\/\/hookahshop.lt\/et\/wp-json\/wp\/v2\/product"}],"about":[{"href":"https:\/\/hookahshop.lt\/et\/wp-json\/wp\/v2\/types\/product"}],"replies":[{"embeddable":true,"href":"https:\/\/hookahshop.lt\/et\/wp-json\/wp\/v2\/comments?post=39844"}],"version-history":[{"count":4,"href":"https:\/\/hookahshop.lt\/et\/wp-json\/wp\/v2\/product\/39844\/revisions"}],"predecessor-version":[{"id":45177,"href":"https:\/\/hookahshop.lt\/et\/wp-json\/wp\/v2\/product\/39844\/revisions\/45177"}],"wp:featuredmedia":[{"embeddable":true,"href":"https:\/\/hookahshop.lt\/et\/wp-json\/wp\/v2\/media\/39864"}],"wp:attachment":[{"href":"https:\/\/hookahshop.lt\/et\/wp-json\/wp\/v2\/media?parent=39844"}],"curies":[{"name":"wp","href":"https:\/\/api.w.org\/{rel}","templated":true}]}}