{"id":39849,"date":"2024-08-22T23:37:40","date_gmt":"2024-08-22T20:37:40","guid":{"rendered":"https:\/\/hookahshop.lt\/?post_type=product&#038;p=39849"},"modified":"2026-04-14T23:29:43","modified_gmt":"2026-04-14T20:29:43","slug":"kaitlente-kaljano-anglims-jookah-small","status":"publish","type":"product","link":"https:\/\/hookahshop.lt\/et\/toode\/pliidiplaat-vesipiip-susi-jooka-vaike\/","title":{"rendered":"Pliidiplaat vesipiibu s\u00f6e jaoks JOOKAH V\u00e4ike"},"content":{"rendered":"<h2>Pliidiplaat vesipiibu s\u00f6e jaoks JOOKAH V\u00e4ike<\/h2>\n<div class=\"product_inf_options_box_odd_row_val\">See on v\u00e4ike kaitserestiga kuum pott looduslike kookoss\u00f6e soojendamiseks. S\u00fcsi toetub kindlalt s\u00f6erestile ja kaitseb k\u00fctteelementi. See tagab s\u00f6es\u00fc\u00fctaja eluea.<\/div>\n<div><\/div>\n<div class=\"product_inf_options_box_odd_row_val\"><strong>Spetsifikatsioon:<\/strong><br \/>\nMahutavus: kuni 4 vesipiibu s\u00fctt (26x26x26mm)<br \/>\nV\u00f5imsus: 500W<br \/>\nToitejuhe: 1 m.<br \/>\nPinge: 230V ~ 50Hz<\/div>\n<div class=\"product_inf_options_box_odd_row_val\">Temperatuur: reguleeritav<br \/>\nOhutus: \u00fclekuumenemiskaitse, CE kontrollitud<\/p>\n<div>S\u00f6e kuumutamise aeg: ~10min.<\/div>\n<div><\/div>\n<div>Kas teil on k\u00fcsimusi? v\u00f5ta meiega \u00fchendust\u00a0<a href=\"https:\/\/hookahshop.lt\/et\/kontaktid\/\">kontaktide leht<\/a>\u00a0v\u00f5i saatke meile e-kiri aadressil\u00a0<a href=\"https:\/\/facebook.com\/HookahShop.lt\/\" target=\"_blank\" rel=\"noopener noreferrer\">Facebooki konto<\/a>\u00a0ja vastame teie taotlusele samal p\u00e4eval.<\/div>\n<\/div>","protected":false},"excerpt":{"rendered":"<p>Pliidiplaat vesipiibu s\u00f6e jaoks JOOKAH Small See on v\u00e4ike kaitserestiga pliidiplaat looduslike kookoss\u00f6e soojendamiseks. S\u00fcsi toetub kindlalt s\u00f6erestile ja kaitseb k\u00fctteelementi. See tagab s\u00f6es\u00fc\u00fctaja eluea. Spetsifikatsioon: Mahutavus: kuni 4 vesipiibu s\u00fctt (26x26x26mm) V\u00f5imsus: 500W Toitekaabel: 1 m. Pinge: 230V ~ 50Hz Temperatuur: reguleeritav Ohutus: Kaitse \u00fclekuumenemise eest, [...]<\/p>","protected":false},"featured_media":39850,"comment_status":"open","ping_status":"closed","template":"","meta":[],"_links":{"self":[{"href":"https:\/\/hookahshop.lt\/et\/wp-json\/wp\/v2\/product\/39849"}],"collection":[{"href":"https:\/\/hookahshop.lt\/et\/wp-json\/wp\/v2\/product"}],"about":[{"href":"https:\/\/hookahshop.lt\/et\/wp-json\/wp\/v2\/types\/product"}],"replies":[{"embeddable":true,"href":"https:\/\/hookahshop.lt\/et\/wp-json\/wp\/v2\/comments?post=39849"}],"version-history":[{"count":4,"href":"https:\/\/hookahshop.lt\/et\/wp-json\/wp\/v2\/product\/39849\/revisions"}],"predecessor-version":[{"id":39854,"href":"https:\/\/hookahshop.lt\/et\/wp-json\/wp\/v2\/product\/39849\/revisions\/39854"}],"wp:featuredmedia":[{"embeddable":true,"href":"https:\/\/hookahshop.lt\/et\/wp-json\/wp\/v2\/media\/39850"}],"wp:attachment":[{"href":"https:\/\/hookahshop.lt\/et\/wp-json\/wp\/v2\/media?parent=39849"}],"curies":[{"name":"wp","href":"https:\/\/api.w.org\/{rel}","templated":true}]}}