{"id":39855,"date":"2024-08-23T00:12:13","date_gmt":"2024-08-22T21:12:13","guid":{"rendered":"https:\/\/hookahshop.lt\/?post_type=product&#038;p=39855"},"modified":"2026-05-14T23:30:00","modified_gmt":"2026-05-14T20:30:00","slug":"uzkuriklis-anglims-jookah-toaster","status":"publish","type":"product","link":"https:\/\/hookahshop.lt\/et\/toode\/soesuutaja-jooka-roster\/","title":{"rendered":"Looduslik s\u00fcsivesikute s\u00fc\u00fctaja JOOKAH R\u00f6ster"},"content":{"rendered":"<h2>Looduslik s\u00fcsivesikute s\u00fc\u00fctaja JOOKAH R\u00f6ster<\/h2>\n<p>See aitab teil mugavalt soojendada vesipiibu s\u00fctt, mis on teistest k\u00fctteseadmetest ohutum ja \u00f6konoomne t\u00e4nu oma 800 W v\u00f5imsusele. Kompaktne ja lihtne transportida.<br \/>\nMahutavus kuni 5-6 s\u00fcsinikku suurusega kuni 26mm. S\u00fcsi kuumutatakse keskmiselt 10-12 minutit.<\/p>\n<p><strong>Spetsifikatsioon:<\/strong><br \/>\nTermostaat: jah<br \/>\nV\u00f5imsus: 800 W<br \/>\nPinge: 230V<br \/>\nSagedus: 50 Hz<\/p>\n<p>Kas teil on k\u00fcsimusi? v\u00f5ta meiega \u00fchendust\u00a0<a href=\"https:\/\/hookahshop.lt\/et\/kontaktid\/\">kontaktide leht<\/a>\u00a0v\u00f5i saatke meile e-kiri aadressil\u00a0<a href=\"https:\/\/facebook.com\/HookahShop.lt\/\" target=\"_blank\" rel=\"noopener noreferrer\">Facebooki konto<\/a>\u00a0ja vastame teie taotlusele samal p\u00e4eval.<\/p>","protected":false},"excerpt":{"rendered":"<p>Naturaalse kivis\u00f6e tulemasin JOOKAH r\u00f6ster See aitab teil mugavalt vesipiibus\u00fctt soojendada, olles teistest k\u00fctteseadmetest turvalisem ja \u00f6konoomne t\u00e4nu oma 800w v\u00f5imsusele. Kompaktne ja lihtne transportida. Mahutab kuni 5-6 s\u00fcsinikku suurusega kuni 26 mm. S\u00f6ed kuumutatakse keskmiselt 10-12 minutiga. Spetsifikatsioon: Termostaat: Jah V\u00f5imsus: 800 W Pinge: 230 V Sagedus: 50 Hz Kas teil on k\u00fcsimusi? V\u00f5tke \u00fchendust [\u2026]<\/p>","protected":false},"featured_media":39857,"comment_status":"open","ping_status":"closed","template":"","meta":[],"_links":{"self":[{"href":"https:\/\/hookahshop.lt\/et\/wp-json\/wp\/v2\/product\/39855"}],"collection":[{"href":"https:\/\/hookahshop.lt\/et\/wp-json\/wp\/v2\/product"}],"about":[{"href":"https:\/\/hookahshop.lt\/et\/wp-json\/wp\/v2\/types\/product"}],"replies":[{"embeddable":true,"href":"https:\/\/hookahshop.lt\/et\/wp-json\/wp\/v2\/comments?post=39855"}],"version-history":[{"count":4,"href":"https:\/\/hookahshop.lt\/et\/wp-json\/wp\/v2\/product\/39855\/revisions"}],"predecessor-version":[{"id":45187,"href":"https:\/\/hookahshop.lt\/et\/wp-json\/wp\/v2\/product\/39855\/revisions\/45187"}],"wp:featuredmedia":[{"embeddable":true,"href":"https:\/\/hookahshop.lt\/et\/wp-json\/wp\/v2\/media\/39857"}],"wp:attachment":[{"href":"https:\/\/hookahshop.lt\/et\/wp-json\/wp\/v2\/media?parent=39855"}],"curies":[{"name":"wp","href":"https:\/\/api.w.org\/{rel}","templated":true}]}}