{"id":39865,"date":"2024-08-23T17:23:50","date_gmt":"2024-08-23T14:23:50","guid":{"rendered":"https:\/\/hookahshop.lt\/?post_type=product&#038;p=39865"},"modified":"2026-04-15T23:29:36","modified_gmt":"2026-04-15T20:29:36","slug":"naturaliu-angliuku-uzkuriklis-jookah-jackpot","status":"publish","type":"product","link":"https:\/\/hookahshop.lt\/et\/toode\/looduslik-susi-starter-jookah-jackpot\/","title":{"rendered":"Natural Carb Lighter JOOKAH Jackpot"},"content":{"rendered":"<h2>Natural Carb Lighter JOOKAH Jackpot<\/h2>\n<p>Aitab mugavalt soojendada vesipiibu s\u00fctt. Kompaktne ja lihtne transportida. Looduslik kivis\u00fcsi soojeneb keskmiselt 5-10 minutiga. Eemaldatavat s\u00f6ealust koos k\u00e4epidemega s\u00f6ealuse liigutamiseks saab kasutada m\u00f5lemat tangidena. Termostaadiga reguleeritav temperatuur kuni 6 astet.<\/p>\n<p><strong>Tehnilised andmed:<\/strong><br \/>\nTermostaat: jah<br \/>\nS\u00fcsinikumagasin: roostevaba teras<br \/>\nV\u00f5imsus: 800 W<br \/>\nPinge: 230V, ~50Hz<br \/>\nMahutavus: 8 s\u00fcsi (26 mm)<br \/>\nKaabli pikkus: 1,2 m<br \/>\nP\u00e4ritoluriik: Saksamaa<\/p>\n<p>Kas teil on k\u00fcsimusi? v\u00f5ta meiega \u00fchendust\u00a0<a href=\"https:\/\/hookahshop.lt\/et\/kontaktid\/\">kontaktide leht<\/a>\u00a0v\u00f5i saatke meile e-kiri aadressil\u00a0<a href=\"https:\/\/facebook.com\/HookahShop.lt\/\" target=\"_blank\" rel=\"noopener noreferrer\">Facebooki konto<\/a>\u00a0ja vastame teie taotlusele samal p\u00e4eval.<\/p>","protected":false},"excerpt":{"rendered":"<p>JOOKAH Jackpot naturaalse s\u00f6e tulemasin aitab teil mugavalt vesipiibu s\u00fctt soojendada. Kompaktne ja lihtne transportida. Looduslik kivis\u00fcsi soojeneb keskmiselt 5-10 minutiga. Eemaldatav k\u00e4epidemega s\u00f6epunker s\u00f6epunkri liigutamiseks ja seda saab kasutada tangidena. Termostaadiga reguleeritav temperatuur kuni 6 astet. Tehnilised andmed: Termostaat: saadaval S\u00fcsinikupaak: roostevaba teras V\u00f5imsus: 800 W [\u2026]<\/p>","protected":false},"featured_media":39866,"comment_status":"open","ping_status":"closed","template":"","meta":[],"_links":{"self":[{"href":"https:\/\/hookahshop.lt\/et\/wp-json\/wp\/v2\/product\/39865"}],"collection":[{"href":"https:\/\/hookahshop.lt\/et\/wp-json\/wp\/v2\/product"}],"about":[{"href":"https:\/\/hookahshop.lt\/et\/wp-json\/wp\/v2\/types\/product"}],"replies":[{"embeddable":true,"href":"https:\/\/hookahshop.lt\/et\/wp-json\/wp\/v2\/comments?post=39865"}],"version-history":[{"count":5,"href":"https:\/\/hookahshop.lt\/et\/wp-json\/wp\/v2\/product\/39865\/revisions"}],"predecessor-version":[{"id":45705,"href":"https:\/\/hookahshop.lt\/et\/wp-json\/wp\/v2\/product\/39865\/revisions\/45705"}],"wp:featuredmedia":[{"embeddable":true,"href":"https:\/\/hookahshop.lt\/et\/wp-json\/wp\/v2\/media\/39866"}],"wp:attachment":[{"href":"https:\/\/hookahshop.lt\/et\/wp-json\/wp\/v2\/media?parent=39865"}],"curies":[{"name":"wp","href":"https:\/\/api.w.org\/{rel}","templated":true}]}}