{"id":39873,"date":"2024-08-23T18:07:49","date_gmt":"2024-08-23T15:07:49","guid":{"rendered":"https:\/\/hookahshop.lt\/?post_type=product&#038;p=39873"},"modified":"2026-04-18T23:29:30","modified_gmt":"2026-04-18T20:29:30","slug":"individualus-kaljano-kandiklis-blue","status":"publish","type":"product","link":"https:\/\/hookahshop.lt\/et\/toode\/individuaalne-vesipiibu-huulik-sinine\/","title":{"rendered":"Individuaalne vesipiibu huulik Sinine"},"content":{"rendered":"<h2>Individuaalne vesipiibu huulik Sinine<\/h2>\n<p>Garanteerib teile h\u00fcgieenilise vesipiibu kogemuse. Seda huulikut kasutades ei tee te midagi head ainult endale ja oma h\u00fcgieenile, vaid ka keskkonnale, sest huulikuid ei visata p\u00e4rast suitsetamist minema nagu \u00fcksikuid \u00fchekordseid huulikuid.<\/p>\n<p><strong>Spetsifikatsioon:<\/strong><br \/>\nM\u00f5\u00f5dud: 7,5x2 cm<br \/>\nLindi pikkus: 47 cm<br \/>\nMaterjal: akr\u00fc\u00fcl<br \/>\nT\u00e4ielik komplekt: kott, teip, individuaalne huulik.<\/p>\n<p>&nbsp;<\/p>\n<p>Kas teil on k\u00fcsimusi? v\u00f5ta meiega \u00fchendust\u00a0<a href=\"https:\/\/hookahshop.lt\/et\/kontaktid\/\">kontaktide leht<\/a>\u00a0v\u00f5i saatke meile e-kiri aadressil\u00a0<a href=\"https:\/\/facebook.com\/HookahShop.lt\/\" target=\"_blank\" rel=\"noopener noreferrer\">Facebooki konto<\/a>\u00a0ja vastame teie taotlusele samal p\u00e4eval.<\/p>","protected":false},"excerpt":{"rendered":"<p>Individuaalne vesipiibu huulik Sinine Garanteerib teile h\u00fcgieenilise vesipiibu kogemuse. Seda huulikut kasutades ei tee te midagi head ainult endale ja oma h\u00fcgieenile, vaid ka keskkonnale, sest huulikuid ei visata p\u00e4rast suitsetamist minema nagu \u00fcksikuid \u00fchekordseid huulikuid. Spetsifikatsioon: M\u00f5\u00f5dud: 7,5x2cm Teibi pikkus: 47cm Materjal: akr\u00fc\u00fcl Komplekt: kott, teip, individuaalne huulik.  Kas teil on k\u00fcsimusi? V\u00f5tke meiega \u00fchendust meie kontakti kaudu [\u2026]<\/p>","protected":false},"featured_media":39875,"comment_status":"open","ping_status":"closed","template":"","meta":[],"_links":{"self":[{"href":"https:\/\/hookahshop.lt\/et\/wp-json\/wp\/v2\/product\/39873"}],"collection":[{"href":"https:\/\/hookahshop.lt\/et\/wp-json\/wp\/v2\/product"}],"about":[{"href":"https:\/\/hookahshop.lt\/et\/wp-json\/wp\/v2\/types\/product"}],"replies":[{"embeddable":true,"href":"https:\/\/hookahshop.lt\/et\/wp-json\/wp\/v2\/comments?post=39873"}],"version-history":[{"count":5,"href":"https:\/\/hookahshop.lt\/et\/wp-json\/wp\/v2\/product\/39873\/revisions"}],"predecessor-version":[{"id":39880,"href":"https:\/\/hookahshop.lt\/et\/wp-json\/wp\/v2\/product\/39873\/revisions\/39880"}],"wp:featuredmedia":[{"embeddable":true,"href":"https:\/\/hookahshop.lt\/et\/wp-json\/wp\/v2\/media\/39875"}],"wp:attachment":[{"href":"https:\/\/hookahshop.lt\/et\/wp-json\/wp\/v2\/media?parent=39873"}],"curies":[{"name":"wp","href":"https:\/\/api.w.org\/{rel}","templated":true}]}}