{"id":39886,"date":"2024-08-23T18:51:43","date_gmt":"2024-08-23T15:51:43","guid":{"rendered":"https:\/\/hookahshop.lt\/?post_type=product&#038;p=39886"},"modified":"2026-04-18T23:29:30","modified_gmt":"2026-04-18T20:29:30","slug":"kaljanas-hoob-pro-space-grey-x-ss","status":"publish","type":"product","link":"https:\/\/hookahshop.lt\/et\/toode\/hookah-hoob-pro-space-grey-x-ss\/","title":{"rendered":"Vesipiip HOOB Pro Space Grey x SS"},"content":{"rendered":"<h2>Vesipiip HOOB Pro Space Grey x SS<\/h2>\n<p>Hoobi juba populaarne h\u00f5bedane disain ja ebastandardsed kujud muudavad selle vesipiibu t\u00f5eliselt ainulaadseks, seda saab kasutada k\u00f5ikjal, kus soovite, looduses, kodus, kontoris. Kvaliteetsed materjalid on ideaalselt sobitatud, et tagada vesipiibu pikim eluiga koos kaasaegse v\u00e4limusega.<\/p>\n<p><strong>Omadused:<\/strong><br \/>\nK\u00f5rgus: 72 cm<br \/>\nMaterjal:: roostevaba teras<br \/>\nVooliku pistik: magnetiline<br \/>\nHajuti: jah<\/p>\n<p><strong>Varustus:<\/strong><br \/>\nV\u00f5lli<br \/>\nKeermega huulik HOOB<br \/>\nVoolik hall HOOB<br \/>\nKeermega kolb<\/p>\n<p><img decoding=\"async\" loading=\"lazy\" class=\"alignnone size-medium wp-image-38520\" src=\"https:\/\/hookahshop.lt\/wp-content\/uploads\/2020\/09\/stiebas-kolba-zarna-kandiklis-1-300x273.jpg\" alt=\"- hookahshop.lt\" width=\"300\" height=\"273\" srcset=\"https:\/\/hookahshop.lt\/wp-content\/uploads\/2020\/09\/stiebas-kolba-zarna-kandiklis-1-300x273.jpg 300w, https:\/\/hookahshop.lt\/wp-content\/uploads\/2020\/09\/stiebas-kolba-zarna-kandiklis-1-13x12.jpg 13w, https:\/\/hookahshop.lt\/wp-content\/uploads\/2020\/09\/stiebas-kolba-zarna-kandiklis-1-64x58.jpg 64w, https:\/\/hookahshop.lt\/wp-content\/uploads\/2020\/09\/stiebas-kolba-zarna-kandiklis-1.jpg 420w\" sizes=\"(max-width: 300px) 100vw, 300px\" title=\"\"><\/p>\n<p>Kas teil on k\u00fcsimusi? v\u00f5ta meiega \u00fchendust\u00a0<a href=\"https:\/\/hookahshop.lt\/et\/kontaktid\/\">kontaktide leht<\/a>\u00a0v\u00f5i saatke meile e-kiri aadressil\u00a0<a href=\"https:\/\/facebook.com\/HookahShop.lt\/\" target=\"_blank\" rel=\"noopener noreferrer\">Facebooki konto<\/a>\u00a0ja vastame teie taotlusele samal p\u00e4eval.<\/p>","protected":false},"excerpt":{"rendered":"<p>Vesipiibu HOOB Pro Space Grey x SS Juba populaarne &quot;Hoob&quot; h\u00f5bedane disain ja mittestandardsed vormid muudavad selle vesipiibu t\u00f5eliselt ainulaadseks, seda saab kasutada k\u00f5ikjal, kus soovite, looduses, kodus, kontoris. Kvaliteetsed materjalid on ideaalselt sobitatud, et tagada vesipiibu pikim eluiga ja sobitada kaasaegse v\u00e4limusega. Omadused: K\u00f5rgus: 72cm Materjal:: roostevaba teras Voolikud [\u2026]<\/p>","protected":false},"featured_media":39887,"comment_status":"open","ping_status":"closed","template":"","meta":[],"_links":{"self":[{"href":"https:\/\/hookahshop.lt\/et\/wp-json\/wp\/v2\/product\/39886"}],"collection":[{"href":"https:\/\/hookahshop.lt\/et\/wp-json\/wp\/v2\/product"}],"about":[{"href":"https:\/\/hookahshop.lt\/et\/wp-json\/wp\/v2\/types\/product"}],"replies":[{"embeddable":true,"href":"https:\/\/hookahshop.lt\/et\/wp-json\/wp\/v2\/comments?post=39886"}],"version-history":[{"count":3,"href":"https:\/\/hookahshop.lt\/et\/wp-json\/wp\/v2\/product\/39886\/revisions"}],"predecessor-version":[{"id":39894,"href":"https:\/\/hookahshop.lt\/et\/wp-json\/wp\/v2\/product\/39886\/revisions\/39894"}],"wp:featuredmedia":[{"embeddable":true,"href":"https:\/\/hookahshop.lt\/et\/wp-json\/wp\/v2\/media\/39887"}],"wp:attachment":[{"href":"https:\/\/hookahshop.lt\/et\/wp-json\/wp\/v2\/media?parent=39886"}],"curies":[{"name":"wp","href":"https:\/\/api.w.org\/{rel}","templated":true}]}}