{"id":39928,"date":"2024-08-23T22:47:06","date_gmt":"2024-08-23T19:47:06","guid":{"rendered":"https:\/\/hookahshop.lt\/?post_type=product&#038;p=39928"},"modified":"2026-04-18T23:29:30","modified_gmt":"2026-04-18T20:29:30","slug":"taurele-kaljanui-oblako-trio-line-blue","status":"publish","type":"product","link":"https:\/\/hookahshop.lt\/et\/toode\/tass-vesipiip-pilve-trio-joon-sinine\/","title":{"rendered":"Vesipiibu kauss OBLAKO Trio Line Blue"},"content":{"rendered":"<h2>Vesipiibu kauss OBLAKO Trio Line Blue<\/h2>\n<p>See on uue formaadiga tass ruudustiku kujul, kuid sellel on phunnel t\u00fc\u00fcpi tassi omadused! Igap\u00e4evaseks suitsetamiseks, ideaalne kerge ja raske tubaka jaoks! Tass on kaetud glasuuriga, t\u00e4nu millele suudab see kaua s\u00e4ilitada oma esialgsed omadused ja v\u00e4limus. OBLAKO kasutab ainult inimesele ohutut toiduglasuuri, mille on v\u00e4lja t\u00f6\u00f6tanud partnerid spetsialiseeritud laborites.<\/p>\n<p>Tassit\u00e4is tubakat mahutab 20-25 g.<\/p>\n<p><strong>Spetsifikatsioonid:<\/strong><sub><br \/>\n<\/sub>K\u00f5rgus: 10,5 mm<sub><br \/>\n<\/sub>L\u00e4bim\u00f5\u00f5t (v\u00e4limine): 7,5 mm<sub><br \/>\n<\/sub>Aukude arv: 1<sub><br \/>\n<\/sub><\/p>\n<p>Kas teil on k\u00fcsimusi? v\u00f5ta meiega \u00fchendust\u00a0<a href=\"https:\/\/hookahshop.lt\/et\/kontaktid\/\">kontaktide leht<\/a>\u00a0v\u00f5i saatke meile e-kiri aadressil\u00a0<a href=\"https:\/\/facebook.com\/HookahShop.lt\/\" target=\"_blank\" rel=\"noopener\">Facebooki konto<\/a>\u00a0ja vastame teie taotlusele samal p\u00e4eval.<\/p>\n<p>&nbsp;<\/p>","protected":false},"excerpt":{"rendered":"<p>Vesipiibu tass OBLAKO Trio Line Blue See on uue formaadiga tass ruudustiku kujul, kuid selle omadused on nagu phunnel tassid! Igap\u00e4evaseks suitsetamiseks, ideaalne kerge ja raske tubaka jaoks! Tass on kaetud glasuuriga, t\u00e4nu millele suudab see kaua s\u00e4ilitada oma esialgsed omadused ja v\u00e4limus. OBLAKO kasutab ainult inimesele ohutut toiduglasuuri, mille on v\u00e4lja t\u00f6\u00f6tanud partnerid spetsialiseeritud laborites. [\u2026]<\/p>","protected":false},"featured_media":39929,"comment_status":"open","ping_status":"closed","template":"","meta":[],"_links":{"self":[{"href":"https:\/\/hookahshop.lt\/et\/wp-json\/wp\/v2\/product\/39928"}],"collection":[{"href":"https:\/\/hookahshop.lt\/et\/wp-json\/wp\/v2\/product"}],"about":[{"href":"https:\/\/hookahshop.lt\/et\/wp-json\/wp\/v2\/types\/product"}],"replies":[{"embeddable":true,"href":"https:\/\/hookahshop.lt\/et\/wp-json\/wp\/v2\/comments?post=39928"}],"version-history":[{"count":2,"href":"https:\/\/hookahshop.lt\/et\/wp-json\/wp\/v2\/product\/39928\/revisions"}],"predecessor-version":[{"id":39931,"href":"https:\/\/hookahshop.lt\/et\/wp-json\/wp\/v2\/product\/39928\/revisions\/39931"}],"wp:featuredmedia":[{"embeddable":true,"href":"https:\/\/hookahshop.lt\/et\/wp-json\/wp\/v2\/media\/39929"}],"wp:attachment":[{"href":"https:\/\/hookahshop.lt\/et\/wp-json\/wp\/v2\/media?parent=39928"}],"curies":[{"name":"wp","href":"https:\/\/api.w.org\/{rel}","templated":true}]}}