{"id":40048,"date":"2024-09-23T20:32:23","date_gmt":"2024-09-23T17:32:23","guid":{"rendered":"https:\/\/hookahshop.lt\/?post_type=product&#038;p=40048"},"modified":"2026-04-15T12:29:42","modified_gmt":"2026-04-15T09:29:42","slug":"kaljanas-honey-sigh-mini-force-elegant","status":"publish","type":"product","link":"https:\/\/hookahshop.lt\/et\/toode\/vesipiibu-mesi-ohk-mini-jou-elegantne\/","title":{"rendered":"Vesipiip HONEY SIGH Mini Force Elegant"},"content":{"rendered":"<h2>Vesipiip HONEY SIGH Mini Force Elegant<\/h2>\n<p>Sellel on suurep\u00e4rased t\u00f6\u00f6- ja suitsetamisomadused. K\u00f5ik vesipiibu osad on valmistatud roostevabast terasest \u2013 vastupidavad ja stiilsed. Vesipiibu suurus on mugav nii transportimiseks kui ka kodus kasutamiseks.<\/p>\n<p><strong>Omadused:<\/strong><br \/>\nVesipiibu k\u00f5rgus: 41 mm<br \/>\nMaterjal: roostevaba teras<br \/>\nVesipiibu loosimine: raske (klassikaline)<br \/>\nSuitsu puhumine: alt \u00fcles.<\/p>\n<p><strong>Varustus:<\/strong><br \/>\nVesipiip (vars), huulik, silikoonvoolik, l\u00e4bipaistev kolb.<\/p>\n<p><img decoding=\"async\" loading=\"lazy\" class=\"alignnone size-medium wp-image-38520\" src=\"https:\/\/hookahshop.lt\/wp-content\/uploads\/2020\/09\/stiebas-kolba-zarna-kandiklis-1-300x273.jpg\" alt=\"- hookahshop.lt\" width=\"300\" height=\"273\" srcset=\"https:\/\/hookahshop.lt\/wp-content\/uploads\/2020\/09\/stiebas-kolba-zarna-kandiklis-1-300x273.jpg 300w, https:\/\/hookahshop.lt\/wp-content\/uploads\/2020\/09\/stiebas-kolba-zarna-kandiklis-1-13x12.jpg 13w, https:\/\/hookahshop.lt\/wp-content\/uploads\/2020\/09\/stiebas-kolba-zarna-kandiklis-1-64x58.jpg 64w, https:\/\/hookahshop.lt\/wp-content\/uploads\/2020\/09\/stiebas-kolba-zarna-kandiklis-1.jpg 420w\" sizes=\"(max-width: 300px) 100vw, 300px\" title=\"\"><\/p>\n<p>Kas teil on k\u00fcsimusi? v\u00f5ta meiega \u00fchendust\u00a0<a href=\"https:\/\/hookahshop.lt\/et\/kontaktid\/\">kontaktide leht<\/a>\u00a0v\u00f5i saatke meile e-kiri aadressil\u00a0<a href=\"https:\/\/facebook.com\/HookahShop.lt\/\" target=\"_blank\" rel=\"noopener noreferrer\">Facebooki konto<\/a>\u00a0ja vastame teie taotlusele samal p\u00e4eval.<\/p>\n<p>&nbsp;<\/p>","protected":false},"excerpt":{"rendered":"<p>Vesipiip HONEY SIGH Mini Force Elegant Sellel on suurep\u00e4rased t\u00f6\u00f6- ja suitsuomadused. K\u00f5ik vesipiibu osad on valmistatud roostevabast terasest \u2013 vastupidavad ja stiilsed. Vesipiibu suurus on mugav nii transportimiseks kui ka kodus kasutamiseks. Omadused: Vesipiibu k\u00f5rgus: 41 mm Materjal: roostevaba teras Vesipiibu t\u00f5mbamine: raske (klassikaline) Suitsu puhumine: alt \u00fcles. T\u00e4ielik komplekt: Vesipiip (vars), huulik, silikoonvoolik, [\u2026]<\/p>","protected":false},"featured_media":40050,"comment_status":"open","ping_status":"closed","template":"","meta":[],"_links":{"self":[{"href":"https:\/\/hookahshop.lt\/et\/wp-json\/wp\/v2\/product\/40048"}],"collection":[{"href":"https:\/\/hookahshop.lt\/et\/wp-json\/wp\/v2\/product"}],"about":[{"href":"https:\/\/hookahshop.lt\/et\/wp-json\/wp\/v2\/types\/product"}],"replies":[{"embeddable":true,"href":"https:\/\/hookahshop.lt\/et\/wp-json\/wp\/v2\/comments?post=40048"}],"version-history":[{"count":4,"href":"https:\/\/hookahshop.lt\/et\/wp-json\/wp\/v2\/product\/40048\/revisions"}],"predecessor-version":[{"id":40054,"href":"https:\/\/hookahshop.lt\/et\/wp-json\/wp\/v2\/product\/40048\/revisions\/40054"}],"wp:featuredmedia":[{"embeddable":true,"href":"https:\/\/hookahshop.lt\/et\/wp-json\/wp\/v2\/media\/40050"}],"wp:attachment":[{"href":"https:\/\/hookahshop.lt\/et\/wp-json\/wp\/v2\/media?parent=40048"}],"curies":[{"name":"wp","href":"https:\/\/api.w.org\/{rel}","templated":true}]}}