{"id":40105,"date":"2024-10-08T19:22:00","date_gmt":"2024-10-08T16:22:00","guid":{"rendered":"https:\/\/hookahshop.lt\/?post_type=product&#038;p=40105"},"modified":"2026-04-14T23:29:44","modified_gmt":"2026-04-14T20:29:44","slug":"znyples-kaljano-anglims-bronze","status":"publish","type":"product","link":"https:\/\/hookahshop.lt\/et\/toode\/vesipiip-vesipiip-susi-pronks\/","title":{"rendered":"Tangid vesipiibu kivis\u00f6e jaoks Pronks"},"content":{"rendered":"<h2>Tangid vesipiibu kivis\u00f6e jaoks Pronks<\/h2>\n<p>Valmistatud roostevabast terasest, v\u00e4ga mugav suurus.<\/p>\n<p><strong>Omadused:<\/strong><br \/>\nV\u00e4rvus: pronks<br \/>\nPikkus: 23 cm<br \/>\nLaius: 2,8 cm<\/p>\n<p>Kas teil on k\u00fcsimusi? v\u00f5ta meiega \u00fchendust\u00a0<a href=\"https:\/\/hookahshop.lt\/et\/kontaktid\/\">kontaktide leht<\/a>\u00a0v\u00f5i saatke meile e-kiri aadressil\u00a0<a href=\"https:\/\/facebook.com\/HookahShop.lt\/\" target=\"_blank\" rel=\"noopener noreferrer\">Facebooki konto<\/a>\u00a0ja vastame teie taotlusele samal p\u00e4eval.<\/p>\n<p>&nbsp;<\/p>\n<p>&nbsp;<\/p>","protected":false},"excerpt":{"rendered":"<p>Vesipiibu s\u00f6etangid pronks Valmistatud roostevabast terasest, v\u00e4ga mugava suurusega. Omadused: V\u00e4rvus: pronks Pikkus: 23cm Laius: 2,8cm Kas teil on k\u00fcsimusi? V\u00f5tke meiega \u00fchendust kontaktide lehel v\u00f5i kirjutage meile Facebookis ja me vastame teie p\u00e4ringule samal p\u00e4eval. &nbsp; &nbsp;<\/p>","protected":false},"featured_media":40106,"comment_status":"open","ping_status":"closed","template":"","meta":[],"_links":{"self":[{"href":"https:\/\/hookahshop.lt\/et\/wp-json\/wp\/v2\/product\/40105"}],"collection":[{"href":"https:\/\/hookahshop.lt\/et\/wp-json\/wp\/v2\/product"}],"about":[{"href":"https:\/\/hookahshop.lt\/et\/wp-json\/wp\/v2\/types\/product"}],"replies":[{"embeddable":true,"href":"https:\/\/hookahshop.lt\/et\/wp-json\/wp\/v2\/comments?post=40105"}],"version-history":[{"count":4,"href":"https:\/\/hookahshop.lt\/et\/wp-json\/wp\/v2\/product\/40105\/revisions"}],"predecessor-version":[{"id":45251,"href":"https:\/\/hookahshop.lt\/et\/wp-json\/wp\/v2\/product\/40105\/revisions\/45251"}],"wp:featuredmedia":[{"embeddable":true,"href":"https:\/\/hookahshop.lt\/et\/wp-json\/wp\/v2\/media\/40106"}],"wp:attachment":[{"href":"https:\/\/hookahshop.lt\/et\/wp-json\/wp\/v2\/media?parent=40105"}],"curies":[{"name":"wp","href":"https:\/\/api.w.org\/{rel}","templated":true}]}}