{"id":40111,"date":"2024-10-09T17:52:56","date_gmt":"2024-10-09T14:52:56","guid":{"rendered":"https:\/\/hookahshop.lt\/?post_type=product&#038;p=40111"},"modified":"2026-05-13T13:52:49","modified_gmt":"2026-05-13T10:52:49","slug":"taurele-kaljanui-kong-killzilla","status":"publish","type":"product","link":"https:\/\/hookahshop.lt\/et\/toode\/cup-for-vesipiibu-kong-killzilla\/","title":{"rendered":"Vesipiibu kauss KONG Killzilla"},"content":{"rendered":"<h2>Vesipiibu kauss KONG Killzilla<\/h2>\n<p>Hele, t\u00e4iuslik muster helendavate roosade elementidega. Laitmatu stiil ja kvaliteet. Killzilla on t\u00f5usnud ja saabunud on uus ajastu: maailma esimene vesipiibukauss, millel on sisseehitatud klapp, mis sulgeb augu p\u00e4rast vesipiibusuitsu sissehingamist. Tassi ninast ja suust tuleb suitsetamisel suitsu, j\u00e4ttes mulje, et KONG Killzilla vallandab ereda leegi! Kong Killzilla on 1000 eksemplari limiteeritud tiraa\u017e ja ainus Leedus!<br \/>\nTubaka mahutavus: 16-20g. (olenevalt pakendamisviisist).<\/p>\n<p><strong>Spetsifikatsioonid:<\/strong><br \/>\nK\u00f5rgus: 11,30 cm<br \/>\nL\u00e4bim\u00f5\u00f5t (v\u00e4limine): 7,70 cm<br \/>\nL\u00e4bim\u00f5\u00f5t (sisemine): 6,50 cm<br \/>\nS\u00fcgavus: 1,50 cm<br \/>\nAva l\u00e4bim\u00f5\u00f5t: 3 ja 8 mm<br \/>\nAukude arv: 9 tk.<br \/>\nKaal: ~630g.<\/p>\n<p>Kas teil on k\u00fcsimusi? v\u00f5ta meiega \u00fchendust\u00a0<a href=\"https:\/\/hookahshop.lt\/et\/kontaktid\/\">kontaktide leht<\/a>\u00a0v\u00f5i saatke meile e-kiri aadressil\u00a0<a href=\"https:\/\/facebook.com\/HookahShop.lt\/\" target=\"_blank\" rel=\"noopener noreferrer\">Facebooki konto<\/a>\u00a0ja vastame teie taotlusele samal p\u00e4eval.<\/p>","protected":false},"excerpt":{"rendered":"<p>Vesipiibutops KONG Killzilla S\u00e4rav ja t\u00e4iuslik mudel h\u00f5\u00f5guvate roosade elementidega. Laitmatu stiil ja kvaliteet. Killzilla on t\u00f5usnud ja uus ajastu on saabunud: maailma esimene vesipiibutops sisseehitatud klapiga, mis sulgeb augu vesipiibu suitsu sissehingamisel. Suitsetamisel tuleb topsist ninast ja suust suitsu, j\u00e4ttes mulje, nagu hakkaks KONG Killzilla eredat leeki laskma! Kong Killzilla on piiratud v\u00e4ljaande [\u2026]<\/p>","protected":false},"featured_media":40112,"comment_status":"open","ping_status":"closed","template":"","meta":[],"_links":{"self":[{"href":"https:\/\/hookahshop.lt\/et\/wp-json\/wp\/v2\/product\/40111"}],"collection":[{"href":"https:\/\/hookahshop.lt\/et\/wp-json\/wp\/v2\/product"}],"about":[{"href":"https:\/\/hookahshop.lt\/et\/wp-json\/wp\/v2\/types\/product"}],"replies":[{"embeddable":true,"href":"https:\/\/hookahshop.lt\/et\/wp-json\/wp\/v2\/comments?post=40111"}],"version-history":[{"count":4,"href":"https:\/\/hookahshop.lt\/et\/wp-json\/wp\/v2\/product\/40111\/revisions"}],"predecessor-version":[{"id":40188,"href":"https:\/\/hookahshop.lt\/et\/wp-json\/wp\/v2\/product\/40111\/revisions\/40188"}],"wp:featuredmedia":[{"embeddable":true,"href":"https:\/\/hookahshop.lt\/et\/wp-json\/wp\/v2\/media\/40112"}],"wp:attachment":[{"href":"https:\/\/hookahshop.lt\/et\/wp-json\/wp\/v2\/media?parent=40111"}],"curies":[{"name":"wp","href":"https:\/\/api.w.org\/{rel}","templated":true}]}}