{"id":40121,"date":"2024-10-09T18:54:35","date_gmt":"2024-10-09T15:54:35","guid":{"rendered":"https:\/\/hookahshop.lt\/?post_type=product&#038;p=40121"},"modified":"2026-04-16T23:30:18","modified_gmt":"2026-04-16T20:30:18","slug":"taurele-kaljanui-oblako-trio-fake","status":"publish","type":"product","link":"https:\/\/hookahshop.lt\/et\/toode\/tass-vesipiip-pilvekolmik-volts\/","title":{"rendered":"Vesipiibu tass OBLAKO Trio Fake"},"content":{"rendered":"<h2>Vesipiibu tass OBLAKO Trio Fake<\/h2>\n<p>\u00dcks huvitavamaid asju on kuumenemise indikaator FAKE logo n\u00e4ol glasuuril. Selle abil saate aru, kui kuum on tass. FAKE tekst muutub t\u00e4iesti mustast (k\u00fclm tass) valgeks (soe tass). See on uue formaadiga tass ruudustiku kujul, kuid sellel on phunnel t\u00fc\u00fcpi tassi omadused! Igap\u00e4evaseks suitsetamiseks, ideaalne kerge ja raske tubaka jaoks! Tass on kaetud glasuuriga, t\u00e4nu millele suudab see kaua s\u00e4ilitada oma esialgsed omadused ja v\u00e4limus. OBLAKO kasutab ainult inimesele ohutut toiduglasuuri, mille on v\u00e4lja t\u00f6\u00f6tanud partnerid spetsialiseeritud laborites.<\/p>\n<p>Tassit\u00e4is tubakat mahutab 20-25 g.<\/p>\n<p><strong>Spetsifikatsioonid:<\/strong><sub><br \/>\n<\/sub>K\u00f5rgus: 10,5 mm<sub><br \/>\n<\/sub>L\u00e4bim\u00f5\u00f5t (v\u00e4limine): 7,5 mm<sub><br \/>\n<\/sub>Aukude arv: 1<sub><br \/>\n<\/sub><\/p>\n<p>Kas teil on k\u00fcsimusi? v\u00f5ta meiega \u00fchendust\u00a0<a href=\"https:\/\/hookahshop.lt\/et\/kontaktid\/\">kontaktide leht<\/a>\u00a0v\u00f5i saatke meile e-kiri aadressil\u00a0<a href=\"https:\/\/facebook.com\/HookahShop.lt\/\" target=\"_blank\" rel=\"noopener\">Facebooki konto<\/a>\u00a0ja vastame teie taotlusele samal p\u00e4eval.<\/p>\n<p>&nbsp;<\/p>\n<p>&nbsp;<\/p>","protected":false},"excerpt":{"rendered":"<p>Vesipiibu kauss OBLAKO Trio Fake \u00dcks huvitavamaid asju on kuumuse indikaator glasuuril FAKE logo kujul. Selle abil saate aru, kui kuum kauss on. FAKE kiri muutub t\u00e4iesti mustast (k\u00fclm kauss) valgeks (soe kauss). See on uue formaadiga kauss v\u00f5re kujul, kuid selle omadused on nagu lehtert\u00fc\u00fcpi kaussidel! M\u00f5eldud igap\u00e4evaseks suitsetamiseks, sobib ideaalselt \u2013 [\u2026]<\/p>","protected":false},"featured_media":40122,"comment_status":"open","ping_status":"closed","template":"","meta":[],"_links":{"self":[{"href":"https:\/\/hookahshop.lt\/et\/wp-json\/wp\/v2\/product\/40121"}],"collection":[{"href":"https:\/\/hookahshop.lt\/et\/wp-json\/wp\/v2\/product"}],"about":[{"href":"https:\/\/hookahshop.lt\/et\/wp-json\/wp\/v2\/types\/product"}],"replies":[{"embeddable":true,"href":"https:\/\/hookahshop.lt\/et\/wp-json\/wp\/v2\/comments?post=40121"}],"version-history":[{"count":2,"href":"https:\/\/hookahshop.lt\/et\/wp-json\/wp\/v2\/product\/40121\/revisions"}],"predecessor-version":[{"id":40135,"href":"https:\/\/hookahshop.lt\/et\/wp-json\/wp\/v2\/product\/40121\/revisions\/40135"}],"wp:featuredmedia":[{"embeddable":true,"href":"https:\/\/hookahshop.lt\/et\/wp-json\/wp\/v2\/media\/40122"}],"wp:attachment":[{"href":"https:\/\/hookahshop.lt\/et\/wp-json\/wp\/v2\/media?parent=40121"}],"curies":[{"name":"wp","href":"https:\/\/api.w.org\/{rel}","templated":true}]}}