{"id":40125,"date":"2024-10-09T19:19:28","date_gmt":"2024-10-09T16:19:28","guid":{"rendered":"https:\/\/hookahshop.lt\/?post_type=product&#038;p=40125"},"modified":"2026-04-16T23:30:19","modified_gmt":"2026-04-16T20:30:19","slug":"taurele-kaljanui-oblako-phunnel-m-white-black","status":"publish","type":"product","link":"https:\/\/hookahshop.lt\/et\/toode\/tass-vesipiip-pilvelehter-m-valge-must\/","title":{"rendered":"Vesipiibu tass OBLAKO Phunnel M Valge Must"},"content":{"rendered":"<h2>Vesipiibu tass OBLAKO Phunnel M Valge Must<\/h2>\n<p>See on glasuuritud igap\u00e4evaseks suitsetamiseks, sobib suurep\u00e4raselt nii kerge kui ka raske tubaka jaoks! Tass on kaetud glasuuriga, t\u00e4nu millele suudab see kaua s\u00e4ilitada oma esialgsed omadused ja v\u00e4limus. OBLAKO kasutab ainult inimesele ohutut s\u00f6\u00f6davat glasuuri, mille on v\u00e4lja t\u00f6\u00f6tanud partnerid spetsialiseeritud laborites, mis asuvad \u00fches keraamikatootmiskeskuses Gzhelskoje.<br \/>\nTass tubakat mahutab 20\u201323 grammi.<\/p>\n<p><strong>Spetsifikatsioonid:<\/strong><br \/>\nK\u00f5rgus: 118 mm<br \/>\nL\u00e4bim\u00f5\u00f5t (v\u00e4limine): 74 mm<br \/>\nL\u00e4bim\u00f5\u00f5t (sisemine): 68 mm<br \/>\nS\u00fcgavus: 12 mm<br \/>\nAva l\u00e4bim\u00f5\u00f5t: 12 mm<br \/>\nAukude arv: 1<br \/>\nKaal: umbes 182 g.<\/p>\n<p>Kas teil on k\u00fcsimusi? v\u00f5ta meiega \u00fchendust\u00a0<a href=\"https:\/\/hookahshop.lt\/et\/kontaktid\/\">kontaktide leht<\/a>\u00a0v\u00f5i saatke meile e-kiri aadressil\u00a0<a href=\"https:\/\/facebook.com\/HookahShop.lt\/\" target=\"_blank\" rel=\"noopener noreferrer\">Facebooki konto<\/a>\u00a0ja vastame teie taotlusele samal p\u00e4eval.<\/p>","protected":false},"excerpt":{"rendered":"<p>Vesipiibu kauss OBLAKO Phunnel M Valge Must See on glasuuritud, m\u00f5eldud igap\u00e4evaseks suitsetamiseks, sobib ideaalselt kergetele ja rasketele tubakatoodetele! Kauss on kaetud glasuuriga, t\u00e4nu millele s\u00e4ilitab see oma algsed omadused ja v\u00e4limuse pikka aega. OBLAKO kasutab ainult inimestele ohutut toiduglasuuri, mille t\u00f6\u00f6tasid v\u00e4lja partnerid spetsialiseeritud laborites, mis asuvad \u00fches G\u017eelskoje keraamikatootmiskeskuses. Tubakakauss [\u2026]<\/p>","protected":false},"featured_media":40132,"comment_status":"open","ping_status":"closed","template":"","meta":[],"_links":{"self":[{"href":"https:\/\/hookahshop.lt\/et\/wp-json\/wp\/v2\/product\/40125"}],"collection":[{"href":"https:\/\/hookahshop.lt\/et\/wp-json\/wp\/v2\/product"}],"about":[{"href":"https:\/\/hookahshop.lt\/et\/wp-json\/wp\/v2\/types\/product"}],"replies":[{"embeddable":true,"href":"https:\/\/hookahshop.lt\/et\/wp-json\/wp\/v2\/comments?post=40125"}],"version-history":[{"count":4,"href":"https:\/\/hookahshop.lt\/et\/wp-json\/wp\/v2\/product\/40125\/revisions"}],"predecessor-version":[{"id":43328,"href":"https:\/\/hookahshop.lt\/et\/wp-json\/wp\/v2\/product\/40125\/revisions\/43328"}],"wp:featuredmedia":[{"embeddable":true,"href":"https:\/\/hookahshop.lt\/et\/wp-json\/wp\/v2\/media\/40132"}],"wp:attachment":[{"href":"https:\/\/hookahshop.lt\/et\/wp-json\/wp\/v2\/media?parent=40125"}],"curies":[{"name":"wp","href":"https:\/\/api.w.org\/{rel}","templated":true}]}}