{"id":40156,"date":"2024-10-09T23:09:43","date_gmt":"2024-10-09T20:09:43","guid":{"rendered":"https:\/\/hookahshop.lt\/?post_type=product&#038;p=40156"},"modified":"2026-04-14T23:29:44","modified_gmt":"2026-04-14T20:29:44","slug":"taurele-kaljanui-cosmo-turkish-meteora","status":"publish","type":"product","link":"https:\/\/hookahshop.lt\/et\/toode\/tass-vesipiip-kosmo-turgi-meteora\/","title":{"rendered":"Vesipiibu tass COSMO T\u00fcrgi Meteora"},"content":{"rendered":"<h2>Vesipiibu tass COSMO T\u00fcrgi Meteora<\/h2>\n<p>Hajutab soojust h\u00e4sti, paljastab suurep\u00e4raselt tubaka maitse. Tass sobib kergeteks, keskmisteks ja tugevateks seanssideks. Universaalne v\u00f5imalus igat t\u00fc\u00fcpi vesipiibu tubaka jaoks. Tassi p\u00f5hi ei kuumene \u00fcle paksu savi t\u00f5ttu, seega on seda p\u00e4rast vesipiibu seanssi ohutu ja mugav eemaldada.<br \/>\nTassi mahub ~ 18-25 g tubakat (olenevalt kasutatavast pakkimisviisist).<\/p>\n<p><strong>Spetsifikatsioonid:<\/strong><br \/>\nT\u00fc\u00fcp: T\u00fcrgi<br \/>\nMaterjal: savi<br \/>\nK\u00f5rgus: ~8,5 cm<br \/>\nL\u00e4bim\u00f5\u00f5t (v\u00e4limine): ~6,8 cm<\/p>\n<p>&nbsp;<\/p>\n<p>Kas teil on k\u00fcsimusi? v\u00f5ta meiega \u00fchendust\u00a0<a href=\"https:\/\/hookahshop.lt\/et\/kontaktid\/\">kontaktide leht<\/a>\u00a0v\u00f5i saatke meile e-kiri aadressil\u00a0<a href=\"https:\/\/facebook.com\/HookahShop.lt\/\" target=\"_blank\" rel=\"noopener\">Facebooki konto<\/a>\u00a0ja vastame teie taotlusele samal p\u00e4eval.<\/p>\n<p>&nbsp;<\/p>","protected":false},"excerpt":{"rendered":"<p>Vesipiibukauss COSMO T\u00fcrgi Meteora Jaotab soojust h\u00e4sti, paljastades ideaalselt tubaka maitse. Kauss sobib kergeks, keskmiseks ja tugevaks vesipiibutubaka suitsetamiseks. Universaalne valik igat t\u00fc\u00fcpi vesipiibutubaka jaoks. Kausi p\u00f5hi ei kuumene paksu savi t\u00f5ttu \u00fcle, seega on seda p\u00e4rast vesipiibu suitsetamise l\u00f5ppu ohutu ja mugav eemaldada. Kauss mahutab ~ 18-25 g tubakat (s\u00f5ltuvalt kasutatud pakendamismeetodist). Spetsifikatsioonid: T\u00fc\u00fcp: T\u00fcrgi [\u2026]<\/p>","protected":false},"featured_media":40157,"comment_status":"open","ping_status":"closed","template":"","meta":[],"_links":{"self":[{"href":"https:\/\/hookahshop.lt\/et\/wp-json\/wp\/v2\/product\/40156"}],"collection":[{"href":"https:\/\/hookahshop.lt\/et\/wp-json\/wp\/v2\/product"}],"about":[{"href":"https:\/\/hookahshop.lt\/et\/wp-json\/wp\/v2\/types\/product"}],"replies":[{"embeddable":true,"href":"https:\/\/hookahshop.lt\/et\/wp-json\/wp\/v2\/comments?post=40156"}],"version-history":[{"count":2,"href":"https:\/\/hookahshop.lt\/et\/wp-json\/wp\/v2\/product\/40156\/revisions"}],"predecessor-version":[{"id":40183,"href":"https:\/\/hookahshop.lt\/et\/wp-json\/wp\/v2\/product\/40156\/revisions\/40183"}],"wp:featuredmedia":[{"embeddable":true,"href":"https:\/\/hookahshop.lt\/et\/wp-json\/wp\/v2\/media\/40157"}],"wp:attachment":[{"href":"https:\/\/hookahshop.lt\/et\/wp-json\/wp\/v2\/media?parent=40156"}],"curies":[{"name":"wp","href":"https:\/\/api.w.org\/{rel}","templated":true}]}}