{"id":40160,"date":"2024-10-09T23:12:16","date_gmt":"2024-10-09T20:12:16","guid":{"rendered":"https:\/\/hookahshop.lt\/?post_type=product&#038;p=40160"},"modified":"2026-04-17T23:29:59","modified_gmt":"2026-04-17T20:29:59","slug":"taurele-kaljanui-cosmo-turkish-mummy","status":"publish","type":"product","link":"https:\/\/hookahshop.lt\/et\/toode\/tass-vesipiibu-kosmo-turgi-mummi\/","title":{"rendered":"Vesipiibu tass COSMO T\u00fcrgi muumia"},"content":{"rendered":"<h2>Vesipiibu tass COSMO T\u00fcrgi muumia<\/h2>\n<p>Hajutab soojust h\u00e4sti, paljastab suurep\u00e4raselt tubaka maitse. Tass sobib kergeteks, keskmisteks ja tugevateks seanssideks. Universaalne v\u00f5imalus igat t\u00fc\u00fcpi vesipiibu tubaka jaoks. Tassi p\u00f5hi ei kuumene \u00fcle paksu savi t\u00f5ttu, seega on seda p\u00e4rast vesipiibu seanssi ohutu ja mugav eemaldada.<br \/>\nTassi mahub ~ 18-25 g tubakat (olenevalt kasutatavast pakkimisviisist).<\/p>\n<p><strong>Spetsifikatsioonid:<\/strong><br \/>\nT\u00fc\u00fcp: T\u00fcrgi<br \/>\nMaterjal: savi<br \/>\nK\u00f5rgus: ~8,5 cm<br \/>\nL\u00e4bim\u00f5\u00f5t (v\u00e4limine): ~6,8 cm<\/p>\n<p>&nbsp;<\/p>\n<p>Kas teil on k\u00fcsimusi? v\u00f5ta meiega \u00fchendust\u00a0<a href=\"https:\/\/hookahshop.lt\/et\/kontaktid\/\">kontaktide leht<\/a>\u00a0v\u00f5i saatke meile e-kiri aadressil\u00a0<a href=\"https:\/\/facebook.com\/HookahShop.lt\/\" target=\"_blank\" rel=\"noopener\">Facebooki konto<\/a>\u00a0ja vastame teie taotlusele samal p\u00e4eval.<\/p>\n<p>&nbsp;<\/p>\n<p>&nbsp;<\/p>","protected":false},"excerpt":{"rendered":"<p>Vesipiibutops COSMO Turkish Mummy Jaotab soojust h\u00e4sti, paljastades ideaalselt tubaka maitse. Tops sobib kergeks, keskmiseks ja tugevaks suitsetamiseks. Universaalne valik igat t\u00fc\u00fcpi vesipiibutubaka jaoks. Topsi p\u00f5hi ei kuumene paksu savi t\u00f5ttu \u00fcle, seega on seda p\u00e4rast vesipiibu seanssi ohutu ja mugav eemaldada. Tops mahutab ~ 18-25 g tubakat (s\u00f5ltuvalt kasutatud pakendamismeetodist). Spetsifikatsioonid: T\u00fc\u00fcp: T\u00fcrgi [\u2026]<\/p>","protected":false},"featured_media":40161,"comment_status":"open","ping_status":"closed","template":"","meta":[],"_links":{"self":[{"href":"https:\/\/hookahshop.lt\/et\/wp-json\/wp\/v2\/product\/40160"}],"collection":[{"href":"https:\/\/hookahshop.lt\/et\/wp-json\/wp\/v2\/product"}],"about":[{"href":"https:\/\/hookahshop.lt\/et\/wp-json\/wp\/v2\/types\/product"}],"replies":[{"embeddable":true,"href":"https:\/\/hookahshop.lt\/et\/wp-json\/wp\/v2\/comments?post=40160"}],"version-history":[{"count":4,"href":"https:\/\/hookahshop.lt\/et\/wp-json\/wp\/v2\/product\/40160\/revisions"}],"predecessor-version":[{"id":43123,"href":"https:\/\/hookahshop.lt\/et\/wp-json\/wp\/v2\/product\/40160\/revisions\/43123"}],"wp:featuredmedia":[{"embeddable":true,"href":"https:\/\/hookahshop.lt\/et\/wp-json\/wp\/v2\/media\/40161"}],"wp:attachment":[{"href":"https:\/\/hookahshop.lt\/et\/wp-json\/wp\/v2\/media?parent=40160"}],"curies":[{"name":"wp","href":"https:\/\/api.w.org\/{rel}","templated":true}]}}