{"id":40169,"date":"2024-10-09T23:32:56","date_gmt":"2024-10-09T20:32:56","guid":{"rendered":"https:\/\/hookahshop.lt\/?post_type=product&#038;p=40169"},"modified":"2026-04-14T23:29:44","modified_gmt":"2026-04-14T20:29:44","slug":"kaljanas-union-hookah-sleek-black-gold","status":"publish","type":"product","link":"https:\/\/hookahshop.lt\/et\/toode\/vesipiibu-liit-vesipiibu-sleek-must-kuldne\/","title":{"rendered":"Vesipiip UNION HOOKAH Sleek must kuld"},"content":{"rendered":"<h2>Vesipiip UNION HOOKAH Sleek must kuld<\/h2>\n<p>Mudel on juba m\u00f5nda aega paelunud oma erilise disaini ja suurep\u00e4raste v\u00e4rvivalikutega! Olenemata sellest, kas tegemist on lihtsa puitdisainiga, ebatavalise laminaadiga v\u00f5i v\u00e4ga populaarsete epoks\u00fcvaigust ja puidust valmistatud h\u00fcbriiddisainidega, Union Hookah pakub t\u00f5esti midagi igale vesipiibus\u00f5brale!<\/p>\n<p><strong>Spetsifikatsioonid:<\/strong><br \/>\nK\u00f5rgus: 50 cm<br \/>\nVarre l\u00e4bim\u00f5\u00f5t: 1,1 cm<br \/>\nMaterjal: roostevaba teras ja puit<\/p>\n<picture><source srcset=\"https:\/\/hookahshop.lt\/wp-content\/webp-express\/webp-images\/uploads\/2020\/09\/stiebas-zarna-kandiklis-1-300x273.jpg.webp 300w, https:\/\/hookahshop.lt\/wp-content\/webp-express\/webp-images\/uploads\/2020\/09\/stiebas-zarna-kandiklis-1-13x12.jpg.webp 13w, https:\/\/hookahshop.lt\/wp-content\/webp-express\/webp-images\/uploads\/2020\/09\/stiebas-zarna-kandiklis-1-64x58.jpg.webp 64w, https:\/\/hookahshop.lt\/wp-content\/webp-express\/webp-images\/uploads\/2020\/09\/stiebas-zarna-kandiklis-1.jpg.webp 420w\" type=\"image\/webp\" sizes=\"(max-width: 300px) 100vw, 300px\" \/><img decoding=\"async\" loading=\"lazy\" class=\"alignnone size-medium wp-image-38521 webpexpress-processed\" title=\"Vesipiip UNION HOOKAH Sleek Black Silver 1\" src=\"https:\/\/hookahshop.lt\/wp-content\/uploads\/2020\/09\/stiebas-zarna-kandiklis-1-300x273.jpg\" sizes=\"(max-width: 300px) 100vw, 300px\" srcset=\"https:\/\/hookahshop.lt\/wp-content\/uploads\/2020\/09\/stiebas-zarna-kandiklis-1-300x273.jpg 300w, https:\/\/hookahshop.lt\/wp-content\/uploads\/2020\/09\/stiebas-zarna-kandiklis-1-13x12.jpg 13w, https:\/\/hookahshop.lt\/wp-content\/uploads\/2020\/09\/stiebas-zarna-kandiklis-1-64x58.jpg 64w, https:\/\/hookahshop.lt\/wp-content\/uploads\/2020\/09\/stiebas-zarna-kandiklis-1.jpg 420w\" alt=\"varre vooliku huulik 1 - hookahshop.lt\" width=\"300\" height=\"273\" \/><\/picture>\n<p>Kas teil on k\u00fcsimusi? v\u00f5ta meiega \u00fchendust\u00a0<a href=\"https:\/\/hookahshop.lt\/et\/kontaktid\/\">kontaktide leht<\/a>\u00a0v\u00f5i saatke meile e-kiri aadressil\u00a0<a href=\"https:\/\/facebook.com\/HookahShop.lt\/\" target=\"_blank\" rel=\"noopener noreferrer\">Facebooki konto<\/a>\u00a0ja vastame teie taotlusele samal p\u00e4eval.<\/p>\n<p>&nbsp;<\/p>","protected":false},"excerpt":{"rendered":"<p>UNION HOOKAH Sleek Black Gold vesipiip on juba m\u00f5nda aega k\u00f6itnud oma erilise disaini ja suurep\u00e4raste v\u00e4rvivalikutega! Olgu selleks lihtsad puitdisainid, ebatavalised laminaatmudelid v\u00f5i v\u00e4ga populaarsed epoks\u00fcvaigust ja puidust h\u00fcbriiddisainid, Union Hookahis on kindlasti midagi igale vesipiibus\u00f5brale! Spetsifikatsioonid: K\u00f5rgus: 50 cm Varre l\u00e4bim\u00f5\u00f5t: 1,1 cm Materjal: Roostevaba teras [\u2026]<\/p>","protected":false},"featured_media":40170,"comment_status":"open","ping_status":"closed","template":"","meta":[],"_links":{"self":[{"href":"https:\/\/hookahshop.lt\/et\/wp-json\/wp\/v2\/product\/40169"}],"collection":[{"href":"https:\/\/hookahshop.lt\/et\/wp-json\/wp\/v2\/product"}],"about":[{"href":"https:\/\/hookahshop.lt\/et\/wp-json\/wp\/v2\/types\/product"}],"replies":[{"embeddable":true,"href":"https:\/\/hookahshop.lt\/et\/wp-json\/wp\/v2\/comments?post=40169"}],"version-history":[{"count":2,"href":"https:\/\/hookahshop.lt\/et\/wp-json\/wp\/v2\/product\/40169\/revisions"}],"predecessor-version":[{"id":40180,"href":"https:\/\/hookahshop.lt\/et\/wp-json\/wp\/v2\/product\/40169\/revisions\/40180"}],"wp:featuredmedia":[{"embeddable":true,"href":"https:\/\/hookahshop.lt\/et\/wp-json\/wp\/v2\/media\/40170"}],"wp:attachment":[{"href":"https:\/\/hookahshop.lt\/et\/wp-json\/wp\/v2\/media?parent=40169"}],"curies":[{"name":"wp","href":"https:\/\/api.w.org\/{rel}","templated":true}]}}