{"id":40196,"date":"2024-10-11T18:27:21","date_gmt":"2024-10-11T15:27:21","guid":{"rendered":"https:\/\/hookahshop.lt\/?post_type=product&#038;p=40196"},"modified":"2026-04-10T23:29:46","modified_gmt":"2026-04-10T20:29:46","slug":"kaljanas-alpha-hookah-beat-vndl-black","status":"publish","type":"product","link":"https:\/\/hookahshop.lt\/et\/toode\/vesipiibu-alfa-vesipiibu-beat-vndl-must\/","title":{"rendered":"Vesipiip ALPHA HOOKAH Beat VNDL Black"},"content":{"rendered":"<h2>Vesipiip ALPHA HOOKAH Beat VNDL Black<\/h2>\n<p>Eksklusiivne ja m\u00e4ssumeelne Alpha Hookah uuendatud mudel Beat VNDL. Uus Beat vesipiibu disain, mis murrab tavap\u00e4raseid stereot\u00fc\u00fcpe.<\/p>\n<p><strong>Spetsifikatsioonid:<\/strong><br \/>\nVesipiibu k\u00f5rgus koos kolbiga: 35 cm.<br \/>\nV\u00f5lli sisel\u00e4bim\u00f5\u00f5t: 11 mm.<br \/>\nPlaadi l\u00e4bim\u00f5\u00f5t: 17 cm.<br \/>\nV\u00e4rvus: matt must<br \/>\nMaterjal: kvaliteetne roostevaba teras<\/p>\n<p><strong>Varustus:<\/strong><br \/>\nV\u00f5lli<br \/>\nHuulik<br \/>\nPlaat (graveeritud)<br \/>\nSilikoonvoolik (Soft Touch)<br \/>\nHajuti (reguleeritav)<br \/>\nMagnet\u00fchendus<br \/>\nKolb<\/p>\n<picture><source srcset=\"https:\/\/hookahshop.lt\/wp-content\/webp-express\/webp-images\/uploads\/2020\/09\/stiebas-kolba-zarna-kandiklis-1-300x273.jpg.webp 300w, https:\/\/hookahshop.lt\/wp-content\/webp-express\/webp-images\/uploads\/2020\/09\/stiebas-kolba-zarna-kandiklis-1-13x12.jpg.webp 13w, https:\/\/hookahshop.lt\/wp-content\/webp-express\/webp-images\/uploads\/2020\/09\/stiebas-kolba-zarna-kandiklis-1-64x58.jpg.webp 64w, https:\/\/hookahshop.lt\/wp-content\/webp-express\/webp-images\/uploads\/2020\/09\/stiebas-kolba-zarna-kandiklis-1.jpg.webp 420w\" type=\"image\/webp\" sizes=\"(max-width: 300px) 100vw, 300px\" \/><img decoding=\"async\" loading=\"lazy\" class=\"alignnone size-medium wp-image-38520 webpexpress-processed\" title=\"Vesipiip ALPHA HOOKAH V\u00f5ida vandaali 1\" src=\"https:\/\/hookahshop.lt\/wp-content\/uploads\/2020\/09\/stiebas-kolba-zarna-kandiklis-1-300x273.jpg\" sizes=\"(max-width: 300px) 100vw, 300px\" srcset=\"https:\/\/hookahshop.lt\/wp-content\/uploads\/2020\/09\/stiebas-kolba-zarna-kandiklis-1-300x273.jpg 300w, https:\/\/hookahshop.lt\/wp-content\/uploads\/2020\/09\/stiebas-kolba-zarna-kandiklis-1-13x12.jpg 13w, https:\/\/hookahshop.lt\/wp-content\/uploads\/2020\/09\/stiebas-kolba-zarna-kandiklis-1-64x58.jpg 64w, https:\/\/hookahshop.lt\/wp-content\/uploads\/2020\/09\/stiebas-kolba-zarna-kandiklis-1.jpg 420w\" alt=\"varre kolvi vooliku huulik 1 - hookahshop.lt\" width=\"300\" height=\"273\" \/><\/picture>\n<p>&nbsp;<\/p>\n<p>&nbsp;<\/p>\n<p>Kas teil on k\u00fcsimusi? v\u00f5ta meiega \u00fchendust\u00a0<a href=\"https:\/\/hookahshop.lt\/et\/kontaktid\/\">kontaktide leht<\/a>\u00a0v\u00f5i saatke meile e-kiri aadressil\u00a0<a href=\"https:\/\/facebook.com\/HookahShop.lt\/\" target=\"_blank\" rel=\"noopener noreferrer\">Facebooki konto<\/a>\u00a0ja vastame teie taotlusele samal p\u00e4eval.<\/p>\n<p>&nbsp;<\/p>","protected":false},"excerpt":{"rendered":"<p>Vesipiip ALPHA HOOKAH Beat VNDL Black Eksklusiivne ja m\u00e4ssumeelne uuendatud mudel Beat VNDL Alpha Hookah ettev\u00f5ttelt. Beat vesipiibu uus disain, mis murrab tavap\u00e4rased stereot\u00fc\u00fcbid. Spetsifikatsioonid: Vesipiibu k\u00f5rgus pudeliga: 35 cm. Varre sisel\u00e4bim\u00f5\u00f5t: 11 mm. Taldriku l\u00e4bim\u00f5\u00f5t: 17 cm. V\u00e4rvus: matt must Materjal: kvaliteetne roostevaba teras Pakend: Varre suuosa Plaat (graveeritud) Silikoonvoolik [\u2026]<\/p>","protected":false},"featured_media":40197,"comment_status":"open","ping_status":"closed","template":"","meta":[],"_links":{"self":[{"href":"https:\/\/hookahshop.lt\/et\/wp-json\/wp\/v2\/product\/40196"}],"collection":[{"href":"https:\/\/hookahshop.lt\/et\/wp-json\/wp\/v2\/product"}],"about":[{"href":"https:\/\/hookahshop.lt\/et\/wp-json\/wp\/v2\/types\/product"}],"replies":[{"embeddable":true,"href":"https:\/\/hookahshop.lt\/et\/wp-json\/wp\/v2\/comments?post=40196"}],"version-history":[{"count":4,"href":"https:\/\/hookahshop.lt\/et\/wp-json\/wp\/v2\/product\/40196\/revisions"}],"predecessor-version":[{"id":41096,"href":"https:\/\/hookahshop.lt\/et\/wp-json\/wp\/v2\/product\/40196\/revisions\/41096"}],"wp:featuredmedia":[{"embeddable":true,"href":"https:\/\/hookahshop.lt\/et\/wp-json\/wp\/v2\/media\/40197"}],"wp:attachment":[{"href":"https:\/\/hookahshop.lt\/et\/wp-json\/wp\/v2\/media?parent=40196"}],"curies":[{"name":"wp","href":"https:\/\/api.w.org\/{rel}","templated":true}]}}