{"id":40208,"date":"2024-10-11T19:16:23","date_gmt":"2024-10-11T16:16:23","guid":{"rendered":"https:\/\/hookahshop.lt\/?post_type=product&#038;p=40208"},"modified":"2026-04-10T23:29:46","modified_gmt":"2026-04-10T20:29:46","slug":"taurele-kaljanui-alpha-strike-blue","status":"publish","type":"product","link":"https:\/\/hookahshop.lt\/et\/toode\/vesipiibu-tass-alfa-strike-sinine\/","title":{"rendered":"Vesipiibu tass ALPHA Strike Blue"},"content":{"rendered":"<h2>Vesipiibu tass ALPHA Strike Blue<\/h2>\n<p>ALPHA HOOKAH, tuntud vesipiipude ja vesipiibu tarvikute tootja, uued k\u00e4sit\u00f6\u00f6na valminud tapjakujulised tassid. T\u00e4nu sellele, et puudub glasuur, v\u00f5imaldab tass veelgi t\u00e4psemalt ja mugavamalt juhtida soojuse v\u00f5rrandit.<br \/>\nTubaka mahutavus: 18-25g. (olenevalt kasutatavast pakendamisviisist ja tubaka t\u00fc\u00fcbist).<\/p>\n<p><strong>Spetsifikatsioon:<\/strong><br \/>\nK\u00f5rgus: 10 cm<br \/>\nL\u00e4bim\u00f5\u00f5t: ~75mm<br \/>\nAukude arv: 5 tk<\/p>\n<p><strong>Omadused:<\/strong><br \/>\nT\u00fc\u00fcp: tapja<br \/>\nMaterjal: Saksa keraamika.<\/p>\n<p>&nbsp;<\/p>\n<p>Kas teil on k\u00fcsimusi? v\u00f5ta meiega \u00fchendust\u00a0<a href=\"https:\/\/hookahshop.lt\/et\/kontaktid\/\">kontaktide leht<\/a>\u00a0v\u00f5i saatke meile e-kiri aadressil\u00a0<a href=\"https:\/\/facebook.com\/HookahShop.lt\/\" target=\"_blank\" rel=\"noopener\">Facebooki konto<\/a>\u00a0ja vastame teie taotlusele samal p\u00e4eval.<\/p>\n<p>&nbsp;<\/p>","protected":false},"excerpt":{"rendered":"<p>Vesipiibutops ALPHA Strike Blue Uued k\u00e4sit\u00f6\u00f6topsid tapva kujuga tuntud vesipiipude ja vesipiibutarvikute tootjalt ALPHA HOOKAH. Glasuuri puudumise t\u00f5ttu v\u00f5imaldab tops kuumuse taset veelgi t\u00e4psemalt ja mugavamalt reguleerida. Tubaka maht: 18-25g. (s\u00f5ltuvalt kasutatavast pakendamisviisist ja tubaka t\u00fc\u00fcbist). Spetsifikatsioon: K\u00f5rgus: 10cm L\u00e4bim\u00f5\u00f5t: ~75mm Aukude arv: 5tk Omadused: T\u00fc\u00fcp: tapva kujuga [\u2026]<\/p>","protected":false},"featured_media":40209,"comment_status":"open","ping_status":"closed","template":"","meta":[],"_links":{"self":[{"href":"https:\/\/hookahshop.lt\/et\/wp-json\/wp\/v2\/product\/40208"}],"collection":[{"href":"https:\/\/hookahshop.lt\/et\/wp-json\/wp\/v2\/product"}],"about":[{"href":"https:\/\/hookahshop.lt\/et\/wp-json\/wp\/v2\/types\/product"}],"replies":[{"embeddable":true,"href":"https:\/\/hookahshop.lt\/et\/wp-json\/wp\/v2\/comments?post=40208"}],"version-history":[{"count":3,"href":"https:\/\/hookahshop.lt\/et\/wp-json\/wp\/v2\/product\/40208\/revisions"}],"predecessor-version":[{"id":45639,"href":"https:\/\/hookahshop.lt\/et\/wp-json\/wp\/v2\/product\/40208\/revisions\/45639"}],"wp:featuredmedia":[{"embeddable":true,"href":"https:\/\/hookahshop.lt\/et\/wp-json\/wp\/v2\/media\/40209"}],"wp:attachment":[{"href":"https:\/\/hookahshop.lt\/et\/wp-json\/wp\/v2\/media?parent=40208"}],"curies":[{"name":"wp","href":"https:\/\/api.w.org\/{rel}","templated":true}]}}