{"id":40540,"date":"2025-01-02T16:40:04","date_gmt":"2025-01-02T14:40:04","guid":{"rendered":"https:\/\/hookahshop.lt\/?post_type=product&#038;p=40540"},"modified":"2026-04-06T23:29:38","modified_gmt":"2026-04-06T20:29:38","slug":"taurele-kaljanui-art-bar-killer-f6","status":"publish","type":"product","link":"https:\/\/hookahshop.lt\/et\/toode\/vesipiibu-klaas-kunst-baar-killer-f6\/","title":{"rendered":"Vesipiibu kauss ART BAR Killer F6"},"content":{"rendered":"<h2>Vesipiibu kauss ART BAR Killer F6<\/h2>\n<p>Paistab silma ainulaadse ja vintage inspireeritud disainiga. Sellel on iseloomulikud puhtad ja teravad pinnajooned, mis pakuvad nii stiili kui ka funktsionaalsust. Killertopsi kuju sobib kangele tubakale.<br \/>\nTubaka mahutavus: 15-20g. (olenevalt kasutatavast pakkimisviisist ja tubaka t\u00fc\u00fcbist).<\/p>\n<p><strong>Spetsifikatsioon:<\/strong><br \/>\nK\u00f5rgus: 11,8 cm<br \/>\nV\u00e4lisl\u00e4bim\u00f5\u00f5t: 6 cm<br \/>\nSisemine l\u00e4bim\u00f5\u00f5t: 5,5 cm<br \/>\nS\u00fcgavus: 2 cm<br \/>\nAva l\u00e4bim\u00f5\u00f5t: 1 cm<br \/>\nAukude arv: 4<\/p>\n<p><strong>Omadused:<\/strong><br \/>\nT\u00fc\u00fcp: tapja<br \/>\nMaterjal: savi<\/p>\n<p>Kas teil on k\u00fcsimusi? v\u00f5ta meiega \u00fchendust\u00a0<a href=\"https:\/\/hookahshop.lt\/et\/kontaktid\/\">kontaktide leht<\/a>\u00a0v\u00f5i saatke meile e-kiri aadressil\u00a0<a href=\"https:\/\/facebook.com\/HookahShop.lt\/\" target=\"_blank\" rel=\"noopener\">Facebooki konto<\/a>\u00a0ja vastame teie taotlusele samal p\u00e4eval.<\/p>","protected":false},"excerpt":{"rendered":"<p>Vesipiibutops ART BAR Killer F6 paistab silma oma ainulaadse ja vintage-h\u00f5ngulise disainiga. Sellel on iseloomulikud puhtad ja teravad pinnajooned, mis pakuvad nii stiili kui ka funktsionaalsust. Killer-topsi kuju sobib tugevale tubakale. Tubaka maht: 15-20g. (s\u00f5ltuvalt kasutatavast pakendamisviisist ja tubaka t\u00fc\u00fcbist). Spetsifikatsioon: K\u00f5rgus: 11,8cm V\u00e4lisl\u00e4bim\u00f5\u00f5t: 6cm Sisel\u00e4bim\u00f5\u00f5t: 5,5cm S\u00fcgavus: 2cm Augu l\u00e4bim\u00f5\u00f5t: 1cm [\u2026]<\/p>","protected":false},"featured_media":40657,"comment_status":"open","ping_status":"closed","template":"","meta":[],"_links":{"self":[{"href":"https:\/\/hookahshop.lt\/et\/wp-json\/wp\/v2\/product\/40540"}],"collection":[{"href":"https:\/\/hookahshop.lt\/et\/wp-json\/wp\/v2\/product"}],"about":[{"href":"https:\/\/hookahshop.lt\/et\/wp-json\/wp\/v2\/types\/product"}],"replies":[{"embeddable":true,"href":"https:\/\/hookahshop.lt\/et\/wp-json\/wp\/v2\/comments?post=40540"}],"version-history":[{"count":3,"href":"https:\/\/hookahshop.lt\/et\/wp-json\/wp\/v2\/product\/40540\/revisions"}],"predecessor-version":[{"id":40658,"href":"https:\/\/hookahshop.lt\/et\/wp-json\/wp\/v2\/product\/40540\/revisions\/40658"}],"wp:featuredmedia":[{"embeddable":true,"href":"https:\/\/hookahshop.lt\/et\/wp-json\/wp\/v2\/media\/40657"}],"wp:attachment":[{"href":"https:\/\/hookahshop.lt\/et\/wp-json\/wp\/v2\/media?parent=40540"}],"curies":[{"name":"wp","href":"https:\/\/api.w.org\/{rel}","templated":true}]}}