{"id":40555,"date":"2025-01-02T19:20:01","date_gmt":"2025-01-02T17:20:01","guid":{"rendered":"https:\/\/hookahshop.lt\/?post_type=product&#038;p=40555"},"modified":"2026-04-06T23:29:38","modified_gmt":"2026-04-06T20:29:38","slug":"taurele-kaljanui-art-bar-bacha","status":"publish","type":"product","link":"https:\/\/hookahshop.lt\/et\/toode\/cup-for-vesipiibu-kunsti-baar-bacha\/","title":{"rendered":"Vesipiibu kauss ART BAR Bacha"},"content":{"rendered":"<h2>Vesipiibu kauss ART BAR Bacha<\/h2>\n<p>Paistab silma ainulaadse ja vintage inspireeritud disainiga. Sellel on iseloomulikud puhtad ja teravad pinnajooned, mis pakuvad nii stiili kui ka funktsionaalsust. Bacha tassi kuju sobib igat t\u00fc\u00fcpi tubakale.<strong> Parim kasutada koos fooliumiga!<\/strong><br \/>\nSoojeneb \u00fchtlaselt, hoiab soojust \u00fclih\u00e4sti ja seda on peaaegu v\u00f5imatu \u00fcle kuumeneda.<br \/>\nTubaka mahutavus: 15-18g. (olenevalt kasutatavast pakendamisviisist ja tubaka t\u00fc\u00fcbist).<\/p>\n<p><strong>Spetsifikatsioon:<\/strong><br \/>\nK\u00f5rgus: 10,5 cm<br \/>\nV\u00e4lisl\u00e4bim\u00f5\u00f5t: 7 cm<br \/>\nSisemine l\u00e4bim\u00f5\u00f5t: 6 cm<br \/>\nS\u00fcgavus: 1,7 cm<br \/>\nAva l\u00e4bim\u00f5\u00f5t: 1 cm<br \/>\nAukude arv: 4<br \/>\nKaal: ~ 205g.<\/p>\n<p><strong>Omadused:<\/strong><br \/>\nT\u00fc\u00fcp: klassikaline<br \/>\nMaterjal: savi<\/p>\n<p>Kas teil on k\u00fcsimusi? v\u00f5ta meiega \u00fchendust\u00a0<a href=\"https:\/\/hookahshop.lt\/et\/kontaktid\/\">kontaktide leht<\/a>\u00a0v\u00f5i saatke meile e-kiri aadressil\u00a0<a href=\"https:\/\/facebook.com\/HookahShop.lt\/\" target=\"_blank\" rel=\"noopener\">Facebooki konto<\/a>\u00a0ja vastame teie taotlusele samal p\u00e4eval.<\/p>","protected":false},"excerpt":{"rendered":"<p>Vesipiibutops ART BAR Bacha paistab silma oma ainulaadse ja vintage-h\u00f5ngulise disainiga. Sellel on iseloomulikud puhtad ja teravad pinnajooned, mis pakuvad nii stiili kui ka funktsionaalsust. Bacha topsi kuju sobib igat t\u00fc\u00fcpi tubakale. Parim kasutada fooliumiga! See kuumeneb \u00fchtlaselt, hoiab soojust \u00e4\u00e4rmiselt h\u00e4sti ja on peaaegu v\u00f5imatu \u00fcle kuumeneda. Tubaka maht: 15-18 g. (s\u00f5ltuvalt kasutatavast pakendamismeetodist ja tubakast [\u2026]<\/p>","protected":false},"featured_media":40688,"comment_status":"open","ping_status":"closed","template":"","meta":[],"_links":{"self":[{"href":"https:\/\/hookahshop.lt\/et\/wp-json\/wp\/v2\/product\/40555"}],"collection":[{"href":"https:\/\/hookahshop.lt\/et\/wp-json\/wp\/v2\/product"}],"about":[{"href":"https:\/\/hookahshop.lt\/et\/wp-json\/wp\/v2\/types\/product"}],"replies":[{"embeddable":true,"href":"https:\/\/hookahshop.lt\/et\/wp-json\/wp\/v2\/comments?post=40555"}],"version-history":[{"count":6,"href":"https:\/\/hookahshop.lt\/et\/wp-json\/wp\/v2\/product\/40555\/revisions"}],"predecessor-version":[{"id":43400,"href":"https:\/\/hookahshop.lt\/et\/wp-json\/wp\/v2\/product\/40555\/revisions\/43400"}],"wp:featuredmedia":[{"embeddable":true,"href":"https:\/\/hookahshop.lt\/et\/wp-json\/wp\/v2\/media\/40688"}],"wp:attachment":[{"href":"https:\/\/hookahshop.lt\/et\/wp-json\/wp\/v2\/media?parent=40555"}],"curies":[{"name":"wp","href":"https:\/\/api.w.org\/{rel}","templated":true}]}}