{"id":40572,"date":"2025-01-02T19:29:19","date_gmt":"2025-01-02T17:29:19","guid":{"rendered":"https:\/\/hookahshop.lt\/?post_type=product&#038;p=40572"},"modified":"2026-04-20T23:29:40","modified_gmt":"2026-04-20T20:29:40","slug":"taurele-kaljanui-art-bar-turkish-2","status":"publish","type":"product","link":"https:\/\/hookahshop.lt\/et\/toode\/klaas-vesipiip-kunstibaar-turgi-2\/","title":{"rendered":"Tass vesipiibule ART BAR T\u00fcrgi"},"content":{"rendered":"<h2>Tass vesipiibule ART BAR T\u00fcrgi<\/h2>\n<p>Paistab silma ainulaadse ja vintage inspireeritud disainiga. Sellel on iseloomulikud puhtad ja teravad pinnajooned, mis pakuvad nii stiili kui ka funktsionaalsust. T\u00fcrgi tassi kuju sobib igat t\u00fc\u00fcpi tubakale.<br \/>\nTubaka mahutavus: 15-20g. (olenevalt kasutatavast pakkimisviisist ja tubaka t\u00fc\u00fcbist).<\/p>\n<p><strong>Spetsifikatsioon:<\/strong><br \/>\nK\u00f5rgus: 9,2 cm<br \/>\nV\u00e4lisl\u00e4bim\u00f5\u00f5t: 7,3 cm<br \/>\nSisemine l\u00e4bim\u00f5\u00f5t: 6,2 cm<br \/>\nS\u00fcgavus: 2 cm<br \/>\nAva l\u00e4bim\u00f5\u00f5t: 8 cm<br \/>\nAukude arv: 5<br \/>\nKaal: ~ 275g.<\/p>\n<p><strong>Omadused:<\/strong><br \/>\nT\u00fc\u00fcp: t\u00fcrgi<br \/>\nMaterjal: savi<\/p>\n<p>Kas teil on k\u00fcsimusi? v\u00f5ta meiega \u00fchendust\u00a0<a href=\"https:\/\/hookahshop.lt\/et\/kontaktid\/\">kontaktide leht<\/a>\u00a0v\u00f5i saatke meile e-kiri aadressil\u00a0<a href=\"https:\/\/facebook.com\/HookahShop.lt\/\" target=\"_blank\" rel=\"noopener\">Facebooki konto<\/a>\u00a0ja vastame teie taotlusele samal p\u00e4eval.<\/p>","protected":false},"excerpt":{"rendered":"<p>ART BAR T\u00fcrgi vesipiibutops paistab silma oma ainulaadse ja vintage-h\u00f5ngulise disainiga. Sellel on iseloomulikud puhtad ja teravad pinnajooned, mis pakuvad nii stiili kui ka funktsionaalsust. T\u00fcrgi topsi kuju sobib igat t\u00fc\u00fcpi tubakale. Tubaka maht: 15-20 g. (s\u00f5ltuvalt kasutatavast pakendamisviisist ja tubaka t\u00fc\u00fcbist). Spetsifikatsioon: K\u00f5rgus: 9,2 cm V\u00e4lisl\u00e4bim\u00f5\u00f5t: 7,3 cm Sisel\u00e4bim\u00f5\u00f5t: 6,2 cm S\u00fcgavus: 2 cm Augu l\u00e4bim\u00f5\u00f5t: 8 cm [\u2026]<\/p>","protected":false},"featured_media":40693,"comment_status":"open","ping_status":"closed","template":"","meta":[],"_links":{"self":[{"href":"https:\/\/hookahshop.lt\/et\/wp-json\/wp\/v2\/product\/40572"}],"collection":[{"href":"https:\/\/hookahshop.lt\/et\/wp-json\/wp\/v2\/product"}],"about":[{"href":"https:\/\/hookahshop.lt\/et\/wp-json\/wp\/v2\/types\/product"}],"replies":[{"embeddable":true,"href":"https:\/\/hookahshop.lt\/et\/wp-json\/wp\/v2\/comments?post=40572"}],"version-history":[{"count":4,"href":"https:\/\/hookahshop.lt\/et\/wp-json\/wp\/v2\/product\/40572\/revisions"}],"predecessor-version":[{"id":40692,"href":"https:\/\/hookahshop.lt\/et\/wp-json\/wp\/v2\/product\/40572\/revisions\/40692"}],"wp:featuredmedia":[{"embeddable":true,"href":"https:\/\/hookahshop.lt\/et\/wp-json\/wp\/v2\/media\/40693"}],"wp:attachment":[{"href":"https:\/\/hookahshop.lt\/et\/wp-json\/wp\/v2\/media?parent=40572"}],"curies":[{"name":"wp","href":"https:\/\/api.w.org\/{rel}","templated":true}]}}