{"id":40588,"date":"2025-01-02T19:43:14","date_gmt":"2025-01-02T17:43:14","guid":{"rendered":"https:\/\/hookahshop.lt\/?post_type=product&#038;p=40588"},"modified":"2026-04-06T23:29:38","modified_gmt":"2026-04-06T20:29:38","slug":"taurele-kaljanui-art-bar-phunnel-king-v3","status":"publish","type":"product","link":"https:\/\/hookahshop.lt\/et\/toode\/tass-vesipiibu-kunsti-baar-lehter-kuningas-v3\/","title":{"rendered":"Vesipiibu kauss ART BAR Phunnel King V3"},"content":{"rendered":"<h2>Vesipiibu kauss ART BAR Phunnel King V3<\/h2>\n<p>Paistab silma ainulaadse ja vintage-inspireeritud disainiga. Sellel on iseloomulikud puhtad ja teravad pinnajooned, mis pakuvad nii stiili kui ka funktsionaalsust. Phunneli tassi kuju sobib igat t\u00fc\u00fcpi tubakale.<br \/>\nTubaka mahutavus: 15-17g. (olenevalt kasutatavast pakkimisviisist ja tubaka t\u00fc\u00fcbist).<\/p>\n<p><strong>Spetsifikatsioon:<\/strong><br \/>\nK\u00f5rgus: 10,5 cm<br \/>\nV\u00e4lisl\u00e4bim\u00f5\u00f5t: 7,2 cm<br \/>\nSisemine l\u00e4bim\u00f5\u00f5t: 6 cm<br \/>\nS\u00fcgavus: 1,7 cm<br \/>\nAva l\u00e4bim\u00f5\u00f5t: 1 cm<br \/>\nAukude arv: 1<br \/>\nKaal: u. 205 g.<\/p>\n<p><strong>Omadused:<\/strong><br \/>\nLiik: phunnel<br \/>\nMaterjal: savi<\/p>\n<p>Kas teil on k\u00fcsimusi? v\u00f5ta meiega \u00fchendust\u00a0<a href=\"https:\/\/hookahshop.lt\/et\/kontaktid\/\">kontaktide leht<\/a>\u00a0v\u00f5i saatke meile e-kiri aadressil\u00a0<a href=\"https:\/\/facebook.com\/HookahShop.lt\/\" target=\"_blank\" rel=\"noopener\">Facebooki konto<\/a>\u00a0ja vastame teie taotlusele samal p\u00e4eval.<\/p>","protected":false},"excerpt":{"rendered":"<p>Vesipiibutops ART BAR Phunnel King V3 paistab silma oma ainulaadse ja vintage-h\u00f5ngulise disainiga. Sellel on iseloomulikud puhtad ja teravad pinnajooned, mis pakuvad nii stiili kui ka funktsionaalsust. Phunneli topsi kuju sobib igat t\u00fc\u00fcpi tubakale. Tubaka maht: 15-17 g (s\u00f5ltuvalt kasutatavast pakendamisviisist ja tubaka t\u00fc\u00fcbist). Spetsifikatsioon: K\u00f5rgus: 10,5 cm V\u00e4lisl\u00e4bim\u00f5\u00f5t: 7,2 cm Sisel\u00e4bim\u00f5\u00f5t: 6 cm S\u00fcgavus: 1,7 cm Augud [\u2026]<\/p>","protected":false},"featured_media":40704,"comment_status":"open","ping_status":"closed","template":"","meta":[],"_links":{"self":[{"href":"https:\/\/hookahshop.lt\/et\/wp-json\/wp\/v2\/product\/40588"}],"collection":[{"href":"https:\/\/hookahshop.lt\/et\/wp-json\/wp\/v2\/product"}],"about":[{"href":"https:\/\/hookahshop.lt\/et\/wp-json\/wp\/v2\/types\/product"}],"replies":[{"embeddable":true,"href":"https:\/\/hookahshop.lt\/et\/wp-json\/wp\/v2\/comments?post=40588"}],"version-history":[{"count":5,"href":"https:\/\/hookahshop.lt\/et\/wp-json\/wp\/v2\/product\/40588\/revisions"}],"predecessor-version":[{"id":42330,"href":"https:\/\/hookahshop.lt\/et\/wp-json\/wp\/v2\/product\/40588\/revisions\/42330"}],"wp:featuredmedia":[{"embeddable":true,"href":"https:\/\/hookahshop.lt\/et\/wp-json\/wp\/v2\/media\/40704"}],"wp:attachment":[{"href":"https:\/\/hookahshop.lt\/et\/wp-json\/wp\/v2\/media?parent=40588"}],"curies":[{"name":"wp","href":"https:\/\/api.w.org\/{rel}","templated":true}]}}