{"id":40719,"date":"2025-01-04T01:40:39","date_gmt":"2025-01-03T23:40:39","guid":{"rendered":"https:\/\/hookahshop.lt\/?post_type=product&#038;p=40719"},"modified":"2026-04-15T23:29:37","modified_gmt":"2026-04-15T20:29:37","slug":"kaitlente-kaljano-anglims-jookah-big","status":"publish","type":"product","link":"https:\/\/hookahshop.lt\/et\/toode\/pliidiplaat-vesipiip-soed-jooka-suur\/","title":{"rendered":"Pliidiplaat vesipiibu s\u00f6e jaoks JOOKAH Suur"},"content":{"rendered":"<h2>Pliidiplaat vesipiibu s\u00f6e jaoks JOOKAH Suur<\/h2>\n<div class=\"product_inf_options_box_odd_row_val\">See on v\u00e4ike kaitserestiga kuum pott looduslike kookoss\u00f6e soojendamiseks. S\u00fcsi toetub kindlalt s\u00f6erestile ja kaitseb k\u00fctteelementi. See tagab s\u00f6es\u00fc\u00fctaja eluea.<\/div>\n<div><\/div>\n<div class=\"product_inf_options_box_odd_row_val\"><strong>Spetsifikatsioon:<\/strong><br \/>\nMahutavus: kuni 10 vesipiibu s\u00fctt (26x26x26mm)<br \/>\nV\u00f5imsus: 1000W<br \/>\nToitejuhe: 1 m.<\/div>\n<div class=\"product_inf_options_box_odd_row_val\">Temperatuur: reguleeritav<br \/>\nOhutus: \u00fclekuumenemiskaitse, CE kontrollitud<\/p>\n<div>S\u00f6e kuumutamise aeg: ~10min.<\/div>\n<div><\/div>\n<div>Kas teil on k\u00fcsimusi? v\u00f5ta meiega \u00fchendust\u00a0<a href=\"https:\/\/hookahshop.lt\/et\/kontaktid\/\">kontaktide leht<\/a>\u00a0v\u00f5i saatke meile e-kiri aadressil\u00a0<a href=\"https:\/\/facebook.com\/HookahShop.lt\/\" target=\"_blank\" rel=\"noopener noreferrer\">Facebooki konto<\/a>\u00a0ja vastame teie taotlusele samal p\u00e4eval.<\/div>\n<\/div>","protected":false},"excerpt":{"rendered":"<p>Vesipiibu s\u00fcteplaat JOOKAH Big See on v\u00e4ike kaitsev\u00f5rega kuumutusplaat naturaalsete kookosp\u00e4hkli s\u00fcte kuumutamiseks. S\u00f6ed asetsevad restil ohutult ja kaitsevad k\u00fctteelementi. See tagab s\u00f6es\u00fc\u00fctaja eluea. Spetsifikatsioon: Mahutavus: kuni 10 vesipiibu s\u00fctt (26x26x26mm) V\u00f5imsus: 1000W Toitejuhe: 1 m Temperatuur: reguleeritav Ohutus: \u00dclekuumenemiskaitse, CE-testitud S\u00f6ek\u00fctte [\u2026]<\/p>","protected":false},"featured_media":40720,"comment_status":"open","ping_status":"closed","template":"","meta":[],"_links":{"self":[{"href":"https:\/\/hookahshop.lt\/et\/wp-json\/wp\/v2\/product\/40719"}],"collection":[{"href":"https:\/\/hookahshop.lt\/et\/wp-json\/wp\/v2\/product"}],"about":[{"href":"https:\/\/hookahshop.lt\/et\/wp-json\/wp\/v2\/types\/product"}],"replies":[{"embeddable":true,"href":"https:\/\/hookahshop.lt\/et\/wp-json\/wp\/v2\/comments?post=40719"}],"version-history":[{"count":4,"href":"https:\/\/hookahshop.lt\/et\/wp-json\/wp\/v2\/product\/40719\/revisions"}],"predecessor-version":[{"id":42144,"href":"https:\/\/hookahshop.lt\/et\/wp-json\/wp\/v2\/product\/40719\/revisions\/42144"}],"wp:featuredmedia":[{"embeddable":true,"href":"https:\/\/hookahshop.lt\/et\/wp-json\/wp\/v2\/media\/40720"}],"wp:attachment":[{"href":"https:\/\/hookahshop.lt\/et\/wp-json\/wp\/v2\/media?parent=40719"}],"curies":[{"name":"wp","href":"https:\/\/api.w.org\/{rel}","templated":true}]}}