{"id":40729,"date":"2025-01-04T12:47:04","date_gmt":"2025-01-04T10:47:04","guid":{"rendered":"https:\/\/hookahshop.lt\/?post_type=product&#038;p=40729"},"modified":"2026-04-16T10:21:42","modified_gmt":"2026-04-16T07:21:42","slug":"taurele-kaljanui-kong-godzilla-light","status":"publish","type":"product","link":"https:\/\/hookahshop.lt\/et\/toode\/vesipiibu-klaas-kong-godzilla-valgus\/","title":{"rendered":"Vesipiibu kauss KONG Godzilla Light"},"content":{"rendered":"<h2>Vesipiibu kauss KONG Godzilla Light<\/h2>\n<p>Tass helendab pimedas. Tassil on eksklusiivne disain Kong Godzilla kujutisega. Seal on k\u00f5igi koletiste kuningas. Tassi ninast ja suust tuleb suitsetamisel suitsu, j\u00e4ttes mulje, et KONG Godzilla laseb lahti ereda leegi! V\u00f5tke KONG Godzilla tass oma kollektsiooni, eksklusiivne tass r\u00f5\u00f5mustab teid iga kord, kui suitsetate. Tassit\u00e4is tubakat mahutab umbes 17-20g.<\/p>\n<p><strong>Spetsifikatsioonid:<\/strong><br \/>\nK\u00f5rgus: 11,3 cm<br \/>\nL\u00e4bim\u00f5\u00f5t (v\u00e4limine): 7,6 cm<br \/>\nL\u00e4bim\u00f5\u00f5t (sisemine): 6,3 cm<br \/>\nS\u00fcgavus: 1,6 cm<br \/>\nAva l\u00e4bim\u00f5\u00f5t: 8 cm<br \/>\nAukude arv: 5<br \/>\nKaal: umbes 625 g.<\/p>\n<p>Kas teil on k\u00fcsimusi? v\u00f5ta meiega \u00fchendust\u00a0<a href=\"https:\/\/hookahshop.lt\/et\/kontaktid\/\">kontaktide leht<\/a>\u00a0v\u00f5i saatke meile e-kiri aadressil\u00a0<a href=\"https:\/\/facebook.com\/HookahShop.lt\/\" target=\"_blank\" rel=\"noopener noreferrer\">Facebooki konto<\/a>\u00a0ja vastame teie taotlusele samal p\u00e4eval.<\/p>","protected":false},"excerpt":{"rendered":"<p>Vesipiibutops KONG Godzilla Light Pimedas helendav tops. Topsil on ainulaadne disain Kong Godzilla kujutisega. Ta on k\u00f5igi koletiste kuningas. Suitsetamisel tuleb topsi ninast ja suust suitsu, mis j\u00e4tab mulje, nagu laseks KONG Godzilla kohe ereda leegi v\u00e4lja! V\u00f5tke KONG Godzilla tops oma kollektsiooni, see ainulaadne tops r\u00f5\u00f5mustab teid iga kord, kui suitsetate. Tops mahutab umbes 17 \u2013 [\u2026]<\/p>","protected":false},"featured_media":40730,"comment_status":"open","ping_status":"closed","template":"","meta":[],"_links":{"self":[{"href":"https:\/\/hookahshop.lt\/et\/wp-json\/wp\/v2\/product\/40729"}],"collection":[{"href":"https:\/\/hookahshop.lt\/et\/wp-json\/wp\/v2\/product"}],"about":[{"href":"https:\/\/hookahshop.lt\/et\/wp-json\/wp\/v2\/types\/product"}],"replies":[{"embeddable":true,"href":"https:\/\/hookahshop.lt\/et\/wp-json\/wp\/v2\/comments?post=40729"}],"version-history":[{"count":2,"href":"https:\/\/hookahshop.lt\/et\/wp-json\/wp\/v2\/product\/40729\/revisions"}],"predecessor-version":[{"id":40732,"href":"https:\/\/hookahshop.lt\/et\/wp-json\/wp\/v2\/product\/40729\/revisions\/40732"}],"wp:featuredmedia":[{"embeddable":true,"href":"https:\/\/hookahshop.lt\/et\/wp-json\/wp\/v2\/media\/40730"}],"wp:attachment":[{"href":"https:\/\/hookahshop.lt\/et\/wp-json\/wp\/v2\/media?parent=40729"}],"curies":[{"name":"wp","href":"https:\/\/api.w.org\/{rel}","templated":true}]}}