{"id":40743,"date":"2025-01-04T16:54:29","date_gmt":"2025-01-04T14:54:29","guid":{"rendered":"https:\/\/hookahshop.lt\/?post_type=product&#038;p=40743"},"modified":"2026-04-18T23:29:31","modified_gmt":"2026-04-18T20:29:31","slug":"kaljanas-alpha-hookah-x-fakes-black-matte","status":"publish","type":"product","link":"https:\/\/hookahshop.lt\/et\/toode\/vesipiip-alfa-vesipiip-x-volts-must-matt\/","title":{"rendered":"Vesipiip ALPHA HOOKAH X v\u00f5ltsitud must matt"},"content":{"rendered":"<h2>Vesipiip ALPHA HOOKAH X v\u00f5ltsitud must matt<\/h2>\n<p>Vesipiibu elemendid on v\u00e4rvitud vastupidava pulberv\u00e4rviga ja s\u00e4ilitavad oma pildi pikka aega. T\u00e4nu anodeerimisprotsessile vesipiip ei oks\u00fcdeeru, mis pikendab ka selle funktsionaalsust. Disainerite poolt disainitud ja kvaliteetsetest materjalidest valmistatud sellel on suurep\u00e4rased suitsetamisomadused. Stiilne vesipiip saab sisekujunduseks ja suurep\u00e4raseks kingituseks.<\/p>\n<p><strong>Omadused:<\/strong><br \/>\nKaal: umbes 1320 g<br \/>\nK\u00f5rgus: 42 cm<br \/>\nV\u00f5ll: roostevaba teras<br \/>\nV\u00e4limus: anodeeritud alumiinium<br \/>\nAlusmaterjal: plastik<br \/>\nHajuti: eemaldatav keermega<br \/>\nSuuosa: anodeeritud alumiiniumiga kaetud roostevaba teras<br \/>\nVoolik: pehme puudutus<br \/>\nVooliku pistik: magnetiline<\/p>\n<p><strong>Varustus:<\/strong><br \/>\nV\u00f5ll, plaat, voolik koos huulikuga, tihendid.<\/p>\n<p><img decoding=\"async\" loading=\"lazy\" class=\"alignnone size-medium wp-image-38521\" src=\"https:\/\/hookahshop.lt\/wp-content\/uploads\/2020\/09\/stiebas-zarna-kandiklis-1-300x273.jpg\" alt=\"- hookahshop.lt\" width=\"300\" height=\"273\" srcset=\"https:\/\/hookahshop.lt\/wp-content\/uploads\/2020\/09\/stiebas-zarna-kandiklis-1-300x273.jpg 300w, https:\/\/hookahshop.lt\/wp-content\/uploads\/2020\/09\/stiebas-zarna-kandiklis-1-13x12.jpg 13w, https:\/\/hookahshop.lt\/wp-content\/uploads\/2020\/09\/stiebas-zarna-kandiklis-1-64x58.jpg 64w, https:\/\/hookahshop.lt\/wp-content\/uploads\/2020\/09\/stiebas-zarna-kandiklis-1.jpg 420w\" sizes=\"(max-width: 300px) 100vw, 300px\" title=\"\"><\/p>\n<p>Kas teil on k\u00fcsimusi? v\u00f5ta meiega \u00fchendust<a href=\"https:\/\/hookahshop.lt\/et\/kontaktid\/\"> kontaktide leht<\/a> v\u00f5i saatke meile e-kiri aadressil<a href=\"https:\/\/facebook.com\/HookahShop.lt\/\" target=\"_blank\" rel=\"noopener\"> Facebooki konto<\/a> ja vastame teie taotlusele samal p\u00e4eval.<\/p>","protected":false},"excerpt":{"rendered":"<p>Vesipiibu ALPHA HOOKAH X Fakes Black Matte vesipiibu elemendid on v\u00e4rvitud vastupidava pulberv\u00e4rviga ja s\u00e4ilitavad oma v\u00e4limuse pikka aega. T\u00e4nu anodeerimisprotsessile vesipiip ei oks\u00fcdeeru, mis pikendab ka selle funktsionaalsust. Disainerite loodud, kvaliteetsetest materjalidest valmistatud vesipiibul on suurep\u00e4rased suitsetamisomadused. Stiilne vesipiip on nii sisekujunduse kaunistus kui ka suurep\u00e4rane kingitus. Omadused: Kaal: umbes 1320 g K\u00f5rgus: 42 cm Vars: [\u2026]<\/p>","protected":false},"featured_media":40746,"comment_status":"open","ping_status":"closed","template":"","meta":[],"_links":{"self":[{"href":"https:\/\/hookahshop.lt\/et\/wp-json\/wp\/v2\/product\/40743"}],"collection":[{"href":"https:\/\/hookahshop.lt\/et\/wp-json\/wp\/v2\/product"}],"about":[{"href":"https:\/\/hookahshop.lt\/et\/wp-json\/wp\/v2\/types\/product"}],"replies":[{"embeddable":true,"href":"https:\/\/hookahshop.lt\/et\/wp-json\/wp\/v2\/comments?post=40743"}],"version-history":[{"count":4,"href":"https:\/\/hookahshop.lt\/et\/wp-json\/wp\/v2\/product\/40743\/revisions"}],"predecessor-version":[{"id":43061,"href":"https:\/\/hookahshop.lt\/et\/wp-json\/wp\/v2\/product\/40743\/revisions\/43061"}],"wp:featuredmedia":[{"embeddable":true,"href":"https:\/\/hookahshop.lt\/et\/wp-json\/wp\/v2\/media\/40746"}],"wp:attachment":[{"href":"https:\/\/hookahshop.lt\/et\/wp-json\/wp\/v2\/media?parent=40743"}],"curies":[{"name":"wp","href":"https:\/\/api.w.org\/{rel}","templated":true}]}}