{"id":40751,"date":"2025-01-04T17:36:22","date_gmt":"2025-01-04T15:36:22","guid":{"rendered":"https:\/\/hookahshop.lt\/?post_type=product&#038;p=40751"},"modified":"2026-04-06T23:29:39","modified_gmt":"2026-04-06T20:29:39","slug":"taurele-kaljanui-alpha-hookah-turkish-rock","status":"publish","type":"product","link":"https:\/\/hookahshop.lt\/et\/toode\/tass-vesipiip-alfa-vesipiip-turgi-rock\/","title":{"rendered":"Vesipiibu tass ALPHA HOOKAH Turkish Rock"},"content":{"rendered":"<h2>Vesipiibu tass ALPHA HOOKAH Turkish Rock<\/h2>\n<p>Tuntud vesipiipude ja vesipiibutarvikute tootja ALPHA HOOKAH-l on uued k\u00e4sitsi valmistatud universaalsete kunstiliste tekstuuridega tassid. T\u00e4nu oma suurele tihedusele ja kaalule jaotab see vesipiibu seansi ajal soojust v\u00e4ga \u00fchtlaselt. Tass sobib igat t\u00fc\u00fcpi tubakale.<br \/>\nTubaka mahutavus: 18-25g. (olenevalt kasutatavast pakendamisviisist ja tubaka t\u00fc\u00fcbist).<\/p>\n<p><strong>Spetsifikatsioon:<\/strong><br \/>\nK\u00f5rgus: 6,5 cm<br \/>\nLaius: 7,5 cm<br \/>\nMaht: 18-25 g<br \/>\nAva l\u00e4bim\u00f5\u00f5t: 8 cm<br \/>\nAukude arv: 5<br \/>\nKaal: ~ 450g<\/p>\n<p><strong>Omadused:<\/strong><br \/>\nVorm: t\u00fcrgi<br \/>\nMaterjal: savi, portselan<\/p>\n<p>Kas teil on k\u00fcsimusi? v\u00f5ta meiega \u00fchendust<a href=\"https:\/\/hookahshop.lt\/et\/kontaktid\/\">\u00a0kontaktide leht<\/a>\u00a0v\u00f5i saatke meile e-kiri aadressil<a href=\"https:\/\/facebook.com\/HookahShop.lt\/\" target=\"_blank\" rel=\"noopener\">\u00a0Facebooki konto<\/a>\u00a0ja vastame teie taotlusele samal p\u00e4eval.<\/p>","protected":false},"excerpt":{"rendered":"<p>Vesipiibu tops ALPHA HOOKAH Turkish Rock Uued k\u00e4sitsi valmistatud topsid universaalse kunstilise tekstuuriga tuntud vesipiipude ja vesipiibu lisatarvikute tootjalt ALPHA HOOKAH. T\u00e4nu suurele tihedusele ja kaalule jaotab see vesipiibusessiooni ajal soojust v\u00e4ga \u00fchtlaselt. Tops sobib igat t\u00fc\u00fcpi tubakale. Tubaka maht: 18-25g. (s\u00f5ltuvalt kasutatavast pakendamismeetodist ja tubaka t\u00fc\u00fcbist). Spetsifikatsioon: K\u00f5rgus: 6,5 cm Laius: [\u2026]<\/p>","protected":false},"featured_media":40758,"comment_status":"open","ping_status":"closed","template":"","meta":[],"_links":{"self":[{"href":"https:\/\/hookahshop.lt\/et\/wp-json\/wp\/v2\/product\/40751"}],"collection":[{"href":"https:\/\/hookahshop.lt\/et\/wp-json\/wp\/v2\/product"}],"about":[{"href":"https:\/\/hookahshop.lt\/et\/wp-json\/wp\/v2\/types\/product"}],"replies":[{"embeddable":true,"href":"https:\/\/hookahshop.lt\/et\/wp-json\/wp\/v2\/comments?post=40751"}],"version-history":[{"count":5,"href":"https:\/\/hookahshop.lt\/et\/wp-json\/wp\/v2\/product\/40751\/revisions"}],"predecessor-version":[{"id":45255,"href":"https:\/\/hookahshop.lt\/et\/wp-json\/wp\/v2\/product\/40751\/revisions\/45255"}],"wp:featuredmedia":[{"embeddable":true,"href":"https:\/\/hookahshop.lt\/et\/wp-json\/wp\/v2\/media\/40758"}],"wp:attachment":[{"href":"https:\/\/hookahshop.lt\/et\/wp-json\/wp\/v2\/media?parent=40751"}],"curies":[{"name":"wp","href":"https:\/\/api.w.org\/{rel}","templated":true}]}}