{"id":40808,"date":"2025-01-11T10:52:23","date_gmt":"2025-01-11T08:52:23","guid":{"rendered":"https:\/\/hookahshop.lt\/?post_type=product&#038;p=40808"},"modified":"2026-04-18T23:29:31","modified_gmt":"2026-04-18T20:29:31","slug":"kaljano-priedu-ir-valymo-rinkinys","status":"publish","type":"product","link":"https:\/\/hookahshop.lt\/et\/toode\/vesipiibu-tarvikud-ja-puhastuskomplekt\/","title":{"rendered":"Vesipiibu tarvikud ja puhastuskomplekt"},"content":{"rendered":"<h2>Vesipiibu tarvikud ja puhastuskomplekt<\/h2>\n<p>M\u00f5eldud mitte ainult reisidele kaasa v\u00f5tmiseks, vaid ka mugavaks kodus hoidmiseks. Komplektis on tarvikud, mis on vajalikud vesipiibu ettevalmistamiseks ja hooldamiseks.<\/p>\n<p><strong>Varustus:<\/strong><\/p>\n<ul>\n<li>L\u00fchike pintsel vesipiibu varre jaoks: 16x2cm<\/li>\n<li>Vesipiibuhari: 44x4cm<\/li>\n<li>S\u00f6etangid: 18x2m<\/li>\n<li>Pikk hari vesipiibu vooliku jaoks: 70\u00d74,5 cm<\/li>\n<li>Korpus: 12x8x33cm<\/li>\n<\/ul>\n<p>Kas teil on k\u00fcsimusi? v\u00f5ta meiega \u00fchendust\u00a0<a href=\"https:\/\/hookahshop.lt\/et\/kontaktid\/\">kontaktide leht<\/a>\u00a0v\u00f5i saatke meile e-kiri aadressil\u00a0<a href=\"https:\/\/facebook.com\/HookahShop.lt\/\" target=\"_blank\" rel=\"noopener\">Facebooki konto<\/a> ja vastame teie taotlusele samal p\u00e4eval.<\/p>","protected":false},"excerpt":{"rendered":"<p>Vesipiibu tarvikud ja puhastuskomplekt M\u00f5eldud mitte ainult reisimiseks, vaid ka mugavaks kodus hoidmiseks. Komplekt sisaldab tarvikuid, mis on vajalikud vesipiibu ettevalmistamiseks ja hooldamiseks. Paki sisu: L\u00fchike hari vesipiibu varre jaoks: 16x2cm Hari vesipiibu termose jaoks: 44x4cm S\u00f6etangid: 18x2m Pikk hari vesipiibu vooliku jaoks: 70\u00d74,5cm Karp: 12x8x33cm Kas teil on k\u00fcsimusi? V\u00f5tke meiega \u00fchendust kontaktide lehel v\u00f5i kirjutage meile Facebookis [\u2026]<\/p>","protected":false},"featured_media":40809,"comment_status":"open","ping_status":"closed","template":"","meta":[],"_links":{"self":[{"href":"https:\/\/hookahshop.lt\/et\/wp-json\/wp\/v2\/product\/40808"}],"collection":[{"href":"https:\/\/hookahshop.lt\/et\/wp-json\/wp\/v2\/product"}],"about":[{"href":"https:\/\/hookahshop.lt\/et\/wp-json\/wp\/v2\/types\/product"}],"replies":[{"embeddable":true,"href":"https:\/\/hookahshop.lt\/et\/wp-json\/wp\/v2\/comments?post=40808"}],"version-history":[{"count":4,"href":"https:\/\/hookahshop.lt\/et\/wp-json\/wp\/v2\/product\/40808\/revisions"}],"predecessor-version":[{"id":45753,"href":"https:\/\/hookahshop.lt\/et\/wp-json\/wp\/v2\/product\/40808\/revisions\/45753"}],"wp:featuredmedia":[{"embeddable":true,"href":"https:\/\/hookahshop.lt\/et\/wp-json\/wp\/v2\/media\/40809"}],"wp:attachment":[{"href":"https:\/\/hookahshop.lt\/et\/wp-json\/wp\/v2\/media?parent=40808"}],"curies":[{"name":"wp","href":"https:\/\/api.w.org\/{rel}","templated":true}]}}