{"id":40935,"date":"2025-02-01T13:45:37","date_gmt":"2025-02-01T11:45:37","guid":{"rendered":"https:\/\/hookahshop.lt\/?post_type=product&#038;p=40935"},"modified":"2026-04-06T23:29:39","modified_gmt":"2026-04-06T20:29:39","slug":"kaljanas-aladin-alux-m5-gold","status":"publish","type":"product","link":"https:\/\/hookahshop.lt\/et\/toode\/vesipiibu-aladin-alux-m5-gold\/","title":{"rendered":"Vesipiip ALADIN Alux M5 Gold"},"content":{"rendered":"<h2>Vesipiip ALADIN Alux M5 Gold<\/h2>\n<p>T\u00e4nu oma kompaktsele suurusele (valitud) on see ideaalne reisikaaslane neile, kes soovivad liikvel olles kvaliteetset toodet.<\/p>\n<p><strong>Spetsifikatsioon: <\/strong><sub><br \/>\n<\/sub>Materjal (v\u00e4line): anodeeritud alumiinium<sub><br \/>\n<\/sub>Materjal (sisemine): roostevaba teras (varda p\u00f5hi puutub kokku veega)<br \/>\nK\u00f5rgus: 47 cm<br \/>\nV\u00e4rvus: kuldne<br \/>\nKolb: keermega, mis \u00fchendab kolbi ja vesipiibu varre 360 kraadise p\u00f6\u00f6rdega.<\/p>\n<p><strong>Komplekt sisaldab:<\/strong><br \/>\n- Vesipiip,<br \/>\n- keermestatud kolb,<br \/>\n- tangid,<br \/>\n- Silikoonvoolik (pehme puudutus) d\u00fc\u00fcsidega<br \/>\n- tass<br \/>\n- Korsten<br \/>\n- Reguleeritav hajuti.<\/p>\n<p><img decoding=\"async\" loading=\"lazy\" class=\"alignnone size-medium wp-image-38491 webpexpress-processed\" title=\"Vesipiip ALADIN Alux Admiral Silver 1\" src=\"https:\/\/hookahshop.lt\/wp-content\/uploads\/2021\/02\/aladinu-komplektacija-300x273.jpg\" alt=\"Aladdini komplekt - hookahshop.lt\" width=\"300\" height=\"273\" srcset=\"https:\/\/hookahshop.lt\/wp-content\/uploads\/2021\/02\/aladinu-komplektacija-300x273.jpg 300w, https:\/\/hookahshop.lt\/wp-content\/uploads\/2021\/02\/aladinu-komplektacija-13x12.jpg 13w, https:\/\/hookahshop.lt\/wp-content\/uploads\/2021\/02\/aladinu-komplektacija-64x58.jpg 64w, https:\/\/hookahshop.lt\/wp-content\/uploads\/2021\/02\/aladinu-komplektacija.jpg 420w\" sizes=\"(max-width: 300px) 100vw, 300px\" \/><\/p>\n<p>Kas teil on k\u00fcsimusi? v\u00f5ta meiega \u00fchendust\u00a0<a href=\"https:\/\/hookahshop.lt\/et\/kontaktid\/\">kontaktide leht<\/a>\u00a0v\u00f5i saatke meile e-kiri aadressil\u00a0<a href=\"https:\/\/facebook.com\/HookahShop.lt\/\" target=\"_blank\" rel=\"noopener\">Facebooki konto<\/a>\u00a0ja vastame teie taotlusele samal p\u00e4eval.<\/p>","protected":false},"excerpt":{"rendered":"<p>Vesipiip ALADIN Alux M5 Gold T\u00e4nu oma kompaktsele suurusele (valitud) on see ideaalne reisikaaslane neile, kes soovivad kvaliteetset toodet kaasas kanda. Spetsifikatsioon: Materjal (v\u00e4limine): anodeeritud alumiinium Materjal (sisemine): roostevaba teras (varre alumine osa, mis puutub kokku veega) K\u00f5rgus: 47 cm V\u00e4rvus: kuldne Kolb: keermega, mis \u00fchendab kolbi ja vesipiibu varre 360-kraadise p\u00f6\u00f6rdega. Komplekt sisaldab: \u2013 [\u2026]<\/p>","protected":false},"featured_media":40981,"comment_status":"open","ping_status":"closed","template":"","meta":[],"_links":{"self":[{"href":"https:\/\/hookahshop.lt\/et\/wp-json\/wp\/v2\/product\/40935"}],"collection":[{"href":"https:\/\/hookahshop.lt\/et\/wp-json\/wp\/v2\/product"}],"about":[{"href":"https:\/\/hookahshop.lt\/et\/wp-json\/wp\/v2\/types\/product"}],"replies":[{"embeddable":true,"href":"https:\/\/hookahshop.lt\/et\/wp-json\/wp\/v2\/comments?post=40935"}],"version-history":[{"count":6,"href":"https:\/\/hookahshop.lt\/et\/wp-json\/wp\/v2\/product\/40935\/revisions"}],"predecessor-version":[{"id":45514,"href":"https:\/\/hookahshop.lt\/et\/wp-json\/wp\/v2\/product\/40935\/revisions\/45514"}],"wp:featuredmedia":[{"embeddable":true,"href":"https:\/\/hookahshop.lt\/et\/wp-json\/wp\/v2\/media\/40981"}],"wp:attachment":[{"href":"https:\/\/hookahshop.lt\/et\/wp-json\/wp\/v2\/media?parent=40935"}],"curies":[{"name":"wp","href":"https:\/\/api.w.org\/{rel}","templated":true}]}}