{"id":40951,"date":"2025-02-01T14:17:47","date_gmt":"2025-02-01T12:17:47","guid":{"rendered":"https:\/\/hookahshop.lt\/?post_type=product&#038;p=40951"},"modified":"2026-04-09T12:29:25","modified_gmt":"2026-04-09T09:29:25","slug":"anglys-kaljanui-27er-original-27mm-1kg","status":"publish","type":"product","link":"https:\/\/hookahshop.lt\/et\/toode\/vesipiip-susi-27er-originaal-27mm-1kg\/","title":{"rendered":"S\u00fcsi vesipiibu jaoks 27er Original 27mm 1kg"},"content":{"rendered":"<h2>S\u00fcsi vesipiibu jaoks 27er Original 27mm 1kg<\/h2>\n<p>Sellel naturaalsel kookoss\u00f6el pole peaaegu mingit p\u00f5lemisl\u00f5hna ja see ei j\u00e4ta j\u00e4relmaitset. S\u00fcsi on t\u00e4iesti naturaalne ja ei sisalda musta pulbrit ega muid kunstlikke lisandeid. See kivis\u00fcsi ei j\u00e4ta palju tuhka, nii et vesipiipu on lihtsam puhastada.<\/p>\n<p>S\u00f6e suurus: 27x27x27mm<\/p>\n<p>Pakend: 54tk<br \/>\nPakendi kaal: 1kg<br \/>\nP\u00e4ritoluriik: Indoneesia<br \/>\nTootja: Venookah<\/p>\n<p>S\u00f6e p\u00f5letamiseks vajate vesipiibu, turistide gaasipliidi vms jaoks elektrilist pliiti.<\/p>\n<p>Kas teil on k\u00fcsimusi? v\u00f5ta meiega \u00fchendust\u00a0<a href=\"https:\/\/hookahshop.lt\/et\/kontaktid\/\">kontaktide leht<\/a>\u00a0v\u00f5i saatke meile e-kiri aadressil\u00a0<a href=\"https:\/\/facebook.com\/HookahShop.lt\/\" target=\"_blank\" rel=\"noopener\">Facebooki konto<\/a>\u00a0ja vastame teie taotlusele samal p\u00e4eval.<\/p>","protected":false},"excerpt":{"rendered":"<p>Vesipiibu s\u00fcsi 27er Original 27mm 1kg See naturaalne kookosp\u00e4hkli s\u00fcsi peaaegu ei l\u00f5hna p\u00f5lemise ajal ega j\u00e4ta j\u00e4relmaitset. S\u00fcsi on t\u00e4iesti naturaalne ja ilma musta pulbri v\u00f5i muude kunstlike lisanditeta. See s\u00fcsi ei j\u00e4ta palju tuhka, seega on vesipiipu lihtsam puhastada. S\u00fcsi suurus: 27x27x27mm Pakend: 54 tk Paki kaal: 1kg P\u00e4ritoluriik: Indoneesia Tootja: Venookah S\u00fc\u00fctes\u00fcsi [\u2026]<\/p>","protected":false},"featured_media":41004,"comment_status":"open","ping_status":"closed","template":"","meta":[],"_links":{"self":[{"href":"https:\/\/hookahshop.lt\/et\/wp-json\/wp\/v2\/product\/40951"}],"collection":[{"href":"https:\/\/hookahshop.lt\/et\/wp-json\/wp\/v2\/product"}],"about":[{"href":"https:\/\/hookahshop.lt\/et\/wp-json\/wp\/v2\/types\/product"}],"replies":[{"embeddable":true,"href":"https:\/\/hookahshop.lt\/et\/wp-json\/wp\/v2\/comments?post=40951"}],"version-history":[{"count":4,"href":"https:\/\/hookahshop.lt\/et\/wp-json\/wp\/v2\/product\/40951\/revisions"}],"predecessor-version":[{"id":41075,"href":"https:\/\/hookahshop.lt\/et\/wp-json\/wp\/v2\/product\/40951\/revisions\/41075"}],"wp:featuredmedia":[{"embeddable":true,"href":"https:\/\/hookahshop.lt\/et\/wp-json\/wp\/v2\/media\/41004"}],"wp:attachment":[{"href":"https:\/\/hookahshop.lt\/et\/wp-json\/wp\/v2\/media?parent=40951"}],"curies":[{"name":"wp","href":"https:\/\/api.w.org\/{rel}","templated":true}]}}