{"id":40959,"date":"2025-02-01T14:26:31","date_gmt":"2025-02-01T12:26:31","guid":{"rendered":"https:\/\/hookahshop.lt\/?post_type=product&#038;p=40959"},"modified":"2026-04-06T23:29:39","modified_gmt":"2026-04-06T20:29:39","slug":"anglys-kaljanui-blackcoco-27mm-1kg","status":"publish","type":"product","link":"https:\/\/hookahshop.lt\/et\/toode\/vesipiip-susi-mustkooko-27mm-1kg\/","title":{"rendered":"S\u00fcsi vesipiibu jaoks BLACKCOCO 27mm 1kg"},"content":{"rendered":"<h2>S\u00fcsi vesipiibu jaoks BLACKCOCO 27mm 1kg<\/h2>\n<p>Sellel naturaalsel kookoss\u00f6el pole peaaegu mingit p\u00f5lemisl\u00f5hna ja see ei j\u00e4ta j\u00e4relmaitset. J\u00e4ttes tootmisest ja j\u00e4relt\u00f6\u00f6tlusest v\u00e4lja k\u00f5ik kemikaalid, v\u00f5ite oodata k\u00f5rgeima kvaliteediga looduslikku toodet.<\/p>\n<p>S\u00f6e suurus: 27x27x27mm<\/p>\n<p>Pakend: 54tk<br \/>\nPakendi kaal: 1kg<br \/>\nP\u00e4ritoluriik: Indoneesia<\/p>\n<p>S\u00f6e p\u00f5letamiseks vajate vesipiibu, turistide gaasipliidi vms jaoks elektrilist pliiti.<\/p>\n<p>Kas teil on k\u00fcsimusi? v\u00f5ta meiega \u00fchendust\u00a0<a href=\"https:\/\/hookahshop.lt\/et\/kontaktid\/\">kontaktide leht<\/a>\u00a0v\u00f5i saatke meile e-kiri aadressil\u00a0<a href=\"https:\/\/facebook.com\/HookahShop.lt\/\" target=\"_blank\" rel=\"noopener\">Facebooki konto<\/a>\u00a0ja vastame teie taotlusele samal p\u00e4eval.<\/p>","protected":false},"excerpt":{"rendered":"<p>Vesipiibu s\u00fcsi BLACKCOCO 27mm 1kg See naturaalne kookosp\u00e4hkli s\u00fcsi peaaegu ei l\u00f5hna p\u00f5lemise ajal ega j\u00e4ta j\u00e4relmaitset. Kuna tootmise ja j\u00e4relt\u00f6\u00f6tluse k\u00e4igus eemaldatakse k\u00f5ik kemikaalid, v\u00f5ite oodata k\u00f5rgeima kvaliteediga looduslikku toodet. S\u00fcsi suurus: 27x27x27mm Pakend: 54 tk Paki kaal: 1kg P\u00e4ritoluriik: Indoneesia S\u00fcsi s\u00fc\u00fctamiseks vajate elektrilist vesipiibu keeduplaati, turistigaasipliiti v\u00f5i muud sarnast. Kas teil on k\u00fcsimusi? [\u2026]<\/p>","protected":false},"featured_media":41019,"comment_status":"open","ping_status":"closed","template":"","meta":[],"_links":{"self":[{"href":"https:\/\/hookahshop.lt\/et\/wp-json\/wp\/v2\/product\/40959"}],"collection":[{"href":"https:\/\/hookahshop.lt\/et\/wp-json\/wp\/v2\/product"}],"about":[{"href":"https:\/\/hookahshop.lt\/et\/wp-json\/wp\/v2\/types\/product"}],"replies":[{"embeddable":true,"href":"https:\/\/hookahshop.lt\/et\/wp-json\/wp\/v2\/comments?post=40959"}],"version-history":[{"count":5,"href":"https:\/\/hookahshop.lt\/et\/wp-json\/wp\/v2\/product\/40959\/revisions"}],"predecessor-version":[{"id":43715,"href":"https:\/\/hookahshop.lt\/et\/wp-json\/wp\/v2\/product\/40959\/revisions\/43715"}],"wp:featuredmedia":[{"embeddable":true,"href":"https:\/\/hookahshop.lt\/et\/wp-json\/wp\/v2\/media\/41019"}],"wp:attachment":[{"href":"https:\/\/hookahshop.lt\/et\/wp-json\/wp\/v2\/media?parent=40959"}],"curies":[{"name":"wp","href":"https:\/\/api.w.org\/{rel}","templated":true}]}}