{"id":40963,"date":"2025-02-01T14:34:18","date_gmt":"2025-02-01T12:34:18","guid":{"rendered":"https:\/\/hookahshop.lt\/?post_type=product&#038;p=40963"},"modified":"2026-04-04T23:29:35","modified_gmt":"2026-04-04T20:29:35","slug":"kaitlente-kaljano-anglims-oduman","status":"publish","type":"product","link":"https:\/\/hookahshop.lt\/et\/toode\/pliidiplaat-vesipiibu-soe-odumani-jaoks\/","title":{"rendered":"ODUMAN vesipiibu s\u00f6eplaat"},"content":{"rendered":"<h2>ODUMAN vesipiibu s\u00f6eplaat<\/h2>\n<p>Selle pliidiplaadiga saate s\u00fctt kiiresti ja lihtsalt soojendada. Pliidiplaadil on tuhaalus, mis hoiab teie t\u00f6\u00f6ala puhtana. Seal on v\u00f5imsuse regulaator, mis v\u00f5imaldab reguleerida k\u00fcttere\u017eiimi. Kompaktne ja lihtne transportida.<\/p>\n<p>Kuumutab keskmiselt 40 t\u00fckki s\u00fctt 15 minutiga.<\/p>\n<p><strong>Tehnilised andmed:<\/strong><br \/>\nPliidiplaadi t\u00fc\u00fcp: elektriline<br \/>\nJuhtimist\u00fc\u00fcp: mehaaniline<br \/>\nV\u00f5imsus (W): 2150W<br \/>\nPinge: 230V<br \/>\nM\u00f5\u00f5dud 430 x 370 x 230 mm<br \/>\nMaterjal: roostevaba teras<\/p>\n<p>Kas teil on k\u00fcsimusi? v\u00f5ta meiega \u00fchendust\u00a0<a href=\"https:\/\/hookahshop.lt\/et\/kontaktid\/\">kontaktide leht<\/a>\u00a0v\u00f5i saatke meile e-kiri aadressil\u00a0<a href=\"https:\/\/facebook.com\/HookahShop.lt\/\" target=\"_blank\" rel=\"noopener\">Facebooki konto<\/a>\u00a0ja vastame teie taotlusele samal p\u00e4eval.<\/p>","protected":false},"excerpt":{"rendered":"<p>Vesipiibu s\u00fcteplaat ODUMAN Selle s\u00fcteplaadiga saate s\u00fctt kiiresti ja lihtsalt kuumutada. S\u00fcttplaadil on tuhatoos, et teie t\u00f6\u00f6koht oleks puhas. Sellel on v\u00f5imsuse regulaator, mis v\u00f5imaldab teil kuumutusre\u017eiimi reguleerida. Kompaktne ja h\u00f5lpsasti transporditav. Kuumutab keskmiselt 40 s\u00fctt 15 minutiga. Tehnilised andmed: S\u00fcttplaadi t\u00fc\u00fcp: elektriline Juhtimise t\u00fc\u00fcp: mehaaniline V\u00f5imsus (W): 2150W Pinge: 230V M\u00f5\u00f5tmed 430 [\u2026]<\/p>","protected":false},"featured_media":41032,"comment_status":"open","ping_status":"closed","template":"","meta":[],"_links":{"self":[{"href":"https:\/\/hookahshop.lt\/et\/wp-json\/wp\/v2\/product\/40963"}],"collection":[{"href":"https:\/\/hookahshop.lt\/et\/wp-json\/wp\/v2\/product"}],"about":[{"href":"https:\/\/hookahshop.lt\/et\/wp-json\/wp\/v2\/types\/product"}],"replies":[{"embeddable":true,"href":"https:\/\/hookahshop.lt\/et\/wp-json\/wp\/v2\/comments?post=40963"}],"version-history":[{"count":3,"href":"https:\/\/hookahshop.lt\/et\/wp-json\/wp\/v2\/product\/40963\/revisions"}],"predecessor-version":[{"id":41031,"href":"https:\/\/hookahshop.lt\/et\/wp-json\/wp\/v2\/product\/40963\/revisions\/41031"}],"wp:featuredmedia":[{"embeddable":true,"href":"https:\/\/hookahshop.lt\/et\/wp-json\/wp\/v2\/media\/41032"}],"wp:attachment":[{"href":"https:\/\/hookahshop.lt\/et\/wp-json\/wp\/v2\/media?parent=40963"}],"curies":[{"name":"wp","href":"https:\/\/api.w.org\/{rel}","templated":true}]}}