{"id":40966,"date":"2025-02-01T14:37:53","date_gmt":"2025-02-01T12:37:53","guid":{"rendered":"https:\/\/hookahshop.lt\/?post_type=product&#038;p=40966"},"modified":"2026-04-06T23:29:39","modified_gmt":"2026-04-06T20:29:39","slug":"kandiklis-kaljanui-aladin-wave-silver","status":"publish","type":"product","link":"https:\/\/hookahshop.lt\/et\/toode\/vesipiibu-huulik-aladiin-laine-hobe\/","title":{"rendered":"Vesipiibu huulik ALADIN Wave Silver"},"content":{"rendered":"<h2>Vesipiibu huulik ALADIN Wave Silver<\/h2>\n<p>See on \u00fches t\u00fckis integreeritud huulik, mis sobib peaaegu k\u00f5igile silikoonvoolikutele. Sobib erinevat t\u00fc\u00fcpi \u00fchekordselt kasutatavate huulike jaoks.<\/p>\n<p><strong>Spetsifikatsioon:<\/strong><sub><br \/>\n<\/sub>V\u00e4rvus: h\u00f5bedane <sub><br \/>\n<\/sub>Materjal: alumiinium<sub><br \/>\n<\/sub>Pikkus: 38 cm<\/p>\n<p>Kas teil on k\u00fcsimusi? v\u00f5ta meiega \u00fchendust\u00a0<a href=\"https:\/\/hookahshop.lt\/et\/kontaktid\/\">kontaktide leht<\/a>\u00a0v\u00f5i saatke meile e-kiri aadressil\u00a0<a href=\"https:\/\/facebook.com\/HookahShop.lt\/\" target=\"_blank\" rel=\"noopener\">Facebooki konto<\/a>\u00a0ja vastame teie taotlusele samal p\u00e4eval.<\/p>","protected":false},"excerpt":{"rendered":"<p>Vesipiibu suuotsik ALADIN Wave Silver See on \u00fches t\u00fckis, lahutamatu suuotsik, mis sobib peaaegu k\u00f5ikidele silikoonvoolikutele. Sobib erinevat t\u00fc\u00fcpi \u00fchekordselt kasutatavatele suuotsikutele. Spetsifikatsioon: V\u00e4rvus: h\u00f5bedane Materjal: alumiinium Pikkus: 38cm Kas teil on k\u00fcsimusi? V\u00f5tke meiega \u00fchendust kontaktide lehel v\u00f5i kirjutage meile Facebookis ja me vastame teie p\u00e4ringule samal p\u00e4eval.<\/p>","protected":false},"featured_media":41035,"comment_status":"open","ping_status":"closed","template":"","meta":[],"_links":{"self":[{"href":"https:\/\/hookahshop.lt\/et\/wp-json\/wp\/v2\/product\/40966"}],"collection":[{"href":"https:\/\/hookahshop.lt\/et\/wp-json\/wp\/v2\/product"}],"about":[{"href":"https:\/\/hookahshop.lt\/et\/wp-json\/wp\/v2\/types\/product"}],"replies":[{"embeddable":true,"href":"https:\/\/hookahshop.lt\/et\/wp-json\/wp\/v2\/comments?post=40966"}],"version-history":[{"count":5,"href":"https:\/\/hookahshop.lt\/et\/wp-json\/wp\/v2\/product\/40966\/revisions"}],"predecessor-version":[{"id":45437,"href":"https:\/\/hookahshop.lt\/et\/wp-json\/wp\/v2\/product\/40966\/revisions\/45437"}],"wp:featuredmedia":[{"embeddable":true,"href":"https:\/\/hookahshop.lt\/et\/wp-json\/wp\/v2\/media\/41035"}],"wp:attachment":[{"href":"https:\/\/hookahshop.lt\/et\/wp-json\/wp\/v2\/media?parent=40966"}],"curies":[{"name":"wp","href":"https:\/\/api.w.org\/{rel}","templated":true}]}}