{"id":40969,"date":"2025-02-01T15:02:58","date_gmt":"2025-02-01T13:02:58","guid":{"rendered":"https:\/\/hookahshop.lt\/?post_type=product&#038;p=40969"},"modified":"2026-04-06T23:29:39","modified_gmt":"2026-04-06T20:29:39","slug":"kandiklis-kaljanui-aladin-liner-black","status":"publish","type":"product","link":"https:\/\/hookahshop.lt\/et\/toode\/vesipiibu-huulik-aladiin-vooder-must\/","title":{"rendered":"Vesipiibu huulik ALADIN Liner Black"},"content":{"rendered":"<h2>Vesipiibu huulik ALADIN Liner Black<\/h2>\n<p>Suurep\u00e4rase disainiga suurep\u00e4rane universaalseade. Sobib universaalsetele silikoonvoolikutele. Sobib erinevat t\u00fc\u00fcpi \u00fchekordseks kasutamiseks m\u00f5eldud huulikutele.<\/p>\n<p><strong>Spetsifikatsioon:<\/strong><br \/>\nV\u00e4rvus must<sub><br \/>\n<\/sub>Materjal: alumiinium<br \/>\nPikkus: ~39cm<\/p>\n<p>Kas teil on k\u00fcsimusi? v\u00f5ta meiega \u00fchendust\u00a0<a href=\"https:\/\/hookahshop.lt\/et\/kontaktid\/\">kontaktide leht<\/a>\u00a0v\u00f5i saatke meile e-kiri aadressil\u00a0<a href=\"https:\/\/facebook.com\/HookahShop.lt\/\" target=\"_blank\" rel=\"noopener\">Facebooki konto<\/a>\u00a0ja vastame teie taotlusele samal p\u00e4eval.<\/p>","protected":false},"excerpt":{"rendered":"<p>Vesipiibu suuotsik ALADIN Liner Black Suurep\u00e4rane universaalne ja suurep\u00e4rase disainiga. Sobib universaalsetele silikoonvoolikutele. Sobib erinevat t\u00fc\u00fcpi \u00fchekordselt kasutatavatele suuotsikutele. Spetsifikatsioon: V\u00e4rvus: must Materjal: alumiinium Pikkus: ~39cm Kas teil on k\u00fcsimusi? V\u00f5tke meiega \u00fchendust kontaktide lehel v\u00f5i kirjutage meile Facebookis ja me vastame teie p\u00e4ringule samal p\u00e4eval.<\/p>","protected":false},"featured_media":41038,"comment_status":"open","ping_status":"closed","template":"","meta":[],"_links":{"self":[{"href":"https:\/\/hookahshop.lt\/et\/wp-json\/wp\/v2\/product\/40969"}],"collection":[{"href":"https:\/\/hookahshop.lt\/et\/wp-json\/wp\/v2\/product"}],"about":[{"href":"https:\/\/hookahshop.lt\/et\/wp-json\/wp\/v2\/types\/product"}],"replies":[{"embeddable":true,"href":"https:\/\/hookahshop.lt\/et\/wp-json\/wp\/v2\/comments?post=40969"}],"version-history":[{"count":6,"href":"https:\/\/hookahshop.lt\/et\/wp-json\/wp\/v2\/product\/40969\/revisions"}],"predecessor-version":[{"id":45431,"href":"https:\/\/hookahshop.lt\/et\/wp-json\/wp\/v2\/product\/40969\/revisions\/45431"}],"wp:featuredmedia":[{"embeddable":true,"href":"https:\/\/hookahshop.lt\/et\/wp-json\/wp\/v2\/media\/41038"}],"wp:attachment":[{"href":"https:\/\/hookahshop.lt\/et\/wp-json\/wp\/v2\/media?parent=40969"}],"curies":[{"name":"wp","href":"https:\/\/api.w.org\/{rel}","templated":true}]}}