{"id":41101,"date":"2025-02-11T16:17:00","date_gmt":"2025-02-11T14:17:00","guid":{"rendered":"https:\/\/hookahshop.lt\/?post_type=product&#038;p=41101"},"modified":"2026-04-06T23:29:39","modified_gmt":"2026-04-06T20:29:39","slug":"akriline-vandens-pypke-transparent-20cm","status":"publish","type":"product","link":"https:\/\/hookahshop.lt\/et\/toode\/akruul-veetoru-labipaistev-20cm\/","title":{"rendered":"Akr\u00fc\u00fclist veetoru L\u00e4bipaistev 20cm"},"content":{"rendered":"<h2>Akr\u00fc\u00fclist veetoru L\u00e4bipaistev 20cm<\/h2>\n<p>V\u00e4ike mugav akr\u00fc\u00fclist veetoru metalltoruga. Mugav reisil v\u00f5i kodus.<\/p>\n<p><strong>Spetsifikatsioonid:<\/strong><sub><br \/>\n<\/sub>K\u00f5rgus: 19,5 cm<sub><br \/>\n<\/sub>Varre l\u00e4bim\u00f5\u00f5t: 4 cm<sub><br \/>\n<\/sub>Materjal: akr\u00fc\u00fcl<\/p>\n<p>Kas teil on k\u00fcsimusi? v\u00f5ta meiega \u00fchendust\u00a0<a href=\"https:\/\/hookahshop.lt\/et\/kontaktid\/\">kontaktide leht<\/a>\u00a0v\u00f5i saatke meile e-kiri aadressil\u00a0<a href=\"https:\/\/facebook.com\/HookahShop.lt\/\" target=\"_blank\" rel=\"noopener\">Facebooki konto<\/a>\u00a0ja vastame teie taotlusele samal p\u00e4eval.<\/p>","protected":false},"excerpt":{"rendered":"<p>Akr\u00fc\u00fclist veepiip L\u00e4bipaistev 20cm V\u00e4ike ja mugav akr\u00fc\u00fclist veepiip metalltoruga. Mugav reisimiseks v\u00f5i koju. Spetsifikatsioonid: K\u00f5rgus: 19,5cm Varre l\u00e4bim\u00f5\u00f5t: 4cm Materjal: Akr\u00fc\u00fcl Kas teil on k\u00fcsimusi? V\u00f5tke meiega \u00fchendust kontaktide lehel v\u00f5i kirjutage meile Facebookis ja me vastame teie p\u00e4ringule samal p\u00e4eval.<\/p>","protected":false},"featured_media":41219,"comment_status":"open","ping_status":"closed","template":"","meta":[],"_links":{"self":[{"href":"https:\/\/hookahshop.lt\/et\/wp-json\/wp\/v2\/product\/41101"}],"collection":[{"href":"https:\/\/hookahshop.lt\/et\/wp-json\/wp\/v2\/product"}],"about":[{"href":"https:\/\/hookahshop.lt\/et\/wp-json\/wp\/v2\/types\/product"}],"replies":[{"embeddable":true,"href":"https:\/\/hookahshop.lt\/et\/wp-json\/wp\/v2\/comments?post=41101"}],"version-history":[{"count":4,"href":"https:\/\/hookahshop.lt\/et\/wp-json\/wp\/v2\/product\/41101\/revisions"}],"predecessor-version":[{"id":43508,"href":"https:\/\/hookahshop.lt\/et\/wp-json\/wp\/v2\/product\/41101\/revisions\/43508"}],"wp:featuredmedia":[{"embeddable":true,"href":"https:\/\/hookahshop.lt\/et\/wp-json\/wp\/v2\/media\/41219"}],"wp:attachment":[{"href":"https:\/\/hookahshop.lt\/et\/wp-json\/wp\/v2\/media?parent=41101"}],"curies":[{"name":"wp","href":"https:\/\/api.w.org\/{rel}","templated":true}]}}