{"id":41113,"date":"2025-02-11T16:27:29","date_gmt":"2025-02-11T14:27:29","guid":{"rendered":"https:\/\/hookahshop.lt\/?post_type=product&#038;p=41113"},"modified":"2026-04-14T23:29:45","modified_gmt":"2026-04-14T20:29:45","slug":"stikline-vandens-pypke-drum-percolator-20cm","status":"publish","type":"product","link":"https:\/\/hookahshop.lt\/et\/toode\/klaas-veetoru-trummel-perkolaator-20cm\/","title":{"rendered":"Klaasist veetoru Trummel Perkolaator 20cm"},"content":{"rendered":"<h2>Klaasist veetoru Trummel Perkolaator 20cm<\/h2>\n<p>Mugav perkolaatoriga klaastoru firmalt Black Leaf. \u00d5hku ja vett sisse hingates keerutate perkolaatorit j\u00f5uliselt. See jahutab suitsu ja filtreerib selle samal ajal. Perkolaatori funktsioon, suitsujahutus.<\/p>\n<p><strong>Spetsifikatsioonid:<\/strong><sub><br \/>\n<\/sub>K\u00f5rgus: 20,5 cm<br \/>\nVarre l\u00e4bim\u00f5\u00f5t: 2,2 cm<sub><br \/>\n<\/sub>Toru pikkus: 14,5 cm<br \/>\nV\u00e4rvus must<sub><br \/>\n<\/sub>Materjal: borosilikaatklaas<\/p>\n<p>Kas teil on k\u00fcsimusi? v\u00f5ta meiega \u00fchendust\u00a0<a href=\"https:\/\/hookahshop.lt\/et\/kontaktid\/\">kontaktide leht<\/a>\u00a0v\u00f5i saatke meile e-kiri aadressil\u00a0<a href=\"https:\/\/facebook.com\/HookahShop.lt\/\" target=\"_blank\" rel=\"noopener\">Facebooki konto<\/a>\u00a0ja vastame teie taotlusele samal p\u00e4eval.<\/p>","protected":false},"excerpt":{"rendered":"<p>Klaasist veepiip Drum Percolator 20cm Mugav klaasist piip firmalt Black Leaf koos perkolaatoriga. \u00d5hu ja vee sissehingamisel p\u00f6\u00f6rleb perkolaator tugevalt. See jahutab suitsu ja filtreerib seda samal ajal. Perkolaatori funktsioon, suitsu jahutamine. Spetsifikatsioonid: K\u00f5rgus: 20,5cm Varre l\u00e4bim\u00f5\u00f5t: 2,2cm Toru pikkus: 14,5cm V\u00e4rvus: Must Materjal: Borosilikaatklaas Kas teil on k\u00fcsimusi? V\u00f5tke meiega \u00fchendust kontaktide lehel v\u00f5i kirjutage meile [\u2026]<\/p>","protected":false},"featured_media":41226,"comment_status":"open","ping_status":"closed","template":"","meta":[],"_links":{"self":[{"href":"https:\/\/hookahshop.lt\/et\/wp-json\/wp\/v2\/product\/41113"}],"collection":[{"href":"https:\/\/hookahshop.lt\/et\/wp-json\/wp\/v2\/product"}],"about":[{"href":"https:\/\/hookahshop.lt\/et\/wp-json\/wp\/v2\/types\/product"}],"replies":[{"embeddable":true,"href":"https:\/\/hookahshop.lt\/et\/wp-json\/wp\/v2\/comments?post=41113"}],"version-history":[{"count":3,"href":"https:\/\/hookahshop.lt\/et\/wp-json\/wp\/v2\/product\/41113\/revisions"}],"predecessor-version":[{"id":41819,"href":"https:\/\/hookahshop.lt\/et\/wp-json\/wp\/v2\/product\/41113\/revisions\/41819"}],"wp:featuredmedia":[{"embeddable":true,"href":"https:\/\/hookahshop.lt\/et\/wp-json\/wp\/v2\/media\/41226"}],"wp:attachment":[{"href":"https:\/\/hookahshop.lt\/et\/wp-json\/wp\/v2\/media?parent=41113"}],"curies":[{"name":"wp","href":"https:\/\/api.w.org\/{rel}","templated":true}]}}