{"id":41116,"date":"2025-02-11T16:30:42","date_gmt":"2025-02-11T14:30:42","guid":{"rendered":"https:\/\/hookahshop.lt\/?post_type=product&#038;p=41116"},"modified":"2026-04-06T23:29:39","modified_gmt":"2026-04-06T20:29:39","slug":"stikline-vandens-pypke-bubbler-17cm","status":"publish","type":"product","link":"https:\/\/hookahshop.lt\/et\/toode\/klaas-veetoru-mullitaja-17cm\/","title":{"rendered":"Klaasist veetoru Bubbler 17cm"},"content":{"rendered":"<h2>Klaasist veetoru Bubbler 17cm<\/h2>\n<p>Mugav perkolaatoriga klaastoru firmalt Black Leaf. \u00d5hku ja vett sisse hingates keerutate perkolaatorit j\u00f5uliselt. See jahutab suitsu ja filtreerib selle samal ajal. Perkolaatori funktsioon, suitsujahutus.<\/p>\n<p><strong>Spetsifikatsioonid:<\/strong><sub><br \/>\n<\/sub>K\u00f5rgus: 17 cm<br \/>\nVarre l\u00e4bim\u00f5\u00f5t: 1,9 cm<sub><br \/>\n<\/sub>Toru pikkus: 14,5 cm<br \/>\nV\u00e4rvus must<sub><br \/>\n<\/sub>Materjal: borosilikaatklaas<\/p>\n<p>Kas teil on k\u00fcsimusi? v\u00f5ta meiega \u00fchendust\u00a0<a href=\"https:\/\/hookahshop.lt\/et\/kontaktid\/\">kontaktide leht<\/a>\u00a0v\u00f5i saatke meile e-kiri aadressil\u00a0<a href=\"https:\/\/facebook.com\/HookahShop.lt\/\" target=\"_blank\" rel=\"noopener\">Facebooki konto<\/a>\u00a0ja vastame teie taotlusele samal p\u00e4eval.<\/p>","protected":false},"excerpt":{"rendered":"<p>Klaasist veepiip Bubbler 17cm Mugav klaasist piip firmalt Black Leaf perkolaatoriga. \u00d5hu ja vee sissehingamisel p\u00f6\u00f6rleb perkolaator tugevalt. See jahutab suitsu ja filtreerib seda samal ajal. Perkolaatori funktsioon, suitsu jahutamine. Spetsifikatsioonid: K\u00f5rgus: 17cm Varre l\u00e4bim\u00f5\u00f5t: 1,9cm Toru pikkus: 14,5cm V\u00e4rvus: Must Materjal: Borosilikaatklaas Kas teil on k\u00fcsimusi? V\u00f5tke meiega \u00fchendust kontaktide lehel v\u00f5i kirjutage meile Facebookis [\u2026]<\/p>","protected":false},"featured_media":41229,"comment_status":"open","ping_status":"closed","template":"","meta":[],"_links":{"self":[{"href":"https:\/\/hookahshop.lt\/et\/wp-json\/wp\/v2\/product\/41116"}],"collection":[{"href":"https:\/\/hookahshop.lt\/et\/wp-json\/wp\/v2\/product"}],"about":[{"href":"https:\/\/hookahshop.lt\/et\/wp-json\/wp\/v2\/types\/product"}],"replies":[{"embeddable":true,"href":"https:\/\/hookahshop.lt\/et\/wp-json\/wp\/v2\/comments?post=41116"}],"version-history":[{"count":3,"href":"https:\/\/hookahshop.lt\/et\/wp-json\/wp\/v2\/product\/41116\/revisions"}],"predecessor-version":[{"id":44223,"href":"https:\/\/hookahshop.lt\/et\/wp-json\/wp\/v2\/product\/41116\/revisions\/44223"}],"wp:featuredmedia":[{"embeddable":true,"href":"https:\/\/hookahshop.lt\/et\/wp-json\/wp\/v2\/media\/41229"}],"wp:attachment":[{"href":"https:\/\/hookahshop.lt\/et\/wp-json\/wp\/v2\/media?parent=41116"}],"curies":[{"name":"wp","href":"https:\/\/api.w.org\/{rel}","templated":true}]}}