{"id":41119,"date":"2025-02-11T16:33:19","date_gmt":"2025-02-11T14:33:19","guid":{"rendered":"https:\/\/hookahshop.lt\/?post_type=product&#038;p=41119"},"modified":"2026-04-20T23:29:41","modified_gmt":"2026-04-20T20:29:41","slug":"stikline-vandens-pypke-ice-hemp-leaves-41cm","status":"publish","type":"product","link":"https:\/\/hookahshop.lt\/et\/toode\/klaas-veetoru-jaa-kanepi-lehed-41cm\/","title":{"rendered":"Klaasist veetoru J\u00e4\u00e4kanepilehed 41cm"},"content":{"rendered":"<h2>Klaasist veetoru J\u00e4\u00e4kanepilehed 41cm<\/h2>\n<p>Mugav borosilikaatklaasist klaaspiip. K\u00f5rge, suurema mahuga. Stabiilne alus.<\/p>\n<p><strong>Spetsifikatsioonid:<\/strong><sub><br \/>\n<\/sub>K\u00f5rgus: 40 cm<br \/>\nVarre l\u00e4bim\u00f5\u00f5t: 4 cm<sub><br \/>\n<\/sub>Toru pikkus: 18,8\/14,5cm<br \/>\nV\u00e4rv: l\u00e4bipaistev<sub><br \/>\n<\/sub>Materjal: borosilikaatklaas<\/p>\n<p>Kas teil on k\u00fcsimusi? v\u00f5ta meiega \u00fchendust\u00a0<a href=\"https:\/\/hookahshop.lt\/et\/kontaktid\/\">kontaktide leht<\/a>\u00a0v\u00f5i saatke meile e-kiri aadressil\u00a0<a href=\"https:\/\/facebook.com\/HookahShop.lt\/\" target=\"_blank\" rel=\"noopener\">Facebooki konto<\/a>\u00a0ja vastame teie taotlusele samal p\u00e4eval.<\/p>","protected":false},"excerpt":{"rendered":"<p>Stiklin\u0117 vandens pypk\u0117 Ice Hemp Leaves 41cm Patogi stiklo pypk\u0117, pagaminta i\u0161 borosilikatinio stiklo. Auk\u0161ta, didesnio t\u016brio. Stabilus stovas. Specifikacijos: Auk\u0161tis: 40cm Stiebo skersmuo: 4cm Vamzdelio ilgis: 18,8\/14,5cm Spalva: Skaidri Med\u017eiaga: Borosilikatinis stiklas Turite klausim\u0173? Susisiekite su mumis\u00a0kontakt\u0173 puslapyje\u00a0arba para\u0161ykite mums \u012f\u00a0Facebook paskyr\u0105\u00a0ir atsakysime \u012f j\u016bs\u0173 u\u017eklaus\u0105 dar t\u0105 pa\u010di\u0105 dien\u0105.<\/p>","protected":false},"featured_media":41231,"comment_status":"open","ping_status":"closed","template":"","meta":[],"_links":{"self":[{"href":"https:\/\/hookahshop.lt\/et\/wp-json\/wp\/v2\/product\/41119"}],"collection":[{"href":"https:\/\/hookahshop.lt\/et\/wp-json\/wp\/v2\/product"}],"about":[{"href":"https:\/\/hookahshop.lt\/et\/wp-json\/wp\/v2\/types\/product"}],"replies":[{"embeddable":true,"href":"https:\/\/hookahshop.lt\/et\/wp-json\/wp\/v2\/comments?post=41119"}],"version-history":[{"count":6,"href":"https:\/\/hookahshop.lt\/et\/wp-json\/wp\/v2\/product\/41119\/revisions"}],"predecessor-version":[{"id":44658,"href":"https:\/\/hookahshop.lt\/et\/wp-json\/wp\/v2\/product\/41119\/revisions\/44658"}],"wp:featuredmedia":[{"embeddable":true,"href":"https:\/\/hookahshop.lt\/et\/wp-json\/wp\/v2\/media\/41231"}],"wp:attachment":[{"href":"https:\/\/hookahshop.lt\/et\/wp-json\/wp\/v2\/media?parent=41119"}],"curies":[{"name":"wp","href":"https:\/\/api.w.org\/{rel}","templated":true}]}}