{"id":41122,"date":"2025-02-11T16:41:16","date_gmt":"2025-02-11T14:41:16","guid":{"rendered":"https:\/\/hookahshop.lt\/?post_type=product&#038;p=41122"},"modified":"2026-04-19T23:30:23","modified_gmt":"2026-04-19T20:30:23","slug":"stikline-vandens-pypke-haze-invaders-25cm","status":"publish","type":"product","link":"https:\/\/hookahshop.lt\/et\/toode\/klaas-veetoru-udu-sissetungijad-25cm\/","title":{"rendered":"Klaasist veetoru Haze Invaders 25cm"},"content":{"rendered":"<h2>Klaasist veetoru Haze Invaders 25cm<\/h2>\n<p>Mugav difuusoriga klaastoru tekitab palju veepeeriseid ja \u00f5humulle, mis meeldivalt jahutavad ja filtreerivad suitsu.<\/p>\n<p><strong>Spetsifikatsioonid:<\/strong><sub><br \/>\n<\/sub>K\u00f5rgus: 25 cm<br \/>\nVarre l\u00e4bim\u00f5\u00f5t: 25 cm<sub><br \/>\n<\/sub>Toru pikkus: 18,8\/14,5cm<br \/>\nV\u00e4rv: l\u00e4bipaistev<sub><br \/>\n<\/sub>Materjal: borosilikaatklaas<\/p>\n<p>Kas teil on k\u00fcsimusi? v\u00f5ta meiega \u00fchendust\u00a0<a href=\"https:\/\/hookahshop.lt\/et\/kontaktid\/\">kontaktide leht<\/a>\u00a0v\u00f5i saatke meile e-kiri aadressil\u00a0<a href=\"https:\/\/facebook.com\/HookahShop.lt\/\" target=\"_blank\" rel=\"noopener\">Facebooki konto<\/a>\u00a0ja vastame teie taotlusele samal p\u00e4eval.<\/p>","protected":false},"excerpt":{"rendered":"<p>Klaasist veepiip Haze Invaders 25cm Mugav hajutiga klaasist piip tekitab palju veekeerisi ja \u00f5humulle, mis meeldivalt jahutavad ja filtreerivad suitsu. Spetsifikatsioonid: K\u00f5rgus: 25cm Varre l\u00e4bim\u00f5\u00f5t: 25cm Toru pikkus: 18,8\/14,5cm V\u00e4rvus: L\u00e4bipaistev Materjal: Borosilikaatklaas Kas teil on k\u00fcsimusi? V\u00f5tke meiega \u00fchendust kontaktide lehel v\u00f5i kirjutage meile Facebookis ja me vastame teie k\u00fcsimusele samal ajal [\u2026]<\/p>","protected":false},"featured_media":41234,"comment_status":"open","ping_status":"closed","template":"","meta":[],"_links":{"self":[{"href":"https:\/\/hookahshop.lt\/et\/wp-json\/wp\/v2\/product\/41122"}],"collection":[{"href":"https:\/\/hookahshop.lt\/et\/wp-json\/wp\/v2\/product"}],"about":[{"href":"https:\/\/hookahshop.lt\/et\/wp-json\/wp\/v2\/types\/product"}],"replies":[{"embeddable":true,"href":"https:\/\/hookahshop.lt\/et\/wp-json\/wp\/v2\/comments?post=41122"}],"version-history":[{"count":4,"href":"https:\/\/hookahshop.lt\/et\/wp-json\/wp\/v2\/product\/41122\/revisions"}],"predecessor-version":[{"id":45196,"href":"https:\/\/hookahshop.lt\/et\/wp-json\/wp\/v2\/product\/41122\/revisions\/45196"}],"wp:featuredmedia":[{"embeddable":true,"href":"https:\/\/hookahshop.lt\/et\/wp-json\/wp\/v2\/media\/41234"}],"wp:attachment":[{"href":"https:\/\/hookahshop.lt\/et\/wp-json\/wp\/v2\/media?parent=41122"}],"curies":[{"name":"wp","href":"https:\/\/api.w.org\/{rel}","templated":true}]}}